{"id":21847,"date":"2014-05-15T07:24:19","date_gmt":"2014-05-15T07:24:19","guid":{"rendered":"http:\/\/wpeesti.ee\/veebitestid\/bornitbaltic\/kontakt\/"},"modified":"2022-04-28T07:53:35","modified_gmt":"2022-04-28T05:53:35","slug":"yhteystiedot","status":"publish","type":"page","link":"https:\/\/bornitbaltic.ee\/fi\/yhteystiedot\/","title":{"rendered":"Yhteystiedot"},"content":{"rendered":"<p>[vc_row full_width=&#8221;stretch_row_content_no_spaces&#8221; css=&#8221;.vc_custom_1483443883674{margin-top: -33px !important;}&#8221;][vc_column css=&#8221;.vc_custom_1483443792760{margin-bottom: 50px !important;}&#8221;][vc_raw_html]JTNDaWZyYW1lJTIwc3JjJTNEJTIyaHR0cHMlM0ElMkYlMkZ3d3cuZ29vZ2xlLmNvbSUyRm1hcHMlMkZlbWJlZCUzRnBiJTNEJTIxMW0xOCUyMTFtMTIlMjExbTMlMjExZDIwMjkuNDA3NTIwODkzODM0JTIxMmQyNC44NDU4NDY5MTUxMTY2MjQlMjEzZDU5LjQyNjI3NzYxMDI4ODcxJTIxMm0zJTIxMWYwJTIxMmYwJTIxM2YwJTIxM20yJTIxMWkxMDI0JTIxMmk3NjglMjE0ZjEzLjElMjEzbTMlMjExbTIlMjExczB4NDY5MmVjOTllOWYxMWQzNSUyNTNBMHgxMDQzNWYxNTM2NDdiMTliJTIxMnNMQU9QSU5ELkVFJTIxNWUwJTIxM20yJTIxMXNlbiUyMTJzZWUlMjE0djE1MjA4NDYzNjcxNTclMjIlMjBoZWlnaHQlM0QlMjI0MDAlMjIlMjBmcmFtZWJvcmRlciUzRCUyMjAlMjIlMjBzdHlsZSUzRCUyMmJvcmRlciUzQTAlM0IlMjB3aWR0aCUzQSUyMDEwMCUyNSUyMCUyMWltcG9ydGFudCUzQiUyMiUyMGFsbG93ZnVsbHNjcmVlbiUzRSUzQyUyRmlmcmFtZSUzRQ==[\/vc_raw_html][\/vc_column][\/vc_row][vc_row][vc_column width=&#8221;1\/2&#8243;][vc_text_separator title=&#8221;OTTAA YHTEYTT\u00c4&#8221; title_align=&#8221;separator_align_left&#8221; color=&#8221;black&#8221; css=&#8221;.vc_custom_1489500481522{margin-bottom: 15px !important;}&#8221;][vc_column_text]        <div id=\"contactsMsgs\"><\/div>\n        <form action=\"https:\/\/bornitbaltic.ee\/fi\/yhteystiedot\/\" method=\"get\" id=\"contact-form\" class=\"contact-form \">\n            \n            <div class=\"form-group\">\n              <p class=\"form-name\">\n                <label for=\"name\" class=\"control-label\">Etu- ja sukunimi <span class=\"required\">*<\/span><\/label>\n                <input type=\"text\" name=\"contact-name\" class=\"required-field form-control\" id=\"contact-name\">\n              <\/p>\n            <\/div>\n\n            <div class=\"form-group\">\n                <p class=\"form-name\">\n                  <label for=\"contact-email\" class=\"control-label\">S\u00e4hkoposti <span class=\"required\">*<\/span><\/label>\n                  <input type=\"text\" name=\"contact-email\" class=\"required-field form-control\" id=\"contact-email\">\n                <\/p>\n            <\/div>\n            \n            <div class=\"form-group\">\n              <p class=\"form-name\">\n                <label for=\"contact-website\" class=\"control-label\">Verkkosivu<\/label>\n                <input type=\"text\" name=\"contact-website\" class=\"form-control\" id=\"contact-website\">\n              <\/p>\n            <\/div>\n            \n\n            <div class=\"form-group\">\n              <p class=\"form-textarea\">\n                <label for=\"contact_msg\" class=\"control-label\">Viesti <span class=\"required\">*<\/span><\/label>\n                <textarea name=\"contact-msg\" id=\"contact-msg\" class=\"required-field form-control\" cols=\"30\" rows=\"7\"><\/textarea>\n              <\/p>\n            <\/div>\n            \n            <div class=\"captcha-block\">\n              <img decoding=\"async\" src=\"https:\/\/bornitbaltic.ee\/wp-content\/themes\/royal\/framework\/inc\/really-simple-captcha\/tmp\/67073826.png\">\n              <input type=\"text\" name=\"captcha-word\" class=\"captcha-input\">\n              <input type=\"hidden\" name=\"captcha-prefix\" value=\"67073826\">\n            <\/div>\n            \n            <p class=\"pull-right\">\n              <input type=\"hidden\" name=\"contact-submit\" id=\"contact-submit\" value=\"true\" >\n              <span class=\"spinner\">Sending...<\/span>\n              <button class=\"btn btn-black big\" id=\"submit\" type=\"submit\">L\u00e4het\u00e4 viesti<\/button>\n            <\/p>\n\n            <div class=\"clearfix\"><\/div>\n        <\/form>\n    [\/vc_column_text][\/vc_column][vc_column width=&#8221;1\/2&#8243;][vc_column_text css=&#8221;.vc_custom_1483623277692{margin-bottom: 15px !important;}&#8221;]<\/p>\n<h3>Bornit Baltic O\u00dc<\/h3>\n<p>[\/vc_column_text][vc_column_text]<strong><b>Bornit Baltic O\u00dc on BORNIT kauppamerkki edustaja Baltiassa ja Suomessa.<\/b><\/strong><\/p>\n<p>Yhti\u00f6n ydinliiketoimintaan kuuluu eri bitumin materiaalien projektimyynti: tienrakentajille, rakentajille, kiinteist\u00f6jen omistajille.<\/p>\n<p>Teemme my\u00f6s asennust\u00f6it\u00e4, jossa k\u00e4ytet\u00e4\u00e4n laadukkaita BORNIT materiaaleja.<\/p>\n<p><strong>Varasto<\/strong>: <span class=\"_3oh- _58nk\">Laopind O\u00dc, Betooni 6\/1, Tallinn, Viro<\/span><\/p>\n<p><span class=\"_3oh- _58nk\"><strong>P\u00e4\u00e4konttori<\/strong>: <\/span><span class=\"_3oh- _58nk\">Saku tn. 15, 11314 Tallinn, Viro<br \/>\n<\/span>[\/vc_column_text][vc_row_inner][vc_column_inner width=&#8221;1\/2&#8243;]<div class=\"team-member member-type-1 \"><div class=\"member-image\"><img decoding=\"async\" src=\"https:\/\/bornitbaltic.ee\/wp-content\/uploads\/2022\/04\/logo_bornit_rot_signet_2019-100x100.jpg\" \/><\/div><div class=\"clear\"><\/div><div class=\"member-details\"><h4>Marek Tomingas<\/h4><h5 class=\"member-position\">Myynti \/ Asennus<\/h5><ul class=\"menu-social-icons\"><li><a href=\"http:\/\/www.facebook.com\/bornitbaltic\/\"><i class=\"ico-facebook\"><\/i><svg width=\"38\" height=\"38\" xmlns=\"http:\/\/www.w3.org\/2000\/svg\" class=\"circle\"><circle cx=\"19\" cy=\"19\" r=\"18\" fill=\"#fff\" stroke=\"#000000\"><\/circle><\/svg><\/a><\/li><\/ul>Email: <a href=\"mailto:marek@bornitbaltic.ee\">marek@bornitbaltic.ee<\/a><\/p>\n<p>Puhelin: +372 526 5087<\/div><\/div>[\/vc_column_inner][vc_column_inner width=&#8221;1\/2&#8243;]<div class=\"team-member member-type-1 \"><div class=\"member-image\"><img decoding=\"async\" src=\"https:\/\/bornitbaltic.ee\/wp-content\/uploads\/2022\/04\/logo_bornit_rot_signet_2019-100x100.jpg\" \/><\/div><div class=\"clear\"><\/div><div class=\"member-details\"><h4>Marek V\u00e4rs<\/h4><h5 class=\"member-position\">Myynti \/ Asennus<\/h5><ul class=\"menu-social-icons\"><li><a href=\"http:\/\/www.facebook.com\/bornitbaltic\/\"><i class=\"ico-facebook\"><\/i><svg width=\"38\" height=\"38\" xmlns=\"http:\/\/www.w3.org\/2000\/svg\" class=\"circle\"><circle cx=\"19\" cy=\"19\" r=\"18\" fill=\"#fff\" stroke=\"#000000\"><\/circle><\/svg><\/a><\/li><\/ul>Email: <a href=\"mailto:marek.vars@bornitbaltic.ee\">marek.vars@bornitbaltic.ee<\/a><\/p>\n<p><span id=\"result_box\" class=\"short_text\" lang=\"fi\">Puhelin<\/span>: +372 53 938 868<\/div><\/div>[\/vc_column_inner][\/vc_row_inner][\/vc_column][\/vc_row]<\/p>\n","protected":false},"excerpt":{"rendered":"<p>[vc_row full_width=&#8221;stretch_row_content_no_spaces&#8221; css=&#8221;.vc_custom_1483443883674{margin-top: -33px !important;}&#8221;][vc_column css=&#8221;.vc_custom_1483443792760{margin-bottom: 50px !important;}&#8221;][vc_raw_html]JTNDaWZyYW1lJTIwc3JjJTNEJTIyaHR0cHMlM0ElMkYlMkZ3d3cuZ29vZ2xlLmNvbSUyRm1hcHMlMkZlbWJlZCUzRnBiJTNEJTIxMW0xOCUyMTFtMTIlMjExbTMlMjExZDIwMjkuNDA3NTIwODkzODM0JTIxMmQyNC44NDU4NDY5MTUxMTY2MjQlMjEzZDU5LjQyNjI3NzYxMDI4ODcxJTIxMm0zJTIxMWYwJTIxMmYwJTIxM2YwJTIxM20yJTIxMWkxMDI0JTIxMmk3NjglMjE0ZjEzLjElMjEzbTMlMjExbTIlMjExczB4NDY5MmVjOTllOWYxMWQzNSUyNTNBMHgxMDQzNWYxNTM2NDdiMTliJTIxMnNMQU9QSU5ELkVFJTIxNWUwJTIxM20yJTIxMXNlbiUyMTJzZWUlMjE0djE1MjA4NDYzNjcxNTclMjIlMjBoZWlnaHQlM0QlMjI0MDAlMjIlMjBmcmFtZWJvcmRlciUzRCUyMjAlMjIlMjBzdHlsZSUzRCUyMmJvcmRlciUzQTAlM0IlMjB3aWR0aCUzQSUyMDEwMCUyNSUyMCUyMWltcG9ydGFudCUzQiUyMiUyMGFsbG93ZnVsbHNjcmVlbiUzRSUzQyUyRmlmcmFtZSUzRQ==[\/vc_raw_html][\/vc_column][\/vc_row][vc_row][vc_column width=&#8221;1\/2&#8243;][vc_text_separator title=&#8221;OTTAA YHTEYTT\u00c4&#8221; title_align=&#8221;separator_align_left&#8221; color=&#8221;black&#8221; css=&#8221;.vc_custom_1489500481522{margin-bottom: 15px !important;}&#8221;][vc_column_text][\/vc_column_text][\/vc_column][vc_column width=&#8221;1\/2&#8243;][vc_column_text css=&#8221;.vc_custom_1483623277692{margin-bottom: 15px !important;}&#8221;] Bornit Baltic O\u00dc [\/vc_column_text][vc_column_text]Bornit Baltic&#8230;<\/p>\n","protected":false},"author":2,"featured_media":0,"parent":0,"menu_order":0,"comment_status":"closed","ping_status":"closed","template":"","meta":{"_acf_changed":false,"footnotes":""},"class_list":["post-21847","page","type-page","status-publish","hentry"],"acf":[],"yoast_head":"<!-- This site is optimized with the Yoast SEO plugin v26.1.1 - https:\/\/yoast.com\/wordpress\/plugins\/seo\/ -->\n<title>Yhteystiedot &#8211; BornitBaltic<\/title>\n<meta name=\"robots\" content=\"index, follow, max-snippet:-1, max-image-preview:large, max-video-preview:-1\" \/>\n<link rel=\"canonical\" href=\"https:\/\/bornitbaltic.ee\/fi\/yhteystiedot\/\" \/>\n<meta property=\"og:locale\" content=\"fi_FI\" \/>\n<meta property=\"og:type\" content=\"article\" \/>\n<meta property=\"og:title\" content=\"Yhteystiedot &#8211; BornitBaltic\" \/>\n<meta property=\"og:description\" content=\"[vc_row full_width=&#8221;stretch_row_content_no_spaces&#8221; css=&#8221;.vc_custom_1483443883674{margin-top: -33px !important;}&#8221;][vc_column css=&#8221;.vc_custom_1483443792760{margin-bottom: 50px !important;}&#8221;][vc_raw_html]JTNDaWZyYW1lJTIwc3JjJTNEJTIyaHR0cHMlM0ElMkYlMkZ3d3cuZ29vZ2xlLmNvbSUyRm1hcHMlMkZlbWJlZCUzRnBiJTNEJTIxMW0xOCUyMTFtMTIlMjExbTMlMjExZDIwMjkuNDA3NTIwODkzODM0JTIxMmQyNC44NDU4NDY5MTUxMTY2MjQlMjEzZDU5LjQyNjI3NzYxMDI4ODcxJTIxMm0zJTIxMWYwJTIxMmYwJTIxM2YwJTIxM20yJTIxMWkxMDI0JTIxMmk3NjglMjE0ZjEzLjElMjEzbTMlMjExbTIlMjExczB4NDY5MmVjOTllOWYxMWQzNSUyNTNBMHgxMDQzNWYxNTM2NDdiMTliJTIxMnNMQU9QSU5ELkVFJTIxNWUwJTIxM20yJTIxMXNlbiUyMTJzZWUlMjE0djE1MjA4NDYzNjcxNTclMjIlMjBoZWlnaHQlM0QlMjI0MDAlMjIlMjBmcmFtZWJvcmRlciUzRCUyMjAlMjIlMjBzdHlsZSUzRCUyMmJvcmRlciUzQTAlM0IlMjB3aWR0aCUzQSUyMDEwMCUyNSUyMCUyMWltcG9ydGFudCUzQiUyMiUyMGFsbG93ZnVsbHNjcmVlbiUzRSUzQyUyRmlmcmFtZSUzRQ==[\/vc_raw_html][\/vc_column][\/vc_row][vc_row][vc_column width=&#8221;1\/2&#8243;][vc_text_separator title=&#8221;OTTAA YHTEYTT\u00c4&#8221; title_align=&#8221;separator_align_left&#8221; color=&#8221;black&#8221; css=&#8221;.vc_custom_1489500481522{margin-bottom: 15px !important;}&#8221;][vc_column_text][\/vc_column_text][\/vc_column][vc_column width=&#8221;1\/2&#8243;][vc_column_text css=&#8221;.vc_custom_1483623277692{margin-bottom: 15px !important;}&#8221;] Bornit Baltic O\u00dc [\/vc_column_text][vc_column_text]Bornit Baltic...\" \/>\n<meta property=\"og:url\" content=\"https:\/\/bornitbaltic.ee\/fi\/yhteystiedot\/\" \/>\n<meta property=\"og:site_name\" content=\"BornitBaltic\" \/>\n<meta property=\"article:publisher\" content=\"http:\/\/www.facebook.com\/bornitbaltic\/\" \/>\n<meta property=\"article:modified_time\" content=\"2022-04-28T05:53:35+00:00\" \/>\n<meta name=\"twitter:card\" content=\"summary_large_image\" \/>\n<meta name=\"twitter:label1\" content=\"Arvioitu lukuaika\" \/>\n\t<meta name=\"twitter:data1\" content=\"1 minuutti\" \/>\n<script type=\"application\/ld+json\" class=\"yoast-schema-graph\">{\"@context\":\"https:\/\/schema.org\",\"@graph\":[{\"@type\":\"WebPage\",\"@id\":\"https:\/\/bornitbaltic.ee\/fi\/yhteystiedot\/\",\"url\":\"https:\/\/bornitbaltic.ee\/fi\/yhteystiedot\/\",\"name\":\"Yhteystiedot &#8211; BornitBaltic\",\"isPartOf\":{\"@id\":\"https:\/\/bornitbaltic.ee\/#website\"},\"datePublished\":\"2014-05-15T07:24:19+00:00\",\"dateModified\":\"2022-04-28T05:53:35+00:00\",\"breadcrumb\":{\"@id\":\"https:\/\/bornitbaltic.ee\/fi\/yhteystiedot\/#breadcrumb\"},\"inLanguage\":\"fi\",\"potentialAction\":[{\"@type\":\"ReadAction\",\"target\":[\"https:\/\/bornitbaltic.ee\/fi\/yhteystiedot\/\"]}]},{\"@type\":\"BreadcrumbList\",\"@id\":\"https:\/\/bornitbaltic.ee\/fi\/yhteystiedot\/#breadcrumb\",\"itemListElement\":[{\"@type\":\"ListItem\",\"position\":1,\"name\":\"Home\",\"item\":\"https:\/\/bornitbaltic.ee\/fi\/\"},{\"@type\":\"ListItem\",\"position\":2,\"name\":\"Yhteystiedot\"}]},{\"@type\":\"WebSite\",\"@id\":\"https:\/\/bornitbaltic.ee\/#website\",\"url\":\"https:\/\/bornitbaltic.ee\/\",\"name\":\"BornitBaltic\",\"description\":\"BORNIT\u00ae ainuesindaja Baltikumis ja Soomes\",\"potentialAction\":[{\"@type\":\"SearchAction\",\"target\":{\"@type\":\"EntryPoint\",\"urlTemplate\":\"https:\/\/bornitbaltic.ee\/?s={search_term_string}\"},\"query-input\":{\"@type\":\"PropertyValueSpecification\",\"valueRequired\":true,\"valueName\":\"search_term_string\"}}],\"inLanguage\":\"fi\"}]}<\/script>\n<!-- \/ Yoast SEO plugin. -->","yoast_head_json":{"title":"Yhteystiedot &#8211; BornitBaltic","robots":{"index":"index","follow":"follow","max-snippet":"max-snippet:-1","max-image-preview":"max-image-preview:large","max-video-preview":"max-video-preview:-1"},"canonical":"https:\/\/bornitbaltic.ee\/fi\/yhteystiedot\/","og_locale":"fi_FI","og_type":"article","og_title":"Yhteystiedot &#8211; BornitBaltic","og_description":"[vc_row full_width=&#8221;stretch_row_content_no_spaces&#8221; css=&#8221;.vc_custom_1483443883674{margin-top: -33px !important;}&#8221;][vc_column css=&#8221;.vc_custom_1483443792760{margin-bottom: 50px !important;}&#8221;][vc_raw_html]JTNDaWZyYW1lJTIwc3JjJTNEJTIyaHR0cHMlM0ElMkYlMkZ3d3cuZ29vZ2xlLmNvbSUyRm1hcHMlMkZlbWJlZCUzRnBiJTNEJTIxMW0xOCUyMTFtMTIlMjExbTMlMjExZDIwMjkuNDA3NTIwODkzODM0JTIxMmQyNC44NDU4NDY5MTUxMTY2MjQlMjEzZDU5LjQyNjI3NzYxMDI4ODcxJTIxMm0zJTIxMWYwJTIxMmYwJTIxM2YwJTIxM20yJTIxMWkxMDI0JTIxMmk3NjglMjE0ZjEzLjElMjEzbTMlMjExbTIlMjExczB4NDY5MmVjOTllOWYxMWQzNSUyNTNBMHgxMDQzNWYxNTM2NDdiMTliJTIxMnNMQU9QSU5ELkVFJTIxNWUwJTIxM20yJTIxMXNlbiUyMTJzZWUlMjE0djE1MjA4NDYzNjcxNTclMjIlMjBoZWlnaHQlM0QlMjI0MDAlMjIlMjBmcmFtZWJvcmRlciUzRCUyMjAlMjIlMjBzdHlsZSUzRCUyMmJvcmRlciUzQTAlM0IlMjB3aWR0aCUzQSUyMDEwMCUyNSUyMCUyMWltcG9ydGFudCUzQiUyMiUyMGFsbG93ZnVsbHNjcmVlbiUzRSUzQyUyRmlmcmFtZSUzRQ==[\/vc_raw_html][\/vc_column][\/vc_row][vc_row][vc_column width=&#8221;1\/2&#8243;][vc_text_separator title=&#8221;OTTAA YHTEYTT\u00c4&#8221; title_align=&#8221;separator_align_left&#8221; color=&#8221;black&#8221; css=&#8221;.vc_custom_1489500481522{margin-bottom: 15px !important;}&#8221;][vc_column_text][\/vc_column_text][\/vc_column][vc_column width=&#8221;1\/2&#8243;][vc_column_text css=&#8221;.vc_custom_1483623277692{margin-bottom: 15px !important;}&#8221;] Bornit Baltic O\u00dc [\/vc_column_text][vc_column_text]Bornit Baltic...","og_url":"https:\/\/bornitbaltic.ee\/fi\/yhteystiedot\/","og_site_name":"BornitBaltic","article_publisher":"http:\/\/www.facebook.com\/bornitbaltic\/","article_modified_time":"2022-04-28T05:53:35+00:00","twitter_card":"summary_large_image","twitter_misc":{"Arvioitu lukuaika":"1 minuutti"},"schema":{"@context":"https:\/\/schema.org","@graph":[{"@type":"WebPage","@id":"https:\/\/bornitbaltic.ee\/fi\/yhteystiedot\/","url":"https:\/\/bornitbaltic.ee\/fi\/yhteystiedot\/","name":"Yhteystiedot &#8211; BornitBaltic","isPartOf":{"@id":"https:\/\/bornitbaltic.ee\/#website"},"datePublished":"2014-05-15T07:24:19+00:00","dateModified":"2022-04-28T05:53:35+00:00","breadcrumb":{"@id":"https:\/\/bornitbaltic.ee\/fi\/yhteystiedot\/#breadcrumb"},"inLanguage":"fi","potentialAction":[{"@type":"ReadAction","target":["https:\/\/bornitbaltic.ee\/fi\/yhteystiedot\/"]}]},{"@type":"BreadcrumbList","@id":"https:\/\/bornitbaltic.ee\/fi\/yhteystiedot\/#breadcrumb","itemListElement":[{"@type":"ListItem","position":1,"name":"Home","item":"https:\/\/bornitbaltic.ee\/fi\/"},{"@type":"ListItem","position":2,"name":"Yhteystiedot"}]},{"@type":"WebSite","@id":"https:\/\/bornitbaltic.ee\/#website","url":"https:\/\/bornitbaltic.ee\/","name":"BornitBaltic","description":"BORNIT\u00ae ainuesindaja Baltikumis ja Soomes","potentialAction":[{"@type":"SearchAction","target":{"@type":"EntryPoint","urlTemplate":"https:\/\/bornitbaltic.ee\/?s={search_term_string}"},"query-input":{"@type":"PropertyValueSpecification","valueRequired":true,"valueName":"search_term_string"}}],"inLanguage":"fi"}]}},"_links":{"self":[{"href":"https:\/\/bornitbaltic.ee\/fi\/wp-json\/wp\/v2\/pages\/21847","targetHints":{"allow":["GET"]}}],"collection":[{"href":"https:\/\/bornitbaltic.ee\/fi\/wp-json\/wp\/v2\/pages"}],"about":[{"href":"https:\/\/bornitbaltic.ee\/fi\/wp-json\/wp\/v2\/types\/page"}],"author":[{"embeddable":true,"href":"https:\/\/bornitbaltic.ee\/fi\/wp-json\/wp\/v2\/users\/2"}],"replies":[{"embeddable":true,"href":"https:\/\/bornitbaltic.ee\/fi\/wp-json\/wp\/v2\/comments?post=21847"}],"version-history":[{"count":13,"href":"https:\/\/bornitbaltic.ee\/fi\/wp-json\/wp\/v2\/pages\/21847\/revisions"}],"predecessor-version":[{"id":24850,"href":"https:\/\/bornitbaltic.ee\/fi\/wp-json\/wp\/v2\/pages\/21847\/revisions\/24850"}],"wp:attachment":[{"href":"https:\/\/bornitbaltic.ee\/fi\/wp-json\/wp\/v2\/media?parent=21847"}],"curies":[{"name":"wp","href":"https:\/\/api.w.org\/{rel}","templated":true}]}}