{"id":21865,"date":"2014-02-26T12:49:33","date_gmt":"2014-02-26T12:49:33","guid":{"rendered":"http:\/\/wpeesti.ee\/veebitestid\/bornitbaltic\/etusivu\/"},"modified":"2022-04-28T07:54:25","modified_gmt":"2022-04-28T05:54:25","slug":"etusivu","status":"publish","type":"page","link":"https:\/\/bornitbaltic.ee\/fi\/","title":{"rendered":"Etusivu"},"content":{"rendered":"<p>[vc_row css=&#8221;.vc_custom_1463735902380{margin-top: -30px !important;}&#8221;][vc_column][rev_slider_vc alias=&#8221;bornitbaltic-home-fin&#8221;][\/vc_column][\/vc_row][vc_row][vc_column]<h3 class=\"title\"><span>Kategoriat<\/span><\/h3><div class=\"categoriesCarousel owl-carousel carousel-area slider-2330\"><div class=\"slide-item product-category product first\">\n\t<a aria-label=\"Visit product category Perustuksen tiivistys\" href=\"https:\/\/bornitbaltic.ee\/fi\/tootekategooria\/perustuksen-tiivistys\/\">\n\t<a href=\"https:\/\/bornitbaltic.ee\/fi\/tootekategooria\/perustuksen-tiivistys\/\">\n\n\t\t<img decoding=\"async\" src=\"https:\/\/bornitbaltic.ee\/wp-content\/uploads\/2016\/12\/vundamendi_hydroisolatsioon.png\" alt=\"Perustuksen tiivistys\" width=\"450\" height=\"\" srcset=\"https:\/\/bornitbaltic.ee\/wp-content\/uploads\/2016\/12\/vundamendi_hydroisolatsioon.png 136w, https:\/\/bornitbaltic.ee\/wp-content\/uploads\/2016\/12\/vundamendi_hydroisolatsioon-100x100.png 100w\" sizes=\"(max-width: 136px) 100vw, 136px\" \/>\t\t<div class=\"categories-mask\">\n\t\t\t<span>Kategoria<\/span>\n\t\t\t<h4>Perustuksen tiivistys<\/h4>\n\t\t\t\t\t\t<span class=\"more\">Lue lis\u00e4\u00e4<\/span>\n\t\t<\/div>\n\n\n\t<\/a>\n\n\t<\/a>\n<\/div><div class=\"slide-item product-category product\">\n\t<a aria-label=\"Visit product category Tienrakennustuotteet\" href=\"https:\/\/bornitbaltic.ee\/fi\/tootekategooria\/tienrakennustuotteet\/\">\n\t<a href=\"https:\/\/bornitbaltic.ee\/fi\/tootekategooria\/tienrakennustuotteet\/\">\n\n\t\t<img decoding=\"async\" src=\"https:\/\/bornitbaltic.ee\/wp-content\/uploads\/2016\/12\/Teedeehitustooted.png\" alt=\"Tienrakennustuotteet\" width=\"450\" height=\"\" srcset=\"https:\/\/bornitbaltic.ee\/wp-content\/uploads\/2016\/12\/Teedeehitustooted.png 136w, https:\/\/bornitbaltic.ee\/wp-content\/uploads\/2016\/12\/Teedeehitustooted-100x100.png 100w\" sizes=\"(max-width: 136px) 100vw, 136px\" \/>\t\t<div class=\"categories-mask\">\n\t\t\t<span>Kategoria<\/span>\n\t\t\t<h4>Tienrakennustuotteet<\/h4>\n\t\t\t\t\t\t<span class=\"more\">Lue lis\u00e4\u00e4<\/span>\n\t\t<\/div>\n\n\n\t<\/a>\n\n\t<\/a>\n<\/div><div class=\"slide-item product-category product\">\n\t<a aria-label=\"Visit product category Ty\u00f6kalut ja tarvikkeet\" href=\"https:\/\/bornitbaltic.ee\/fi\/tootekategooria\/tyoston-apuaineet\/\">\n\t<a href=\"https:\/\/bornitbaltic.ee\/fi\/tootekategooria\/tyoston-apuaineet\/\">\n\n\t\t<img decoding=\"async\" src=\"https:\/\/bornitbaltic.ee\/wp-content\/uploads\/2016\/12\/BORNIT-ja-Gryn-tooriistad.png\" alt=\"Ty\u00f6kalut ja tarvikkeet\" width=\"450\" height=\"\" srcset=\"https:\/\/bornitbaltic.ee\/wp-content\/uploads\/2016\/12\/BORNIT-ja-Gryn-tooriistad.png 136w, https:\/\/bornitbaltic.ee\/wp-content\/uploads\/2016\/12\/BORNIT-ja-Gryn-tooriistad-100x100.png 100w\" sizes=\"(max-width: 136px) 100vw, 136px\" \/>\t\t<div class=\"categories-mask\">\n\t\t\t<span>Kategoria<\/span>\n\t\t\t<h4>Ty\u00f6kalut ja tarvikkeet<\/h4>\n\t\t\t\t\t\t<span class=\"more\">Lue lis\u00e4\u00e4<\/span>\n\t\t<\/div>\n\n\n\t<\/a>\n\n\t<\/a>\n<\/div><div class=\"slide-item product-category product last\">\n\t<a aria-label=\"Visit product category Kattosaneeraus\" href=\"https:\/\/bornitbaltic.ee\/fi\/tootekategooria\/kattosaneeraus\/\">\n\t<a href=\"https:\/\/bornitbaltic.ee\/fi\/tootekategooria\/kattosaneeraus\/\">\n\n\t\t<img decoding=\"async\" src=\"https:\/\/bornitbaltic.ee\/wp-content\/uploads\/2016\/12\/Katuse-saneerimistooted.png\" alt=\"Kattosaneeraus\" width=\"450\" height=\"\" srcset=\"https:\/\/bornitbaltic.ee\/wp-content\/uploads\/2016\/12\/Katuse-saneerimistooted.png 136w, https:\/\/bornitbaltic.ee\/wp-content\/uploads\/2016\/12\/Katuse-saneerimistooted-100x100.png 100w\" sizes=\"(max-width: 136px) 100vw, 136px\" \/>\t\t<div class=\"categories-mask\">\n\t\t\t<span>Kategoria<\/span>\n\t\t\t<h4>Kattosaneeraus<\/h4>\n\t\t\t\t\t\t<span class=\"more\">Lue lis\u00e4\u00e4<\/span>\n\t\t<\/div>\n\n\n\t<\/a>\n\n\t<\/a>\n<\/div><div class=\"slide-item product-category product first\">\n\t<a aria-label=\"Visit product category Saumantiivistysaineet\" href=\"https:\/\/bornitbaltic.ee\/fi\/tootekategooria\/saumantiivistysaineet\/\">\n\t<a href=\"https:\/\/bornitbaltic.ee\/fi\/tootekategooria\/saumantiivistysaineet\/\">\n\n\t\t<img decoding=\"async\" src=\"https:\/\/bornitbaltic.ee\/wp-content\/uploads\/2016\/12\/Vuugitihendustooted.png\" alt=\"Saumantiivistysaineet\" width=\"450\" height=\"\" srcset=\"https:\/\/bornitbaltic.ee\/wp-content\/uploads\/2016\/12\/Vuugitihendustooted.png 136w, https:\/\/bornitbaltic.ee\/wp-content\/uploads\/2016\/12\/Vuugitihendustooted-100x100.png 100w\" sizes=\"(max-width: 136px) 100vw, 136px\" \/>\t\t<div class=\"categories-mask\">\n\t\t\t<span>Kategoria<\/span>\n\t\t\t<h4>Saumantiivistysaineet<\/h4>\n\t\t\t\t\t\t<span class=\"more\">Lue lis\u00e4\u00e4<\/span>\n\t\t<\/div>\n\n\n\t<\/a>\n\n\t<\/a>\n<\/div><div class=\"slide-item product-category product\">\n\t<a aria-label=\"Visit product category Erikoistuotteet\" href=\"https:\/\/bornitbaltic.ee\/fi\/tootekategooria\/erikoistuotteet\/\">\n\t<a href=\"https:\/\/bornitbaltic.ee\/fi\/tootekategooria\/erikoistuotteet\/\">\n\n\t\t<img decoding=\"async\" src=\"https:\/\/bornitbaltic.ee\/wp-content\/uploads\/2016\/12\/Eritooted.png\" alt=\"Erikoistuotteet\" width=\"450\" height=\"\" srcset=\"https:\/\/bornitbaltic.ee\/wp-content\/uploads\/2016\/12\/Eritooted.png 136w, https:\/\/bornitbaltic.ee\/wp-content\/uploads\/2016\/12\/Eritooted-100x100.png 100w\" sizes=\"(max-width: 136px) 100vw, 136px\" \/>\t\t<div class=\"categories-mask\">\n\t\t\t<span>Kategoria<\/span>\n\t\t\t<h4>Erikoistuotteet<\/h4>\n\t\t\t\t\t\t<span class=\"more\">Lue lis\u00e4\u00e4<\/span>\n\t\t<\/div>\n\n\n\t<\/a>\n\n\t<\/a>\n<\/div><\/div>\n                    <script type=\"text\/javascript\">\n                        jQuery(\".slider-2330\").owlCarousel({\n                            items:4, \n                            lazyLoad : true,\n                            navigation: true,\n                            navigationText:false,\n                            rewindNav: false,\n                            itemsCustom: [[0, 1], [479,2], [619,3], [768,3],  [1200, 4], [1600, 4]]\n                        });\n        \n                    <\/script>\n                [vc_separator type=&#8221;space&#8221; height=&#8221;33&#8243;][\/vc_column][\/vc_row][vc_row][vc_column][vc_column_text]<strong><b>Bornit Baltic O\u00dc on BORNIT kauppamerkki edustaja Baltiassa ja Suomessa.<\/b><\/strong><\/p>\n<p>Yhti\u00f6n ydinliiketoimintaan kuuluu eri bitumin materiaalien projektimyynti: tienrakentajille, rakentajille, kiinteist\u00f6jen omistajille.<\/p>\n<p>Teemme my\u00f6s asennust\u00f6it\u00e4, jossa k\u00e4ytet\u00e4\u00e4n laadukkaita BORNIT materiaaleja.[\/vc_column_text][\/vc_column][\/vc_row]<\/p>\n","protected":false},"excerpt":{"rendered":"<p>[vc_row css=&#8221;.vc_custom_1463735902380{margin-top: -30px !important;}&#8221;][vc_column][rev_slider_vc alias=&#8221;bornitbaltic-home-fin&#8221;][\/vc_column][\/vc_row][vc_row][vc_column][vc_separator type=&#8221;space&#8221; height=&#8221;33&#8243;][\/vc_column][\/vc_row][vc_row][vc_column][vc_column_text]Bornit Baltic O\u00dc on BORNIT kauppamerkki edustaja Baltiassa ja Suomessa. Yhti\u00f6n ydinliiketoimintaan kuuluu eri bitumin materiaalien projektimyynti: tienrakentajille, rakentajille,&#8230;<\/p>\n","protected":false},"author":2,"featured_media":0,"parent":0,"menu_order":0,"comment_status":"closed","ping_status":"closed","template":"","meta":{"_acf_changed":false,"footnotes":""},"class_list":["post-21865","page","type-page","status-publish","hentry"],"acf":[],"yoast_head":"<!-- This site is optimized with the Yoast SEO plugin v26.1.1 - https:\/\/yoast.com\/wordpress\/plugins\/seo\/ -->\n<title>Etusivu &#8211; BornitBaltic<\/title>\n<meta name=\"robots\" content=\"index, follow, max-snippet:-1, max-image-preview:large, max-video-preview:-1\" \/>\n<link rel=\"canonical\" href=\"https:\/\/bornitbaltic.ee\/fi\/\" \/>\n<meta property=\"og:locale\" content=\"fi_FI\" \/>\n<meta property=\"og:type\" content=\"article\" \/>\n<meta property=\"og:title\" content=\"Etusivu &#8211; BornitBaltic\" \/>\n<meta property=\"og:description\" content=\"[vc_row css=&#8221;.vc_custom_1463735902380{margin-top: -30px !important;}&#8221;][vc_column][rev_slider_vc alias=&#8221;bornitbaltic-home-fin&#8221;][\/vc_column][\/vc_row][vc_row][vc_column][vc_separator type=&#8221;space&#8221; height=&#8221;33&#8243;][\/vc_column][\/vc_row][vc_row][vc_column][vc_column_text]Bornit Baltic O\u00dc on BORNIT kauppamerkki edustaja Baltiassa ja Suomessa. Yhti\u00f6n ydinliiketoimintaan kuuluu eri bitumin materiaalien projektimyynti: tienrakentajille, rakentajille,...\" \/>\n<meta property=\"og:url\" content=\"https:\/\/bornitbaltic.ee\/fi\/\" \/>\n<meta property=\"og:site_name\" content=\"BornitBaltic\" \/>\n<meta property=\"article:publisher\" content=\"http:\/\/www.facebook.com\/bornitbaltic\/\" \/>\n<meta property=\"article:modified_time\" content=\"2022-04-28T05:54:25+00:00\" \/>\n<meta name=\"twitter:card\" content=\"summary_large_image\" \/>\n<script type=\"application\/ld+json\" class=\"yoast-schema-graph\">{\"@context\":\"https:\/\/schema.org\",\"@graph\":[{\"@type\":\"WebPage\",\"@id\":\"https:\/\/bornitbaltic.ee\/fi\/\",\"url\":\"https:\/\/bornitbaltic.ee\/fi\/\",\"name\":\"Etusivu &#8211; BornitBaltic\",\"isPartOf\":{\"@id\":\"https:\/\/bornitbaltic.ee\/#website\"},\"datePublished\":\"2014-02-26T12:49:33+00:00\",\"dateModified\":\"2022-04-28T05:54:25+00:00\",\"breadcrumb\":{\"@id\":\"https:\/\/bornitbaltic.ee\/fi\/#breadcrumb\"},\"inLanguage\":\"fi\",\"potentialAction\":[{\"@type\":\"ReadAction\",\"target\":[\"https:\/\/bornitbaltic.ee\/fi\/\"]}]},{\"@type\":\"BreadcrumbList\",\"@id\":\"https:\/\/bornitbaltic.ee\/fi\/#breadcrumb\",\"itemListElement\":[{\"@type\":\"ListItem\",\"position\":1,\"name\":\"Home\",\"item\":\"https:\/\/bornitbaltic.ee\/fi\/\"},{\"@type\":\"ListItem\",\"position\":2,\"name\":\"Etusivu\"}]},{\"@type\":\"WebSite\",\"@id\":\"https:\/\/bornitbaltic.ee\/#website\",\"url\":\"https:\/\/bornitbaltic.ee\/\",\"name\":\"BornitBaltic\",\"description\":\"BORNIT\u00ae ainuesindaja Baltikumis ja Soomes\",\"potentialAction\":[{\"@type\":\"SearchAction\",\"target\":{\"@type\":\"EntryPoint\",\"urlTemplate\":\"https:\/\/bornitbaltic.ee\/?s={search_term_string}\"},\"query-input\":{\"@type\":\"PropertyValueSpecification\",\"valueRequired\":true,\"valueName\":\"search_term_string\"}}],\"inLanguage\":\"fi\"}]}<\/script>\n<!-- \/ Yoast SEO plugin. -->","yoast_head_json":{"title":"Etusivu &#8211; BornitBaltic","robots":{"index":"index","follow":"follow","max-snippet":"max-snippet:-1","max-image-preview":"max-image-preview:large","max-video-preview":"max-video-preview:-1"},"canonical":"https:\/\/bornitbaltic.ee\/fi\/","og_locale":"fi_FI","og_type":"article","og_title":"Etusivu &#8211; BornitBaltic","og_description":"[vc_row css=&#8221;.vc_custom_1463735902380{margin-top: -30px !important;}&#8221;][vc_column][rev_slider_vc alias=&#8221;bornitbaltic-home-fin&#8221;][\/vc_column][\/vc_row][vc_row][vc_column][vc_separator type=&#8221;space&#8221; height=&#8221;33&#8243;][\/vc_column][\/vc_row][vc_row][vc_column][vc_column_text]Bornit Baltic O\u00dc on BORNIT kauppamerkki edustaja Baltiassa ja Suomessa. Yhti\u00f6n ydinliiketoimintaan kuuluu eri bitumin materiaalien projektimyynti: tienrakentajille, rakentajille,...","og_url":"https:\/\/bornitbaltic.ee\/fi\/","og_site_name":"BornitBaltic","article_publisher":"http:\/\/www.facebook.com\/bornitbaltic\/","article_modified_time":"2022-04-28T05:54:25+00:00","twitter_card":"summary_large_image","schema":{"@context":"https:\/\/schema.org","@graph":[{"@type":"WebPage","@id":"https:\/\/bornitbaltic.ee\/fi\/","url":"https:\/\/bornitbaltic.ee\/fi\/","name":"Etusivu &#8211; BornitBaltic","isPartOf":{"@id":"https:\/\/bornitbaltic.ee\/#website"},"datePublished":"2014-02-26T12:49:33+00:00","dateModified":"2022-04-28T05:54:25+00:00","breadcrumb":{"@id":"https:\/\/bornitbaltic.ee\/fi\/#breadcrumb"},"inLanguage":"fi","potentialAction":[{"@type":"ReadAction","target":["https:\/\/bornitbaltic.ee\/fi\/"]}]},{"@type":"BreadcrumbList","@id":"https:\/\/bornitbaltic.ee\/fi\/#breadcrumb","itemListElement":[{"@type":"ListItem","position":1,"name":"Home","item":"https:\/\/bornitbaltic.ee\/fi\/"},{"@type":"ListItem","position":2,"name":"Etusivu"}]},{"@type":"WebSite","@id":"https:\/\/bornitbaltic.ee\/#website","url":"https:\/\/bornitbaltic.ee\/","name":"BornitBaltic","description":"BORNIT\u00ae ainuesindaja Baltikumis ja Soomes","potentialAction":[{"@type":"SearchAction","target":{"@type":"EntryPoint","urlTemplate":"https:\/\/bornitbaltic.ee\/?s={search_term_string}"},"query-input":{"@type":"PropertyValueSpecification","valueRequired":true,"valueName":"search_term_string"}}],"inLanguage":"fi"}]}},"_links":{"self":[{"href":"https:\/\/bornitbaltic.ee\/fi\/wp-json\/wp\/v2\/pages\/21865","targetHints":{"allow":["GET"]}}],"collection":[{"href":"https:\/\/bornitbaltic.ee\/fi\/wp-json\/wp\/v2\/pages"}],"about":[{"href":"https:\/\/bornitbaltic.ee\/fi\/wp-json\/wp\/v2\/types\/page"}],"author":[{"embeddable":true,"href":"https:\/\/bornitbaltic.ee\/fi\/wp-json\/wp\/v2\/users\/2"}],"replies":[{"embeddable":true,"href":"https:\/\/bornitbaltic.ee\/fi\/wp-json\/wp\/v2\/comments?post=21865"}],"version-history":[{"count":11,"href":"https:\/\/bornitbaltic.ee\/fi\/wp-json\/wp\/v2\/pages\/21865\/revisions"}],"predecessor-version":[{"id":24851,"href":"https:\/\/bornitbaltic.ee\/fi\/wp-json\/wp\/v2\/pages\/21865\/revisions\/24851"}],"wp:attachment":[{"href":"https:\/\/bornitbaltic.ee\/fi\/wp-json\/wp\/v2\/media?parent=21865"}],"curies":[{"name":"wp","href":"https:\/\/api.w.org\/{rel}","templated":true}]}}