{"id":21690,"date":"2016-12-28T08:20:49","date_gmt":"2016-12-28T08:20:49","guid":{"rendered":"http:\/\/wpeesti.ee\/veebitestid\/bornitbaltic\/tooted\/maaratlemata\/bornit-basisgrund-krunt\/"},"modified":"2017-01-13T11:19:57","modified_gmt":"2017-01-13T11:19:57","slug":"bornit-basisgrund","status":"publish","type":"product","link":"https:\/\/bornitbaltic.ee\/fi\/tuotteet\/perustuksen-tiivistys\/perustuksen-tiivistys-fi\/bornit-basisgrund\/","title":{"rendered":"BORNIT\u00ae &#8211; Basisgrund"},"content":{"rendered":"<h2><u>BORNIT\u00ae &#8211; Basisgrund<\/u><\/h2>\n<p><strong>Liuotteeton, v\u00e4rit\u00f6n pohjuste, onteloalueen kosteussuojaj\u00e4rjestelm\u00e4n <\/strong>perussuojauksena. Laastia murentavia suoloja ja rapautumisia vastaan. Vaikuttaa rakennusaineita lujittavasti, BORNIT\u00ae-vedeneristyslaastien j\u00e4lkeen BORNIT\u00ae-kosteussuojaj\u00e4rjestelm\u00e4ss\u00e4.<\/p>\n<p><strong>Suojattava j\u00e4\u00e4tymiselt\u00e4!<\/strong><\/p>\n<table border=\"0\" width=\"250\" cellspacing=\"5\" cellpadding=\"0\">\n<tbody>\n<tr>\n<td colspan=\"2\" height=\"30\"><strong>Mitat<\/strong>:<\/td>\n<\/tr>\n<tr>\n<td align=\"left\" valign=\"middle\" width=\"100\" height=\"25\">Pakkaus<\/td>\n<td align=\"left\" valign=\"middle\" width=\"150\" height=\"25\">10 kg<\/td>\n<\/tr>\n<tr>\n<td align=\"left\" valign=\"middle\" height=\"25\">V\u00e4ri<\/td>\n<td align=\"left\" valign=\"middle\" width=\"150\" height=\"25\">l\u00e4pin\u00e4kyv\u00e4<\/td>\n<\/tr>\n<tr>\n<td align=\"left\" valign=\"middle\" height=\"25\">Kulutus<\/td>\n<td align=\"left\" valign=\"middle\" width=\"150\" height=\"25\">0,5\u20130,8 kg\/m\u00b2\/kolme ty\u00f6vaihetta<\/td>\n<\/tr>\n<\/tbody>\n<\/table>\n","protected":false},"excerpt":{"rendered":"<p><strong>Liuotteeton, v\u00e4rit\u00f6n pohjuste, onteloalueen kosteussuojaj\u00e4rjestelm\u00e4n <\/strong>perussuojauksena. Laastia murentavia suoloja ja rapautumisia vastaan. Vaikuttaa rakennusaineita lujittavasti, BORNIT\u00ae-vedeneristyslaastien j\u00e4lkeen BORNIT\u00ae-kosteussuojaj\u00e4rjestelm\u00e4ss\u00e4.<\/p>\n<p><strong>Suojattava j\u00e4\u00e4tymiselt\u00e4!<\/strong><\/p>\n","protected":false},"featured_media":21691,"template":"","meta":{"_acf_changed":false},"product_brand":[],"product_cat":[100,94],"product_tag":[],"class_list":{"0":"post-21690","1":"product","2":"type-product","3":"status-publish","4":"has-post-thumbnail","6":"brand-bornit","7":"product_cat-perustuksen-tiivistys-fi","8":"product_cat-perustuksen-tiivistys","10":"first","11":"instock","12":"taxable","13":"shipping-taxable","14":"product-type-simple"},"acf":[],"yoast_head":"<!-- This site is optimized with the Yoast SEO plugin v26.1.1 - https:\/\/yoast.com\/wordpress\/plugins\/seo\/ -->\n<title>BORNIT\u00ae - Basisgrund - Bornit Baltic O\u00dc<\/title>\n<meta name=\"description\" content=\"BORNIT\u00ae - Basisgrund - tellimine Bornit Baltic kodulehel otse maaletoojalt. Vaata BORNIT\u00ae - Basisgrund lisainfot ning k\u00fcsi personaalne pakkumine.\" \/>\n<meta name=\"robots\" content=\"index, follow, max-snippet:-1, max-image-preview:large, max-video-preview:-1\" \/>\n<link rel=\"canonical\" href=\"https:\/\/bornitbaltic.ee\/fi\/tuotteet\/perustuksen-tiivistys\/perustuksen-tiivistys-fi\/bornit-basisgrund\/\" \/>\n<meta property=\"og:locale\" content=\"fi_FI\" \/>\n<meta property=\"og:type\" content=\"article\" \/>\n<meta property=\"og:title\" content=\"BORNIT\u00ae - Basisgrund - Bornit Baltic O\u00dc\" \/>\n<meta property=\"og:description\" content=\"BORNIT\u00ae - Basisgrund - tellimine Bornit Baltic kodulehel otse maaletoojalt. Vaata BORNIT\u00ae - Basisgrund lisainfot ning k\u00fcsi personaalne pakkumine.\" \/>\n<meta property=\"og:url\" content=\"https:\/\/bornitbaltic.ee\/fi\/tuotteet\/perustuksen-tiivistys\/perustuksen-tiivistys-fi\/bornit-basisgrund\/\" \/>\n<meta property=\"og:site_name\" content=\"BornitBaltic\" \/>\n<meta property=\"article:publisher\" content=\"http:\/\/www.facebook.com\/bornitbaltic\/\" \/>\n<meta property=\"article:modified_time\" content=\"2017-01-13T11:19:57+00:00\" \/>\n<meta property=\"og:image\" content=\"https:\/\/bornitbaltic.ee\/wp-content\/uploads\/2016\/12\/basisgrund_10kg.png\" \/>\n\t<meta property=\"og:image:width\" content=\"210\" \/>\n\t<meta property=\"og:image:height\" content=\"222\" \/>\n\t<meta property=\"og:image:type\" content=\"image\/png\" \/>\n<meta name=\"twitter:card\" content=\"summary_large_image\" \/>\n<script type=\"application\/ld+json\" class=\"yoast-schema-graph\">{\"@context\":\"https:\/\/schema.org\",\"@graph\":[{\"@type\":\"WebPage\",\"@id\":\"https:\/\/bornitbaltic.ee\/fi\/tuotteet\/perustuksen-tiivistys\/perustuksen-tiivistys-fi\/bornit-basisgrund\/\",\"url\":\"https:\/\/bornitbaltic.ee\/fi\/tuotteet\/perustuksen-tiivistys\/perustuksen-tiivistys-fi\/bornit-basisgrund\/\",\"name\":\"BORNIT\u00ae - Basisgrund - Bornit Baltic O\u00dc\",\"isPartOf\":{\"@id\":\"https:\/\/bornitbaltic.ee\/#website\"},\"primaryImageOfPage\":{\"@id\":\"https:\/\/bornitbaltic.ee\/fi\/tuotteet\/perustuksen-tiivistys\/perustuksen-tiivistys-fi\/bornit-basisgrund\/#primaryimage\"},\"image\":{\"@id\":\"https:\/\/bornitbaltic.ee\/fi\/tuotteet\/perustuksen-tiivistys\/perustuksen-tiivistys-fi\/bornit-basisgrund\/#primaryimage\"},\"thumbnailUrl\":\"https:\/\/bornitbaltic.ee\/wp-content\/uploads\/2016\/12\/basisgrund_10kg.png\",\"datePublished\":\"2016-12-28T08:20:49+00:00\",\"dateModified\":\"2017-01-13T11:19:57+00:00\",\"description\":\"BORNIT\u00ae - Basisgrund - tellimine Bornit Baltic kodulehel otse maaletoojalt. Vaata BORNIT\u00ae - Basisgrund lisainfot ning k\u00fcsi personaalne pakkumine.\",\"breadcrumb\":{\"@id\":\"https:\/\/bornitbaltic.ee\/fi\/tuotteet\/perustuksen-tiivistys\/perustuksen-tiivistys-fi\/bornit-basisgrund\/#breadcrumb\"},\"inLanguage\":\"fi\",\"potentialAction\":[{\"@type\":\"ReadAction\",\"target\":[\"https:\/\/bornitbaltic.ee\/fi\/tuotteet\/perustuksen-tiivistys\/perustuksen-tiivistys-fi\/bornit-basisgrund\/\"]}]},{\"@type\":\"ImageObject\",\"inLanguage\":\"fi\",\"@id\":\"https:\/\/bornitbaltic.ee\/fi\/tuotteet\/perustuksen-tiivistys\/perustuksen-tiivistys-fi\/bornit-basisgrund\/#primaryimage\",\"url\":\"https:\/\/bornitbaltic.ee\/wp-content\/uploads\/2016\/12\/basisgrund_10kg.png\",\"contentUrl\":\"https:\/\/bornitbaltic.ee\/wp-content\/uploads\/2016\/12\/basisgrund_10kg.png\",\"width\":210,\"height\":222,\"caption\":\"BORNIT\u00ae - Basisgrund\"},{\"@type\":\"BreadcrumbList\",\"@id\":\"https:\/\/bornitbaltic.ee\/fi\/tuotteet\/perustuksen-tiivistys\/perustuksen-tiivistys-fi\/bornit-basisgrund\/#breadcrumb\",\"itemListElement\":[{\"@type\":\"ListItem\",\"position\":1,\"name\":\"Home\",\"item\":\"https:\/\/bornitbaltic.ee\/fi\/\"},{\"@type\":\"ListItem\",\"position\":2,\"name\":\"Tuotteet\",\"item\":\"https:\/\/bornitbaltic.ee\/fi\/tuotteiden\/\"},{\"@type\":\"ListItem\",\"position\":3,\"name\":\"BORNIT\u00ae &#8211; Basisgrund\"}]},{\"@type\":\"WebSite\",\"@id\":\"https:\/\/bornitbaltic.ee\/#website\",\"url\":\"https:\/\/bornitbaltic.ee\/\",\"name\":\"BornitBaltic\",\"description\":\"BORNIT\u00ae ainuesindaja Baltikumis ja Soomes\",\"potentialAction\":[{\"@type\":\"SearchAction\",\"target\":{\"@type\":\"EntryPoint\",\"urlTemplate\":\"https:\/\/bornitbaltic.ee\/?s={search_term_string}\"},\"query-input\":{\"@type\":\"PropertyValueSpecification\",\"valueRequired\":true,\"valueName\":\"search_term_string\"}}],\"inLanguage\":\"fi\"}]}<\/script>\n<!-- \/ Yoast SEO plugin. -->","yoast_head_json":{"title":"BORNIT\u00ae - Basisgrund - Bornit Baltic O\u00dc","description":"BORNIT\u00ae - Basisgrund - tellimine Bornit Baltic kodulehel otse maaletoojalt. Vaata BORNIT\u00ae - Basisgrund lisainfot ning k\u00fcsi personaalne pakkumine.","robots":{"index":"index","follow":"follow","max-snippet":"max-snippet:-1","max-image-preview":"max-image-preview:large","max-video-preview":"max-video-preview:-1"},"canonical":"https:\/\/bornitbaltic.ee\/fi\/tuotteet\/perustuksen-tiivistys\/perustuksen-tiivistys-fi\/bornit-basisgrund\/","og_locale":"fi_FI","og_type":"article","og_title":"BORNIT\u00ae - Basisgrund - Bornit Baltic O\u00dc","og_description":"BORNIT\u00ae - Basisgrund - tellimine Bornit Baltic kodulehel otse maaletoojalt. Vaata BORNIT\u00ae - Basisgrund lisainfot ning k\u00fcsi personaalne pakkumine.","og_url":"https:\/\/bornitbaltic.ee\/fi\/tuotteet\/perustuksen-tiivistys\/perustuksen-tiivistys-fi\/bornit-basisgrund\/","og_site_name":"BornitBaltic","article_publisher":"http:\/\/www.facebook.com\/bornitbaltic\/","article_modified_time":"2017-01-13T11:19:57+00:00","og_image":[{"width":210,"height":222,"url":"https:\/\/bornitbaltic.ee\/wp-content\/uploads\/2016\/12\/basisgrund_10kg.png","type":"image\/png"}],"twitter_card":"summary_large_image","schema":{"@context":"https:\/\/schema.org","@graph":[{"@type":"WebPage","@id":"https:\/\/bornitbaltic.ee\/fi\/tuotteet\/perustuksen-tiivistys\/perustuksen-tiivistys-fi\/bornit-basisgrund\/","url":"https:\/\/bornitbaltic.ee\/fi\/tuotteet\/perustuksen-tiivistys\/perustuksen-tiivistys-fi\/bornit-basisgrund\/","name":"BORNIT\u00ae - Basisgrund - Bornit Baltic O\u00dc","isPartOf":{"@id":"https:\/\/bornitbaltic.ee\/#website"},"primaryImageOfPage":{"@id":"https:\/\/bornitbaltic.ee\/fi\/tuotteet\/perustuksen-tiivistys\/perustuksen-tiivistys-fi\/bornit-basisgrund\/#primaryimage"},"image":{"@id":"https:\/\/bornitbaltic.ee\/fi\/tuotteet\/perustuksen-tiivistys\/perustuksen-tiivistys-fi\/bornit-basisgrund\/#primaryimage"},"thumbnailUrl":"https:\/\/bornitbaltic.ee\/wp-content\/uploads\/2016\/12\/basisgrund_10kg.png","datePublished":"2016-12-28T08:20:49+00:00","dateModified":"2017-01-13T11:19:57+00:00","description":"BORNIT\u00ae - Basisgrund - tellimine Bornit Baltic kodulehel otse maaletoojalt. Vaata BORNIT\u00ae - Basisgrund lisainfot ning k\u00fcsi personaalne pakkumine.","breadcrumb":{"@id":"https:\/\/bornitbaltic.ee\/fi\/tuotteet\/perustuksen-tiivistys\/perustuksen-tiivistys-fi\/bornit-basisgrund\/#breadcrumb"},"inLanguage":"fi","potentialAction":[{"@type":"ReadAction","target":["https:\/\/bornitbaltic.ee\/fi\/tuotteet\/perustuksen-tiivistys\/perustuksen-tiivistys-fi\/bornit-basisgrund\/"]}]},{"@type":"ImageObject","inLanguage":"fi","@id":"https:\/\/bornitbaltic.ee\/fi\/tuotteet\/perustuksen-tiivistys\/perustuksen-tiivistys-fi\/bornit-basisgrund\/#primaryimage","url":"https:\/\/bornitbaltic.ee\/wp-content\/uploads\/2016\/12\/basisgrund_10kg.png","contentUrl":"https:\/\/bornitbaltic.ee\/wp-content\/uploads\/2016\/12\/basisgrund_10kg.png","width":210,"height":222,"caption":"BORNIT\u00ae - Basisgrund"},{"@type":"BreadcrumbList","@id":"https:\/\/bornitbaltic.ee\/fi\/tuotteet\/perustuksen-tiivistys\/perustuksen-tiivistys-fi\/bornit-basisgrund\/#breadcrumb","itemListElement":[{"@type":"ListItem","position":1,"name":"Home","item":"https:\/\/bornitbaltic.ee\/fi\/"},{"@type":"ListItem","position":2,"name":"Tuotteet","item":"https:\/\/bornitbaltic.ee\/fi\/tuotteiden\/"},{"@type":"ListItem","position":3,"name":"BORNIT\u00ae &#8211; Basisgrund"}]},{"@type":"WebSite","@id":"https:\/\/bornitbaltic.ee\/#website","url":"https:\/\/bornitbaltic.ee\/","name":"BornitBaltic","description":"BORNIT\u00ae ainuesindaja Baltikumis ja Soomes","potentialAction":[{"@type":"SearchAction","target":{"@type":"EntryPoint","urlTemplate":"https:\/\/bornitbaltic.ee\/?s={search_term_string}"},"query-input":{"@type":"PropertyValueSpecification","valueRequired":true,"valueName":"search_term_string"}}],"inLanguage":"fi"}]}},"_links":{"self":[{"href":"https:\/\/bornitbaltic.ee\/fi\/wp-json\/wp\/v2\/product\/21690","targetHints":{"allow":["GET"]}}],"collection":[{"href":"https:\/\/bornitbaltic.ee\/fi\/wp-json\/wp\/v2\/product"}],"about":[{"href":"https:\/\/bornitbaltic.ee\/fi\/wp-json\/wp\/v2\/types\/product"}],"wp:featuredmedia":[{"embeddable":true,"href":"https:\/\/bornitbaltic.ee\/fi\/wp-json\/wp\/v2\/media\/21691"}],"wp:attachment":[{"href":"https:\/\/bornitbaltic.ee\/fi\/wp-json\/wp\/v2\/media?parent=21690"}],"wp:term":[{"taxonomy":"product_brand","embeddable":true,"href":"https:\/\/bornitbaltic.ee\/fi\/wp-json\/wp\/v2\/product_brand?post=21690"},{"taxonomy":"product_cat","embeddable":true,"href":"https:\/\/bornitbaltic.ee\/fi\/wp-json\/wp\/v2\/product_cat?post=21690"},{"taxonomy":"product_tag","embeddable":true,"href":"https:\/\/bornitbaltic.ee\/fi\/wp-json\/wp\/v2\/product_tag?post=21690"}],"curies":[{"name":"wp","href":"https:\/\/api.w.org\/{rel}","templated":true}]}}