{"id":21702,"date":"2016-12-27T13:47:57","date_gmt":"2016-12-27T13:47:57","guid":{"rendered":"http:\/\/wpeesti.ee\/veebitestid\/bornitbaltic\/tooted\/maaratlemata\/bornit-flexbit-bituumen-latekskate\/"},"modified":"2019-01-14T10:01:35","modified_gmt":"2019-01-14T08:01:35","slug":"bornit-flexbit","status":"publish","type":"product","link":"https:\/\/bornitbaltic.ee\/fi\/tuotteet\/perustuksen-tiivistys\/maalaukset\/bornit-flexbit\/","title":{"rendered":"BORNIT\u00ae &#8211; Flexbit"},"content":{"rendered":"<h2>BORNIT\u00ae &#8211; Flexbit<\/h2>\n<p><strong>Eritt\u00e4in joustava bitumi-lateksipinnoite <\/strong>v\u00e4hint\u00e4\u00e4n 3 asteen kattokaltevuuden omaavien kattojen tiivist\u00e4miseen ja kunnostukseen. Soveltuu k\u00e4ytett\u00e4v\u00e4ksi betoni- ja bitumialustoilla. Liuotteeton, elastinen, halkeamia silloittava 5 mm:iin asti, korkea murtovenym\u00e4 370 %, UV-kest\u00e4v\u00e4. MPA Dresden testannut AIB:n ja standardin DIN EN 1062-7 mukaan.<\/p>\n<p><strong>Suojattava j\u00e4\u00e4tymiselt\u00e4!<\/strong><\/p>\n<table border=\"0\" width=\"250\" cellspacing=\"5\" cellpadding=\"0\">\n<tbody>\n<tr>\n<td colspan=\"2\" height=\"30\"><strong>Mitat<\/strong>:<\/td>\n<\/tr>\n<tr>\n<td align=\"left\" valign=\"middle\" width=\"100\" height=\"25\">Pakkaus<\/td>\n<td align=\"left\" valign=\"middle\" width=\"150\" height=\"25\">5 litraa, 10 litraa, ,25 litraa<\/td>\n<\/tr>\n<tr>\n<td align=\"left\" valign=\"middle\" height=\"25\">V\u00e4ri<\/td>\n<td align=\"left\" valign=\"middle\" width=\"150\" height=\"25\">musta<\/td>\n<\/tr>\n<tr>\n<td align=\"left\" valign=\"middle\" height=\"25\">Kulutus<\/td>\n<td align=\"left\" valign=\"middle\" width=\"150\" height=\"25\">n. 0,5 litraa\/m\u00b2\/1 ty\u00f6vaihe alustan mukaan, suositellaan 2 maalausta!<\/td>\n<\/tr>\n<\/tbody>\n<\/table>\n","protected":false},"excerpt":{"rendered":"<p><strong>Eritt\u00e4in joustava bitumi-lateksipinnoite <\/strong>v\u00e4hint\u00e4\u00e4n 3 asteen kattokaltevuuden omaavien kattojen tiivist\u00e4miseen ja kunnostukseen. Soveltuu k\u00e4ytett\u00e4v\u00e4ksi betoni- ja bitumialustoilla. Liuotteeton, elastinen, halkeamia silloittava 5 mm:iin asti, korkea murtovenym\u00e4 370 %, UV-kest\u00e4v\u00e4. MPA Dresden testannut AIB:n ja standardin DIN EN 1062-7 mukaan. <strong>Suojattava j\u00e4\u00e4tymiselt\u00e4!<\/strong><\/p>\n<p><span style=\"color: #ff0000;\"><a style=\"color: #ff0000;\" href=\"https:\/\/bornitbaltic.ee\/wp-content\/uploads\/2016\/12\/011018_Flexbit-Bituumen-lateksmastiks-TL_1628_soome.pdf\">Tekniset tiedot<\/a><\/span><\/p>\n","protected":false},"featured_media":23947,"template":"","meta":{"_acf_changed":false},"product_brand":[],"product_cat":[92,101,107,94],"product_tag":[],"class_list":{"0":"post-21702","1":"product","2":"type-product","3":"status-publish","4":"has-post-thumbnail","6":"brand-bornit","7":"product_cat-kattosaneeraus","8":"product_cat-maalaukset","9":"product_cat-maalaukset-fi","10":"product_cat-perustuksen-tiivistys","12":"first","13":"instock","14":"taxable","15":"shipping-taxable","16":"product-type-simple"},"acf":[],"yoast_head":"<!-- This site is optimized with the Yoast SEO plugin v26.1.1 - https:\/\/yoast.com\/wordpress\/plugins\/seo\/ -->\n<title>BORNIT\u00ae - Flexbit - Bornit Baltic O\u00dc<\/title>\n<meta name=\"description\" content=\"BORNIT\u00ae - Flexbit - tellimine Bornit Baltic kodulehel otse maaletoojalt. Vaata BORNIT\u00ae - Flexbit lisainfot ning k\u00fcsi personaalne pakkumine.\" \/>\n<meta name=\"robots\" content=\"index, follow, max-snippet:-1, max-image-preview:large, max-video-preview:-1\" \/>\n<link rel=\"canonical\" href=\"https:\/\/bornitbaltic.ee\/fi\/tuotteet\/perustuksen-tiivistys\/maalaukset\/bornit-flexbit\/\" \/>\n<meta property=\"og:locale\" content=\"fi_FI\" \/>\n<meta property=\"og:type\" content=\"article\" \/>\n<meta property=\"og:title\" content=\"BORNIT\u00ae - Flexbit - Bornit Baltic O\u00dc\" \/>\n<meta property=\"og:description\" content=\"BORNIT\u00ae - Flexbit - tellimine Bornit Baltic kodulehel otse maaletoojalt. Vaata BORNIT\u00ae - Flexbit lisainfot ning k\u00fcsi personaalne pakkumine.\" \/>\n<meta property=\"og:url\" content=\"https:\/\/bornitbaltic.ee\/fi\/tuotteet\/perustuksen-tiivistys\/maalaukset\/bornit-flexbit\/\" \/>\n<meta property=\"og:site_name\" content=\"BornitBaltic\" \/>\n<meta property=\"article:publisher\" content=\"http:\/\/www.facebook.com\/bornitbaltic\/\" \/>\n<meta property=\"article:modified_time\" content=\"2019-01-14T08:01:35+00:00\" \/>\n<meta property=\"og:image\" content=\"https:\/\/bornitbaltic.ee\/wp-content\/uploads\/2016\/12\/FB.png\" \/>\n\t<meta property=\"og:image:width\" content=\"348\" \/>\n\t<meta property=\"og:image:height\" content=\"350\" \/>\n\t<meta property=\"og:image:type\" content=\"image\/png\" \/>\n<meta name=\"twitter:card\" content=\"summary_large_image\" \/>\n<script type=\"application\/ld+json\" class=\"yoast-schema-graph\">{\"@context\":\"https:\/\/schema.org\",\"@graph\":[{\"@type\":\"WebPage\",\"@id\":\"https:\/\/bornitbaltic.ee\/fi\/tuotteet\/perustuksen-tiivistys\/maalaukset\/bornit-flexbit\/\",\"url\":\"https:\/\/bornitbaltic.ee\/fi\/tuotteet\/perustuksen-tiivistys\/maalaukset\/bornit-flexbit\/\",\"name\":\"BORNIT\u00ae - Flexbit - Bornit Baltic O\u00dc\",\"isPartOf\":{\"@id\":\"https:\/\/bornitbaltic.ee\/#website\"},\"primaryImageOfPage\":{\"@id\":\"https:\/\/bornitbaltic.ee\/fi\/tuotteet\/perustuksen-tiivistys\/maalaukset\/bornit-flexbit\/#primaryimage\"},\"image\":{\"@id\":\"https:\/\/bornitbaltic.ee\/fi\/tuotteet\/perustuksen-tiivistys\/maalaukset\/bornit-flexbit\/#primaryimage\"},\"thumbnailUrl\":\"https:\/\/bornitbaltic.ee\/wp-content\/uploads\/2016\/12\/FB.png\",\"datePublished\":\"2016-12-27T13:47:57+00:00\",\"dateModified\":\"2019-01-14T08:01:35+00:00\",\"description\":\"BORNIT\u00ae - Flexbit - tellimine Bornit Baltic kodulehel otse maaletoojalt. Vaata BORNIT\u00ae - Flexbit lisainfot ning k\u00fcsi personaalne pakkumine.\",\"breadcrumb\":{\"@id\":\"https:\/\/bornitbaltic.ee\/fi\/tuotteet\/perustuksen-tiivistys\/maalaukset\/bornit-flexbit\/#breadcrumb\"},\"inLanguage\":\"fi\",\"potentialAction\":[{\"@type\":\"ReadAction\",\"target\":[\"https:\/\/bornitbaltic.ee\/fi\/tuotteet\/perustuksen-tiivistys\/maalaukset\/bornit-flexbit\/\"]}]},{\"@type\":\"ImageObject\",\"inLanguage\":\"fi\",\"@id\":\"https:\/\/bornitbaltic.ee\/fi\/tuotteet\/perustuksen-tiivistys\/maalaukset\/bornit-flexbit\/#primaryimage\",\"url\":\"https:\/\/bornitbaltic.ee\/wp-content\/uploads\/2016\/12\/FB.png\",\"contentUrl\":\"https:\/\/bornitbaltic.ee\/wp-content\/uploads\/2016\/12\/FB.png\",\"width\":348,\"height\":350},{\"@type\":\"BreadcrumbList\",\"@id\":\"https:\/\/bornitbaltic.ee\/fi\/tuotteet\/perustuksen-tiivistys\/maalaukset\/bornit-flexbit\/#breadcrumb\",\"itemListElement\":[{\"@type\":\"ListItem\",\"position\":1,\"name\":\"Home\",\"item\":\"https:\/\/bornitbaltic.ee\/fi\/\"},{\"@type\":\"ListItem\",\"position\":2,\"name\":\"Tuotteet\",\"item\":\"https:\/\/bornitbaltic.ee\/fi\/tuotteiden\/\"},{\"@type\":\"ListItem\",\"position\":3,\"name\":\"BORNIT\u00ae &#8211; Flexbit\"}]},{\"@type\":\"WebSite\",\"@id\":\"https:\/\/bornitbaltic.ee\/#website\",\"url\":\"https:\/\/bornitbaltic.ee\/\",\"name\":\"BornitBaltic\",\"description\":\"BORNIT\u00ae ainuesindaja Baltikumis ja Soomes\",\"potentialAction\":[{\"@type\":\"SearchAction\",\"target\":{\"@type\":\"EntryPoint\",\"urlTemplate\":\"https:\/\/bornitbaltic.ee\/?s={search_term_string}\"},\"query-input\":{\"@type\":\"PropertyValueSpecification\",\"valueRequired\":true,\"valueName\":\"search_term_string\"}}],\"inLanguage\":\"fi\"}]}<\/script>\n<!-- \/ Yoast SEO plugin. -->","yoast_head_json":{"title":"BORNIT\u00ae - Flexbit - Bornit Baltic O\u00dc","description":"BORNIT\u00ae - Flexbit - tellimine Bornit Baltic kodulehel otse maaletoojalt. Vaata BORNIT\u00ae - Flexbit lisainfot ning k\u00fcsi personaalne pakkumine.","robots":{"index":"index","follow":"follow","max-snippet":"max-snippet:-1","max-image-preview":"max-image-preview:large","max-video-preview":"max-video-preview:-1"},"canonical":"https:\/\/bornitbaltic.ee\/fi\/tuotteet\/perustuksen-tiivistys\/maalaukset\/bornit-flexbit\/","og_locale":"fi_FI","og_type":"article","og_title":"BORNIT\u00ae - Flexbit - Bornit Baltic O\u00dc","og_description":"BORNIT\u00ae - Flexbit - tellimine Bornit Baltic kodulehel otse maaletoojalt. Vaata BORNIT\u00ae - Flexbit lisainfot ning k\u00fcsi personaalne pakkumine.","og_url":"https:\/\/bornitbaltic.ee\/fi\/tuotteet\/perustuksen-tiivistys\/maalaukset\/bornit-flexbit\/","og_site_name":"BornitBaltic","article_publisher":"http:\/\/www.facebook.com\/bornitbaltic\/","article_modified_time":"2019-01-14T08:01:35+00:00","og_image":[{"width":348,"height":350,"url":"https:\/\/bornitbaltic.ee\/wp-content\/uploads\/2016\/12\/FB.png","type":"image\/png"}],"twitter_card":"summary_large_image","schema":{"@context":"https:\/\/schema.org","@graph":[{"@type":"WebPage","@id":"https:\/\/bornitbaltic.ee\/fi\/tuotteet\/perustuksen-tiivistys\/maalaukset\/bornit-flexbit\/","url":"https:\/\/bornitbaltic.ee\/fi\/tuotteet\/perustuksen-tiivistys\/maalaukset\/bornit-flexbit\/","name":"BORNIT\u00ae - Flexbit - Bornit Baltic O\u00dc","isPartOf":{"@id":"https:\/\/bornitbaltic.ee\/#website"},"primaryImageOfPage":{"@id":"https:\/\/bornitbaltic.ee\/fi\/tuotteet\/perustuksen-tiivistys\/maalaukset\/bornit-flexbit\/#primaryimage"},"image":{"@id":"https:\/\/bornitbaltic.ee\/fi\/tuotteet\/perustuksen-tiivistys\/maalaukset\/bornit-flexbit\/#primaryimage"},"thumbnailUrl":"https:\/\/bornitbaltic.ee\/wp-content\/uploads\/2016\/12\/FB.png","datePublished":"2016-12-27T13:47:57+00:00","dateModified":"2019-01-14T08:01:35+00:00","description":"BORNIT\u00ae - Flexbit - tellimine Bornit Baltic kodulehel otse maaletoojalt. Vaata BORNIT\u00ae - Flexbit lisainfot ning k\u00fcsi personaalne pakkumine.","breadcrumb":{"@id":"https:\/\/bornitbaltic.ee\/fi\/tuotteet\/perustuksen-tiivistys\/maalaukset\/bornit-flexbit\/#breadcrumb"},"inLanguage":"fi","potentialAction":[{"@type":"ReadAction","target":["https:\/\/bornitbaltic.ee\/fi\/tuotteet\/perustuksen-tiivistys\/maalaukset\/bornit-flexbit\/"]}]},{"@type":"ImageObject","inLanguage":"fi","@id":"https:\/\/bornitbaltic.ee\/fi\/tuotteet\/perustuksen-tiivistys\/maalaukset\/bornit-flexbit\/#primaryimage","url":"https:\/\/bornitbaltic.ee\/wp-content\/uploads\/2016\/12\/FB.png","contentUrl":"https:\/\/bornitbaltic.ee\/wp-content\/uploads\/2016\/12\/FB.png","width":348,"height":350},{"@type":"BreadcrumbList","@id":"https:\/\/bornitbaltic.ee\/fi\/tuotteet\/perustuksen-tiivistys\/maalaukset\/bornit-flexbit\/#breadcrumb","itemListElement":[{"@type":"ListItem","position":1,"name":"Home","item":"https:\/\/bornitbaltic.ee\/fi\/"},{"@type":"ListItem","position":2,"name":"Tuotteet","item":"https:\/\/bornitbaltic.ee\/fi\/tuotteiden\/"},{"@type":"ListItem","position":3,"name":"BORNIT\u00ae &#8211; Flexbit"}]},{"@type":"WebSite","@id":"https:\/\/bornitbaltic.ee\/#website","url":"https:\/\/bornitbaltic.ee\/","name":"BornitBaltic","description":"BORNIT\u00ae ainuesindaja Baltikumis ja Soomes","potentialAction":[{"@type":"SearchAction","target":{"@type":"EntryPoint","urlTemplate":"https:\/\/bornitbaltic.ee\/?s={search_term_string}"},"query-input":{"@type":"PropertyValueSpecification","valueRequired":true,"valueName":"search_term_string"}}],"inLanguage":"fi"}]}},"_links":{"self":[{"href":"https:\/\/bornitbaltic.ee\/fi\/wp-json\/wp\/v2\/product\/21702","targetHints":{"allow":["GET"]}}],"collection":[{"href":"https:\/\/bornitbaltic.ee\/fi\/wp-json\/wp\/v2\/product"}],"about":[{"href":"https:\/\/bornitbaltic.ee\/fi\/wp-json\/wp\/v2\/types\/product"}],"wp:featuredmedia":[{"embeddable":true,"href":"https:\/\/bornitbaltic.ee\/fi\/wp-json\/wp\/v2\/media\/23947"}],"wp:attachment":[{"href":"https:\/\/bornitbaltic.ee\/fi\/wp-json\/wp\/v2\/media?parent=21702"}],"wp:term":[{"taxonomy":"product_brand","embeddable":true,"href":"https:\/\/bornitbaltic.ee\/fi\/wp-json\/wp\/v2\/product_brand?post=21702"},{"taxonomy":"product_cat","embeddable":true,"href":"https:\/\/bornitbaltic.ee\/fi\/wp-json\/wp\/v2\/product_cat?post=21702"},{"taxonomy":"product_tag","embeddable":true,"href":"https:\/\/bornitbaltic.ee\/fi\/wp-json\/wp\/v2\/product_tag?post=21702"}],"curies":[{"name":"wp","href":"https:\/\/api.w.org\/{rel}","templated":true}]}}