{"id":21734,"date":"2017-01-05T16:25:58","date_gmt":"2017-01-05T16:25:58","guid":{"rendered":"http:\/\/wpeesti.ee\/veebitestid\/bornitbaltic\/tooted\/maaratlemata\/bornit-fundamentdicht-1k-bituumenmastiks-1k\/"},"modified":"2019-01-14T09:49:36","modified_gmt":"2019-01-14T07:49:36","slug":"bornit-fundamentdicht-1k","status":"publish","type":"product","link":"https:\/\/bornitbaltic.ee\/fi\/tuotteet\/perustuksen-tiivistys\/paksut-pinnoitteet\/bornit-fundamentdicht-1k\/","title":{"rendered":"BORNIT\u00ae &#8211; Fundamentdicht 1K"},"content":{"rendered":"<h2>BORNIT\u00ae &#8211; Fundamentdicht 1K<\/h2>\n<p><strong>1-<\/strong><strong>komponenttinen<\/strong> bitumipohjainen paksukalvotiiviste standardin DIN 18195 (2000-08) mukaan. Polystyreenit\u00e4ytetty, polymeerimodifioitu, eritt\u00e4in korkea halkeamien silloitus, liuotteeton. Levitett\u00e4v\u00e4 ilman vesieristysrappausta, j\u00e4ykk\u00e4 7 mm:n kerrospaksuuteen asti, rakennusten tiivist\u00e4miseen. <strong>Yleinen rakennustarkastustodistus<\/strong>. Pysty- ja vaakasuoriin sis\u00e4- ja ulkopintoihin. Soveltuu my\u00f6s eristyslevyjen liimaukseen ja vanhojen eristysten kunnostukseen. Pohjustus BORNIT\u00ae-Fundamentgrundilla.<\/p>\n<p><strong>Suojattava j\u00e4\u00e4tymiselt\u00e4!<\/strong><\/p>\n<p><strong>BORNIT\u00ae-pikasideaine Fundamentdicht 1K:lle<\/strong><br \/>\nV\u00e4ri: harmaa, 420 g, 24\/laatikko<\/p>\n<table border=\"0\" width=\"250\" cellspacing=\"5\" cellpadding=\"0\">\n<tbody>\n<tr>\n<td colspan=\"2\" height=\"30\"><strong>Mitat<\/strong>:<\/td>\n<\/tr>\n<tr>\n<td align=\"left\" valign=\"middle\" width=\"100\" height=\"25\">Pakkaus<\/td>\n<td align=\"left\" valign=\"middle\" width=\"150\" height=\"25\">12 litraa<br \/>\n32 litraa<br \/>\n420 g<\/td>\n<\/tr>\n<tr>\n<td align=\"left\" valign=\"middle\" height=\"25\">V\u00e4ri<\/td>\n<td align=\"left\" valign=\"middle\" width=\"150\" height=\"25\">musta<\/td>\n<\/tr>\n<tr>\n<td align=\"left\" valign=\"middle\" height=\"25\">Kulutus<\/td>\n<td align=\"left\" valign=\"middle\" width=\"150\" height=\"25\">n. 4,5\u20135 litraa\/m\u00b2 kuormitustapauksen mukaan<\/p>\n<p>Eristyslevyjen liimaus: n. 2 litraa\/m\u00b2<\/p>\n<p><a class=\"lightbox\" title=\"\" href=\"http:\/\/www.bornitbaltic.ee\/upload\/editor\/images\/u_zeichen_fremdueberwacht_2015.png\" rel=\"lightbox[page_2148]\"><img decoding=\"async\" class=\"\" src=\"http:\/\/www.bornitbaltic.ee\/upload\/editor\/images\/u_zeichen_fremdueberwacht_2015.png\" alt=\"\" border=\"0\"><\/a><\/td>\n<\/tr>\n<\/tbody>\n<\/table>\n","protected":false},"excerpt":{"rendered":"<p><strong>1-<\/strong><strong>komponenttinen<\/strong> bitumipohjainen paksukalvotiiviste standardin DIN 18195 (2000-08) mukaan. Polystyreenit\u00e4ytetty, polymeerimodifioitu, eritt\u00e4in korkea halkeamien silloitus, liuotteeton. Levitett\u00e4v\u00e4 ilman vesieristysrappausta, j\u00e4ykk\u00e4 7 mm:n kerrospaksuuteen asti, rakennusten tiivist\u00e4miseen. <strong>Yleinen rakennustarkastustodistus<\/strong>. Pysty- ja vaakasuoriin sis\u00e4- ja ulkopintoihin. Soveltuu my\u00f6s eristyslevyjen liimaukseen ja vanhojen eristysten kunnostukseen. Pohjustus BORNIT\u00ae-Fundamentgrundilla. <strong>Suojattava j\u00e4\u00e4tymiselt\u00e4!<\/strong><\/p>\n<p><span style=\"color: #ff0000;\"><a style=\"color: #ff0000;\" href=\"https:\/\/bornitbaltic.ee\/wp-content\/uploads\/2017\/01\/603_fundamentdicht_-1k_27.01.2015_fin-converted.pdf\">Tekniset tiedot<\/a><\/span><\/p>\n<p><a href=\"https:\/\/bornitbaltic.ee\/wp-content\/uploads\/2016\/12\/ce.png\"><img loading=\"lazy\" decoding=\"async\" class=\"size-full wp-image-21066 alignleft\" src=\"https:\/\/bornitbaltic.ee\/wp-content\/uploads\/2016\/12\/ce.png\" alt=\"\" width=\"101\" height=\"114\" \/><\/a><\/p>\n","protected":false},"featured_media":24010,"template":"","meta":{"_acf_changed":false},"product_brand":[],"product_cat":[103,94],"product_tag":[],"class_list":{"0":"post-21734","1":"product","2":"type-product","3":"status-publish","4":"has-post-thumbnail","6":"brand-bornit","7":"product_cat-paksut-pinnoitteet","8":"product_cat-perustuksen-tiivistys","10":"first","11":"instock","12":"taxable","13":"shipping-taxable","14":"product-type-simple"},"acf":[],"yoast_head":"<!-- This site is optimized with the Yoast SEO plugin v26.1.1 - https:\/\/yoast.com\/wordpress\/plugins\/seo\/ -->\n<title>BORNIT\u00ae - Fundamentdicht 1K - Bornit Baltic O\u00dc<\/title>\n<meta name=\"description\" content=\"BORNIT\u00ae - Fundamentdicht 1K - tellimine Bornit Baltic kodulehel otse maaletoojalt. Vaata BORNIT\u00ae - Fundamentdicht 1K lisainfot ning k\u00fcsi personaalne pakkumine.\" \/>\n<meta name=\"robots\" content=\"index, follow, max-snippet:-1, max-image-preview:large, max-video-preview:-1\" \/>\n<link rel=\"canonical\" href=\"https:\/\/bornitbaltic.ee\/fi\/tuotteet\/perustuksen-tiivistys\/paksut-pinnoitteet\/bornit-fundamentdicht-1k\/\" \/>\n<meta property=\"og:locale\" content=\"fi_FI\" \/>\n<meta property=\"og:type\" content=\"article\" \/>\n<meta property=\"og:title\" content=\"BORNIT\u00ae - Fundamentdicht 1K - Bornit Baltic O\u00dc\" \/>\n<meta property=\"og:description\" content=\"BORNIT\u00ae - Fundamentdicht 1K - tellimine Bornit Baltic kodulehel otse maaletoojalt. Vaata BORNIT\u00ae - Fundamentdicht 1K lisainfot ning k\u00fcsi personaalne pakkumine.\" \/>\n<meta property=\"og:url\" content=\"https:\/\/bornitbaltic.ee\/fi\/tuotteet\/perustuksen-tiivistys\/paksut-pinnoitteet\/bornit-fundamentdicht-1k\/\" \/>\n<meta property=\"og:site_name\" content=\"BornitBaltic\" \/>\n<meta property=\"article:publisher\" content=\"http:\/\/www.facebook.com\/bornitbaltic\/\" \/>\n<meta property=\"article:modified_time\" content=\"2019-01-14T07:49:36+00:00\" \/>\n<meta property=\"og:image\" content=\"https:\/\/bornitbaltic.ee\/wp-content\/uploads\/2017\/01\/FD.png\" \/>\n\t<meta property=\"og:image:width\" content=\"331\" \/>\n\t<meta property=\"og:image:height\" content=\"350\" \/>\n\t<meta property=\"og:image:type\" content=\"image\/png\" \/>\n<meta name=\"twitter:card\" content=\"summary_large_image\" \/>\n<script type=\"application\/ld+json\" class=\"yoast-schema-graph\">{\"@context\":\"https:\/\/schema.org\",\"@graph\":[{\"@type\":\"WebPage\",\"@id\":\"https:\/\/bornitbaltic.ee\/fi\/tuotteet\/perustuksen-tiivistys\/paksut-pinnoitteet\/bornit-fundamentdicht-1k\/\",\"url\":\"https:\/\/bornitbaltic.ee\/fi\/tuotteet\/perustuksen-tiivistys\/paksut-pinnoitteet\/bornit-fundamentdicht-1k\/\",\"name\":\"BORNIT\u00ae - Fundamentdicht 1K - Bornit Baltic O\u00dc\",\"isPartOf\":{\"@id\":\"https:\/\/bornitbaltic.ee\/#website\"},\"primaryImageOfPage\":{\"@id\":\"https:\/\/bornitbaltic.ee\/fi\/tuotteet\/perustuksen-tiivistys\/paksut-pinnoitteet\/bornit-fundamentdicht-1k\/#primaryimage\"},\"image\":{\"@id\":\"https:\/\/bornitbaltic.ee\/fi\/tuotteet\/perustuksen-tiivistys\/paksut-pinnoitteet\/bornit-fundamentdicht-1k\/#primaryimage\"},\"thumbnailUrl\":\"https:\/\/bornitbaltic.ee\/wp-content\/uploads\/2017\/01\/FD.png\",\"datePublished\":\"2017-01-05T16:25:58+00:00\",\"dateModified\":\"2019-01-14T07:49:36+00:00\",\"description\":\"BORNIT\u00ae - Fundamentdicht 1K - tellimine Bornit Baltic kodulehel otse maaletoojalt. Vaata BORNIT\u00ae - Fundamentdicht 1K lisainfot ning k\u00fcsi personaalne pakkumine.\",\"breadcrumb\":{\"@id\":\"https:\/\/bornitbaltic.ee\/fi\/tuotteet\/perustuksen-tiivistys\/paksut-pinnoitteet\/bornit-fundamentdicht-1k\/#breadcrumb\"},\"inLanguage\":\"fi\",\"potentialAction\":[{\"@type\":\"ReadAction\",\"target\":[\"https:\/\/bornitbaltic.ee\/fi\/tuotteet\/perustuksen-tiivistys\/paksut-pinnoitteet\/bornit-fundamentdicht-1k\/\"]}]},{\"@type\":\"ImageObject\",\"inLanguage\":\"fi\",\"@id\":\"https:\/\/bornitbaltic.ee\/fi\/tuotteet\/perustuksen-tiivistys\/paksut-pinnoitteet\/bornit-fundamentdicht-1k\/#primaryimage\",\"url\":\"https:\/\/bornitbaltic.ee\/wp-content\/uploads\/2017\/01\/FD.png\",\"contentUrl\":\"https:\/\/bornitbaltic.ee\/wp-content\/uploads\/2017\/01\/FD.png\",\"width\":331,\"height\":350},{\"@type\":\"BreadcrumbList\",\"@id\":\"https:\/\/bornitbaltic.ee\/fi\/tuotteet\/perustuksen-tiivistys\/paksut-pinnoitteet\/bornit-fundamentdicht-1k\/#breadcrumb\",\"itemListElement\":[{\"@type\":\"ListItem\",\"position\":1,\"name\":\"Home\",\"item\":\"https:\/\/bornitbaltic.ee\/fi\/\"},{\"@type\":\"ListItem\",\"position\":2,\"name\":\"Tuotteet\",\"item\":\"https:\/\/bornitbaltic.ee\/fi\/tuotteiden\/\"},{\"@type\":\"ListItem\",\"position\":3,\"name\":\"BORNIT\u00ae &#8211; Fundamentdicht 1K\"}]},{\"@type\":\"WebSite\",\"@id\":\"https:\/\/bornitbaltic.ee\/#website\",\"url\":\"https:\/\/bornitbaltic.ee\/\",\"name\":\"BornitBaltic\",\"description\":\"BORNIT\u00ae ainuesindaja Baltikumis ja Soomes\",\"potentialAction\":[{\"@type\":\"SearchAction\",\"target\":{\"@type\":\"EntryPoint\",\"urlTemplate\":\"https:\/\/bornitbaltic.ee\/?s={search_term_string}\"},\"query-input\":{\"@type\":\"PropertyValueSpecification\",\"valueRequired\":true,\"valueName\":\"search_term_string\"}}],\"inLanguage\":\"fi\"}]}<\/script>\n<!-- \/ Yoast SEO plugin. -->","yoast_head_json":{"title":"BORNIT\u00ae - Fundamentdicht 1K - Bornit Baltic O\u00dc","description":"BORNIT\u00ae - Fundamentdicht 1K - tellimine Bornit Baltic kodulehel otse maaletoojalt. Vaata BORNIT\u00ae - Fundamentdicht 1K lisainfot ning k\u00fcsi personaalne pakkumine.","robots":{"index":"index","follow":"follow","max-snippet":"max-snippet:-1","max-image-preview":"max-image-preview:large","max-video-preview":"max-video-preview:-1"},"canonical":"https:\/\/bornitbaltic.ee\/fi\/tuotteet\/perustuksen-tiivistys\/paksut-pinnoitteet\/bornit-fundamentdicht-1k\/","og_locale":"fi_FI","og_type":"article","og_title":"BORNIT\u00ae - Fundamentdicht 1K - Bornit Baltic O\u00dc","og_description":"BORNIT\u00ae - Fundamentdicht 1K - tellimine Bornit Baltic kodulehel otse maaletoojalt. Vaata BORNIT\u00ae - Fundamentdicht 1K lisainfot ning k\u00fcsi personaalne pakkumine.","og_url":"https:\/\/bornitbaltic.ee\/fi\/tuotteet\/perustuksen-tiivistys\/paksut-pinnoitteet\/bornit-fundamentdicht-1k\/","og_site_name":"BornitBaltic","article_publisher":"http:\/\/www.facebook.com\/bornitbaltic\/","article_modified_time":"2019-01-14T07:49:36+00:00","og_image":[{"width":331,"height":350,"url":"https:\/\/bornitbaltic.ee\/wp-content\/uploads\/2017\/01\/FD.png","type":"image\/png"}],"twitter_card":"summary_large_image","schema":{"@context":"https:\/\/schema.org","@graph":[{"@type":"WebPage","@id":"https:\/\/bornitbaltic.ee\/fi\/tuotteet\/perustuksen-tiivistys\/paksut-pinnoitteet\/bornit-fundamentdicht-1k\/","url":"https:\/\/bornitbaltic.ee\/fi\/tuotteet\/perustuksen-tiivistys\/paksut-pinnoitteet\/bornit-fundamentdicht-1k\/","name":"BORNIT\u00ae - Fundamentdicht 1K - Bornit Baltic O\u00dc","isPartOf":{"@id":"https:\/\/bornitbaltic.ee\/#website"},"primaryImageOfPage":{"@id":"https:\/\/bornitbaltic.ee\/fi\/tuotteet\/perustuksen-tiivistys\/paksut-pinnoitteet\/bornit-fundamentdicht-1k\/#primaryimage"},"image":{"@id":"https:\/\/bornitbaltic.ee\/fi\/tuotteet\/perustuksen-tiivistys\/paksut-pinnoitteet\/bornit-fundamentdicht-1k\/#primaryimage"},"thumbnailUrl":"https:\/\/bornitbaltic.ee\/wp-content\/uploads\/2017\/01\/FD.png","datePublished":"2017-01-05T16:25:58+00:00","dateModified":"2019-01-14T07:49:36+00:00","description":"BORNIT\u00ae - Fundamentdicht 1K - tellimine Bornit Baltic kodulehel otse maaletoojalt. Vaata BORNIT\u00ae - Fundamentdicht 1K lisainfot ning k\u00fcsi personaalne pakkumine.","breadcrumb":{"@id":"https:\/\/bornitbaltic.ee\/fi\/tuotteet\/perustuksen-tiivistys\/paksut-pinnoitteet\/bornit-fundamentdicht-1k\/#breadcrumb"},"inLanguage":"fi","potentialAction":[{"@type":"ReadAction","target":["https:\/\/bornitbaltic.ee\/fi\/tuotteet\/perustuksen-tiivistys\/paksut-pinnoitteet\/bornit-fundamentdicht-1k\/"]}]},{"@type":"ImageObject","inLanguage":"fi","@id":"https:\/\/bornitbaltic.ee\/fi\/tuotteet\/perustuksen-tiivistys\/paksut-pinnoitteet\/bornit-fundamentdicht-1k\/#primaryimage","url":"https:\/\/bornitbaltic.ee\/wp-content\/uploads\/2017\/01\/FD.png","contentUrl":"https:\/\/bornitbaltic.ee\/wp-content\/uploads\/2017\/01\/FD.png","width":331,"height":350},{"@type":"BreadcrumbList","@id":"https:\/\/bornitbaltic.ee\/fi\/tuotteet\/perustuksen-tiivistys\/paksut-pinnoitteet\/bornit-fundamentdicht-1k\/#breadcrumb","itemListElement":[{"@type":"ListItem","position":1,"name":"Home","item":"https:\/\/bornitbaltic.ee\/fi\/"},{"@type":"ListItem","position":2,"name":"Tuotteet","item":"https:\/\/bornitbaltic.ee\/fi\/tuotteiden\/"},{"@type":"ListItem","position":3,"name":"BORNIT\u00ae &#8211; Fundamentdicht 1K"}]},{"@type":"WebSite","@id":"https:\/\/bornitbaltic.ee\/#website","url":"https:\/\/bornitbaltic.ee\/","name":"BornitBaltic","description":"BORNIT\u00ae ainuesindaja Baltikumis ja Soomes","potentialAction":[{"@type":"SearchAction","target":{"@type":"EntryPoint","urlTemplate":"https:\/\/bornitbaltic.ee\/?s={search_term_string}"},"query-input":{"@type":"PropertyValueSpecification","valueRequired":true,"valueName":"search_term_string"}}],"inLanguage":"fi"}]}},"_links":{"self":[{"href":"https:\/\/bornitbaltic.ee\/fi\/wp-json\/wp\/v2\/product\/21734","targetHints":{"allow":["GET"]}}],"collection":[{"href":"https:\/\/bornitbaltic.ee\/fi\/wp-json\/wp\/v2\/product"}],"about":[{"href":"https:\/\/bornitbaltic.ee\/fi\/wp-json\/wp\/v2\/types\/product"}],"wp:featuredmedia":[{"embeddable":true,"href":"https:\/\/bornitbaltic.ee\/fi\/wp-json\/wp\/v2\/media\/24010"}],"wp:attachment":[{"href":"https:\/\/bornitbaltic.ee\/fi\/wp-json\/wp\/v2\/media?parent=21734"}],"wp:term":[{"taxonomy":"product_brand","embeddable":true,"href":"https:\/\/bornitbaltic.ee\/fi\/wp-json\/wp\/v2\/product_brand?post=21734"},{"taxonomy":"product_cat","embeddable":true,"href":"https:\/\/bornitbaltic.ee\/fi\/wp-json\/wp\/v2\/product_cat?post=21734"},{"taxonomy":"product_tag","embeddable":true,"href":"https:\/\/bornitbaltic.ee\/fi\/wp-json\/wp\/v2\/product_tag?post=21734"}],"curies":[{"name":"wp","href":"https:\/\/api.w.org\/{rel}","templated":true}]}}