{"id":21737,"date":"2017-01-05T16:40:42","date_gmt":"2017-01-05T16:40:42","guid":{"rendered":"http:\/\/wpeesti.ee\/veebitestid\/bornitbaltic\/tooted\/maaratlemata\/bornit-profidicht-1k-fix-bituumenmastiks\/"},"modified":"2017-01-18T10:02:10","modified_gmt":"2017-01-18T10:02:10","slug":"bornit-profidicht-1k-fix","status":"publish","type":"product","link":"https:\/\/bornitbaltic.ee\/fi\/tuotteet\/perustuksen-tiivistys\/paksut-pinnoitteet\/bornit-profidicht-1k-fix\/","title":{"rendered":"BORNIT\u00ae &#8211; Profidicht 1K Fix"},"content":{"rendered":"<h2>BORNIT\u00ae &#8211; Profidicht 1K Fix<\/h2>\n<p><strong>Nopeasti kuivuva, 1-komponenttinen, polystyreenit\u00e4ytetty, muovimodifioitu <\/strong>bituminen paksukalvotiiviste (KMB) rakennuksen tiivist\u00e4miseen patoutuvaa vett\u00e4 vastaan. <strong>Nopea sateenkest\u00e4vyys \u2013 tarkoitettu k\u00e4ytett\u00e4v\u00e4ksi kylmin\u00e4 vuodenaikoina. Taloudellinen materiaalien k\u00e4ytt\u00f6 <\/strong>(suuri kiintoainepitoisuus), liuotteeton, ymp\u00e4rist\u00f6yst\u00e4v\u00e4llinen, eritt\u00e4in joustava, radontiivis, halkeamia silloittava. Testattu DIN-standardin 18195 (julkaisu 2000-08) mukaan, <strong>yleinen rakennustarkastustodistus<\/strong>.<br \/>\nPohjustus BORNIT\u00ae-Fundamentgrundilla.<\/p>\n<p><strong>Suojattava j\u00e4\u00e4tymiselt\u00e4!<\/strong><\/p>\n<table border=\"0\" width=\"250\" cellspacing=\"5\" cellpadding=\"0\">\n<tbody>\n<tr>\n<td colspan=\"2\" height=\"30\"><strong>Mitat<\/strong>:<\/td>\n<\/tr>\n<tr>\n<td align=\"left\" valign=\"middle\" width=\"100\" height=\"25\">Pakkaus<\/td>\n<td align=\"left\" valign=\"middle\" width=\"150\" height=\"25\">32 litraa<\/td>\n<\/tr>\n<tr>\n<td align=\"left\" valign=\"middle\" height=\"25\">V\u00e4ri<\/td>\n<td align=\"left\" valign=\"middle\" width=\"150\" height=\"25\">musta<\/td>\n<\/tr>\n<tr>\n<td align=\"left\" valign=\"middle\" height=\"25\">Kulutus<\/td>\n<td align=\"left\" valign=\"middle\" width=\"150\" height=\"25\">n. 3,5\u20135 litraa\/m\u00b2 kuormitustapauksen mukaan<\/p>\n<p>Eristyslevyjen liimaus: n. 2 litraa\/m\u00b2<\/p>\n<p><a class=\"lightbox\" title=\"\" href=\"http:\/\/www.bornitbaltic.ee\/upload\/editor\/images\/u_zeichen_fremdueberwacht_2015.png\" rel=\"lightbox[page_2148]\"><img decoding=\"async\" class=\"\" src=\"http:\/\/www.bornitbaltic.ee\/upload\/editor\/images\/u_zeichen_fremdueberwacht_2015.png\" alt=\"\" border=\"0\" \/><\/a><\/td>\n<\/tr>\n<\/tbody>\n<\/table>\n","protected":false},"excerpt":{"rendered":"<p><strong>Nopeasti kuivuva, 1-komponenttinen, polystyreenit\u00e4ytetty, muovimodifioitu <\/strong>bituminen paksukalvotiiviste (KMB) rakennuksen tiivist\u00e4miseen patoutuvaa vett\u00e4 vastaan. <strong>Nopea sateenkest\u00e4vyys \u2013 tarkoitettu k\u00e4ytett\u00e4v\u00e4ksi kylmin\u00e4 vuodenaikoina. Taloudellinen materiaalien k\u00e4ytt\u00f6 <\/strong>(suuri kiintoainepitoisuus), liuotteeton, ymp\u00e4rist\u00f6yst\u00e4v\u00e4llinen, eritt\u00e4in joustava, radontiivis, halkeamia silloittava. Testattu DIN-standardin 18195 (julkaisu 2000-08) mukaan, <strong>yleinen rakennustarkastustodistus<\/strong>.<br \/>\nPohjustus BORNIT\u00ae-Fundamentgrundilla.<\/p>\n<p><strong>Suojattava j\u00e4\u00e4tymiselt\u00e4!<\/strong><\/p>\n<p><a href=\"https:\/\/bornitbaltic.ee\/wp-content\/uploads\/2016\/12\/ce.png\"><img loading=\"lazy\" decoding=\"async\" class=\"size-full wp-image-21066 alignleft\" src=\"https:\/\/bornitbaltic.ee\/wp-content\/uploads\/2016\/12\/ce.png\" alt=\"\" width=\"101\" height=\"114\" \/><\/a><\/p>\n","protected":false},"featured_media":23994,"template":"","meta":{"_acf_changed":false},"product_brand":[],"product_cat":[103,94],"product_tag":[],"class_list":{"0":"post-21737","1":"product","2":"type-product","3":"status-publish","4":"has-post-thumbnail","6":"brand-bornit","7":"product_cat-paksut-pinnoitteet","8":"product_cat-perustuksen-tiivistys","10":"first","11":"instock","12":"taxable","13":"shipping-taxable","14":"product-type-simple"},"acf":[],"yoast_head":"<!-- This site is optimized with the Yoast SEO plugin v26.1.1 - https:\/\/yoast.com\/wordpress\/plugins\/seo\/ -->\n<title>BORNIT\u00ae - Profidicht 1K Fix - Bornit Baltic O\u00dc<\/title>\n<meta name=\"description\" content=\"BORNIT\u00ae - Profidicht 1K Fix - tellimine Bornit Baltic kodulehel otse maaletoojalt. Vaata BORNIT\u00ae - Profidicht 1K Fix lisainfot ning k\u00fcsi personaalne pakkumine.\" \/>\n<meta name=\"robots\" content=\"index, follow, max-snippet:-1, max-image-preview:large, max-video-preview:-1\" \/>\n<link rel=\"canonical\" href=\"https:\/\/bornitbaltic.ee\/tuotteet\/vundamendi-hudroisolatsioon\/paksukihilised-bituumenmastiksid\/bornit-profidicht-1k-fix-bituumenmastiks\/\" \/>\n<meta property=\"og:locale\" content=\"fi_FI\" \/>\n<meta property=\"og:type\" content=\"article\" \/>\n<meta property=\"og:title\" content=\"BORNIT\u00ae - Profidicht 1K Fix - Bornit Baltic O\u00dc\" \/>\n<meta property=\"og:description\" content=\"BORNIT\u00ae - Profidicht 1K Fix - tellimine Bornit Baltic kodulehel otse maaletoojalt. Vaata BORNIT\u00ae - Profidicht 1K Fix lisainfot ning k\u00fcsi personaalne pakkumine.\" \/>\n<meta property=\"og:url\" content=\"https:\/\/bornitbaltic.ee\/tuotteet\/vundamendi-hudroisolatsioon\/paksukihilised-bituumenmastiksid\/bornit-profidicht-1k-fix-bituumenmastiks\/\" \/>\n<meta property=\"og:site_name\" content=\"BornitBaltic\" \/>\n<meta property=\"article:publisher\" content=\"http:\/\/www.facebook.com\/bornitbaltic\/\" \/>\n<meta property=\"article:modified_time\" content=\"2017-01-18T10:02:10+00:00\" \/>\n<meta property=\"og:image\" content=\"https:\/\/bornitbaltic.ee\/wp-content\/uploads\/2017\/01\/PD.png\" \/>\n\t<meta property=\"og:image:width\" content=\"331\" \/>\n\t<meta property=\"og:image:height\" content=\"350\" \/>\n\t<meta property=\"og:image:type\" content=\"image\/png\" \/>\n<meta name=\"twitter:card\" content=\"summary_large_image\" \/>\n<script type=\"application\/ld+json\" class=\"yoast-schema-graph\">{\"@context\":\"https:\/\/schema.org\",\"@graph\":[{\"@type\":\"WebPage\",\"@id\":\"https:\/\/bornitbaltic.ee\/tuotteet\/vundamendi-hudroisolatsioon\/paksukihilised-bituumenmastiksid\/bornit-profidicht-1k-fix-bituumenmastiks\/\",\"url\":\"https:\/\/bornitbaltic.ee\/tuotteet\/vundamendi-hudroisolatsioon\/paksukihilised-bituumenmastiksid\/bornit-profidicht-1k-fix-bituumenmastiks\/\",\"name\":\"BORNIT\u00ae - Profidicht 1K Fix - Bornit Baltic O\u00dc\",\"isPartOf\":{\"@id\":\"https:\/\/bornitbaltic.ee\/#website\"},\"primaryImageOfPage\":{\"@id\":\"https:\/\/bornitbaltic.ee\/tuotteet\/vundamendi-hudroisolatsioon\/paksukihilised-bituumenmastiksid\/bornit-profidicht-1k-fix-bituumenmastiks\/#primaryimage\"},\"image\":{\"@id\":\"https:\/\/bornitbaltic.ee\/tuotteet\/vundamendi-hudroisolatsioon\/paksukihilised-bituumenmastiksid\/bornit-profidicht-1k-fix-bituumenmastiks\/#primaryimage\"},\"thumbnailUrl\":\"https:\/\/bornitbaltic.ee\/wp-content\/uploads\/2017\/01\/PD.png\",\"datePublished\":\"2017-01-05T16:40:42+00:00\",\"dateModified\":\"2017-01-18T10:02:10+00:00\",\"description\":\"BORNIT\u00ae - Profidicht 1K Fix - tellimine Bornit Baltic kodulehel otse maaletoojalt. Vaata BORNIT\u00ae - Profidicht 1K Fix lisainfot ning k\u00fcsi personaalne pakkumine.\",\"breadcrumb\":{\"@id\":\"https:\/\/bornitbaltic.ee\/tuotteet\/vundamendi-hudroisolatsioon\/paksukihilised-bituumenmastiksid\/bornit-profidicht-1k-fix-bituumenmastiks\/#breadcrumb\"},\"inLanguage\":\"fi\",\"potentialAction\":[{\"@type\":\"ReadAction\",\"target\":[\"https:\/\/bornitbaltic.ee\/tuotteet\/vundamendi-hudroisolatsioon\/paksukihilised-bituumenmastiksid\/bornit-profidicht-1k-fix-bituumenmastiks\/\"]}]},{\"@type\":\"ImageObject\",\"inLanguage\":\"fi\",\"@id\":\"https:\/\/bornitbaltic.ee\/tuotteet\/vundamendi-hudroisolatsioon\/paksukihilised-bituumenmastiksid\/bornit-profidicht-1k-fix-bituumenmastiks\/#primaryimage\",\"url\":\"https:\/\/bornitbaltic.ee\/wp-content\/uploads\/2017\/01\/PD.png\",\"contentUrl\":\"https:\/\/bornitbaltic.ee\/wp-content\/uploads\/2017\/01\/PD.png\",\"width\":331,\"height\":350},{\"@type\":\"BreadcrumbList\",\"@id\":\"https:\/\/bornitbaltic.ee\/tuotteet\/vundamendi-hudroisolatsioon\/paksukihilised-bituumenmastiksid\/bornit-profidicht-1k-fix-bituumenmastiks\/#breadcrumb\",\"itemListElement\":[{\"@type\":\"ListItem\",\"position\":1,\"name\":\"Home\",\"item\":\"https:\/\/bornitbaltic.ee\/fi\/\"},{\"@type\":\"ListItem\",\"position\":2,\"name\":\"Tuotteet\",\"item\":\"https:\/\/bornitbaltic.ee\/fi\/tuotteiden\/\"},{\"@type\":\"ListItem\",\"position\":3,\"name\":\"BORNIT\u00ae &#8211; Profidicht 1K Fix\"}]},{\"@type\":\"WebSite\",\"@id\":\"https:\/\/bornitbaltic.ee\/#website\",\"url\":\"https:\/\/bornitbaltic.ee\/\",\"name\":\"BornitBaltic\",\"description\":\"BORNIT\u00ae ainuesindaja Baltikumis ja Soomes\",\"potentialAction\":[{\"@type\":\"SearchAction\",\"target\":{\"@type\":\"EntryPoint\",\"urlTemplate\":\"https:\/\/bornitbaltic.ee\/?s={search_term_string}\"},\"query-input\":{\"@type\":\"PropertyValueSpecification\",\"valueRequired\":true,\"valueName\":\"search_term_string\"}}],\"inLanguage\":\"fi\"}]}<\/script>\n<!-- \/ Yoast SEO plugin. -->","yoast_head_json":{"title":"BORNIT\u00ae - Profidicht 1K Fix - Bornit Baltic O\u00dc","description":"BORNIT\u00ae - Profidicht 1K Fix - tellimine Bornit Baltic kodulehel otse maaletoojalt. Vaata BORNIT\u00ae - Profidicht 1K Fix lisainfot ning k\u00fcsi personaalne pakkumine.","robots":{"index":"index","follow":"follow","max-snippet":"max-snippet:-1","max-image-preview":"max-image-preview:large","max-video-preview":"max-video-preview:-1"},"canonical":"https:\/\/bornitbaltic.ee\/tuotteet\/vundamendi-hudroisolatsioon\/paksukihilised-bituumenmastiksid\/bornit-profidicht-1k-fix-bituumenmastiks\/","og_locale":"fi_FI","og_type":"article","og_title":"BORNIT\u00ae - Profidicht 1K Fix - Bornit Baltic O\u00dc","og_description":"BORNIT\u00ae - Profidicht 1K Fix - tellimine Bornit Baltic kodulehel otse maaletoojalt. Vaata BORNIT\u00ae - Profidicht 1K Fix lisainfot ning k\u00fcsi personaalne pakkumine.","og_url":"https:\/\/bornitbaltic.ee\/tuotteet\/vundamendi-hudroisolatsioon\/paksukihilised-bituumenmastiksid\/bornit-profidicht-1k-fix-bituumenmastiks\/","og_site_name":"BornitBaltic","article_publisher":"http:\/\/www.facebook.com\/bornitbaltic\/","article_modified_time":"2017-01-18T10:02:10+00:00","og_image":[{"width":331,"height":350,"url":"https:\/\/bornitbaltic.ee\/wp-content\/uploads\/2017\/01\/PD.png","type":"image\/png"}],"twitter_card":"summary_large_image","schema":{"@context":"https:\/\/schema.org","@graph":[{"@type":"WebPage","@id":"https:\/\/bornitbaltic.ee\/tuotteet\/vundamendi-hudroisolatsioon\/paksukihilised-bituumenmastiksid\/bornit-profidicht-1k-fix-bituumenmastiks\/","url":"https:\/\/bornitbaltic.ee\/tuotteet\/vundamendi-hudroisolatsioon\/paksukihilised-bituumenmastiksid\/bornit-profidicht-1k-fix-bituumenmastiks\/","name":"BORNIT\u00ae - Profidicht 1K Fix - Bornit Baltic O\u00dc","isPartOf":{"@id":"https:\/\/bornitbaltic.ee\/#website"},"primaryImageOfPage":{"@id":"https:\/\/bornitbaltic.ee\/tuotteet\/vundamendi-hudroisolatsioon\/paksukihilised-bituumenmastiksid\/bornit-profidicht-1k-fix-bituumenmastiks\/#primaryimage"},"image":{"@id":"https:\/\/bornitbaltic.ee\/tuotteet\/vundamendi-hudroisolatsioon\/paksukihilised-bituumenmastiksid\/bornit-profidicht-1k-fix-bituumenmastiks\/#primaryimage"},"thumbnailUrl":"https:\/\/bornitbaltic.ee\/wp-content\/uploads\/2017\/01\/PD.png","datePublished":"2017-01-05T16:40:42+00:00","dateModified":"2017-01-18T10:02:10+00:00","description":"BORNIT\u00ae - Profidicht 1K Fix - tellimine Bornit Baltic kodulehel otse maaletoojalt. Vaata BORNIT\u00ae - Profidicht 1K Fix lisainfot ning k\u00fcsi personaalne pakkumine.","breadcrumb":{"@id":"https:\/\/bornitbaltic.ee\/tuotteet\/vundamendi-hudroisolatsioon\/paksukihilised-bituumenmastiksid\/bornit-profidicht-1k-fix-bituumenmastiks\/#breadcrumb"},"inLanguage":"fi","potentialAction":[{"@type":"ReadAction","target":["https:\/\/bornitbaltic.ee\/tuotteet\/vundamendi-hudroisolatsioon\/paksukihilised-bituumenmastiksid\/bornit-profidicht-1k-fix-bituumenmastiks\/"]}]},{"@type":"ImageObject","inLanguage":"fi","@id":"https:\/\/bornitbaltic.ee\/tuotteet\/vundamendi-hudroisolatsioon\/paksukihilised-bituumenmastiksid\/bornit-profidicht-1k-fix-bituumenmastiks\/#primaryimage","url":"https:\/\/bornitbaltic.ee\/wp-content\/uploads\/2017\/01\/PD.png","contentUrl":"https:\/\/bornitbaltic.ee\/wp-content\/uploads\/2017\/01\/PD.png","width":331,"height":350},{"@type":"BreadcrumbList","@id":"https:\/\/bornitbaltic.ee\/tuotteet\/vundamendi-hudroisolatsioon\/paksukihilised-bituumenmastiksid\/bornit-profidicht-1k-fix-bituumenmastiks\/#breadcrumb","itemListElement":[{"@type":"ListItem","position":1,"name":"Home","item":"https:\/\/bornitbaltic.ee\/fi\/"},{"@type":"ListItem","position":2,"name":"Tuotteet","item":"https:\/\/bornitbaltic.ee\/fi\/tuotteiden\/"},{"@type":"ListItem","position":3,"name":"BORNIT\u00ae &#8211; Profidicht 1K Fix"}]},{"@type":"WebSite","@id":"https:\/\/bornitbaltic.ee\/#website","url":"https:\/\/bornitbaltic.ee\/","name":"BornitBaltic","description":"BORNIT\u00ae ainuesindaja Baltikumis ja Soomes","potentialAction":[{"@type":"SearchAction","target":{"@type":"EntryPoint","urlTemplate":"https:\/\/bornitbaltic.ee\/?s={search_term_string}"},"query-input":{"@type":"PropertyValueSpecification","valueRequired":true,"valueName":"search_term_string"}}],"inLanguage":"fi"}]}},"_links":{"self":[{"href":"https:\/\/bornitbaltic.ee\/fi\/wp-json\/wp\/v2\/product\/21737","targetHints":{"allow":["GET"]}}],"collection":[{"href":"https:\/\/bornitbaltic.ee\/fi\/wp-json\/wp\/v2\/product"}],"about":[{"href":"https:\/\/bornitbaltic.ee\/fi\/wp-json\/wp\/v2\/types\/product"}],"wp:featuredmedia":[{"embeddable":true,"href":"https:\/\/bornitbaltic.ee\/fi\/wp-json\/wp\/v2\/media\/23994"}],"wp:attachment":[{"href":"https:\/\/bornitbaltic.ee\/fi\/wp-json\/wp\/v2\/media?parent=21737"}],"wp:term":[{"taxonomy":"product_brand","embeddable":true,"href":"https:\/\/bornitbaltic.ee\/fi\/wp-json\/wp\/v2\/product_brand?post=21737"},{"taxonomy":"product_cat","embeddable":true,"href":"https:\/\/bornitbaltic.ee\/fi\/wp-json\/wp\/v2\/product_cat?post=21737"},{"taxonomy":"product_tag","embeddable":true,"href":"https:\/\/bornitbaltic.ee\/fi\/wp-json\/wp\/v2\/product_tag?post=21737"}],"curies":[{"name":"wp","href":"https:\/\/api.w.org\/{rel}","templated":true}]}}