{"id":21742,"date":"2017-01-05T17:51:24","date_gmt":"2017-01-05T17:51:24","guid":{"rendered":"http:\/\/wpeesti.ee\/veebitestid\/bornitbaltic\/tooted\/maaratlemata\/bornit-noax-immutusvahend\/"},"modified":"2019-01-14T09:55:34","modified_gmt":"2019-01-14T07:55:34","slug":"bornit-noax","status":"publish","type":"product","link":"https:\/\/bornitbaltic.ee\/fi\/tuotteet\/perustuksen-tiivistys\/kyllastys-ja-injektointiaineet\/bornit-noax\/","title":{"rendered":"BORNIT\u00ae &#8211; Noax"},"content":{"rendered":"<h2>BORNIT\u00ae &#8211; Noax<\/h2>\n<p><strong>Korkealuokkainen, liuotinpitoinen vett\u00e4hylkiv\u00e4ksi tekev\u00e4 aine <\/strong>mit\u00e4 erilaisimpien rakennusmateriaalien (luonnonkivi, rappaus, puu jne.) v\u00e4ritt\u00f6m\u00e4\u00e4n kyll\u00e4stykseen. V\u00e4hent\u00e4\u00e4 vettyvyytt\u00e4 ja imukyky\u00e4. Vett\u00e4hylkivien alustojen valmistukseen. Sopii moneen k\u00e4ytt\u00f6\u00f6n, likaahylkiv\u00e4, soveltuu my\u00f6s julistesuojaukseen.<\/p>\n<table border=\"0\" width=\"250\" cellspacing=\"5\" cellpadding=\"0\">\n<tbody>\n<tr>\n<td colspan=\"2\" height=\"30\"><strong>Mitat<\/strong>:<\/td>\n<\/tr>\n<tr>\n<td align=\"left\" valign=\"middle\" width=\"100\" height=\"25\">Pakkaus<\/td>\n<td align=\"left\" valign=\"middle\" width=\"150\" height=\"25\">1 litra<br \/>\n5 litraa<br \/>\n10 litraa<br \/>\n12\/laatikko<\/td>\n<\/tr>\n<tr>\n<td align=\"left\" valign=\"middle\" height=\"25\">V\u00e4ri<\/td>\n<td align=\"left\" valign=\"middle\" width=\"150\" height=\"25\">l\u00e4pin\u00e4kyv\u00e4<\/td>\n<\/tr>\n<tr>\n<td align=\"left\" valign=\"middle\" height=\"25\">Kulutus<\/td>\n<td align=\"left\" valign=\"middle\" width=\"150\" height=\"25\">0,3\u20130,5 litraa\/m\u00b2<\/td>\n<\/tr>\n<\/tbody>\n<\/table>\n","protected":false},"excerpt":{"rendered":"<p><strong>Korkealuokkainen, liuotinpitoinen vett\u00e4hylkiv\u00e4ksi tekev\u00e4 aine <\/strong>mit\u00e4 erilaisimpien rakennusmateriaalien (luonnonkivi, rappaus, puu jne.) v\u00e4ritt\u00f6m\u00e4\u00e4n kyll\u00e4stykseen. V\u00e4hent\u00e4\u00e4 vettyvyytt\u00e4 ja imukyky\u00e4. Vett\u00e4hylkivien alustojen valmistukseen. Sopii moneen k\u00e4ytt\u00f6\u00f6n, likaahylkiv\u00e4, soveltuu my\u00f6s julistesuojaukseen.<\/p>\n<p><span style=\"color: #ff0000;\"><a style=\"color: #ff0000;\" href=\"https:\/\/bornitbaltic.ee\/wp-content\/uploads\/2017\/01\/262_Bornit-Noax_so.pdf\">Tekniset tiedot<\/a><\/span><\/p>\n","protected":false},"featured_media":21364,"template":"","meta":{"_acf_changed":false},"product_brand":[],"product_cat":[104,94],"product_tag":[],"class_list":{"0":"post-21742","1":"product","2":"type-product","3":"status-publish","4":"has-post-thumbnail","6":"brand-bornit","7":"product_cat-kyllastys-ja-injektointiaineet","8":"product_cat-perustuksen-tiivistys","10":"first","11":"instock","12":"taxable","13":"shipping-taxable","14":"product-type-simple"},"acf":[],"yoast_head":"<!-- This site is optimized with the Yoast SEO plugin v26.1.1 - https:\/\/yoast.com\/wordpress\/plugins\/seo\/ -->\n<title>BORNIT\u00ae - Noax - Bornit Baltic O\u00dc<\/title>\n<meta name=\"description\" content=\"BORNIT\u00ae - Noax - tellimine Bornit Baltic kodulehel otse maaletoojalt. Vaata BORNIT\u00ae - Noax lisainfot ning k\u00fcsi personaalne pakkumine.\" \/>\n<meta name=\"robots\" content=\"index, follow, max-snippet:-1, max-image-preview:large, max-video-preview:-1\" \/>\n<link rel=\"canonical\" href=\"https:\/\/bornitbaltic.ee\/fi\/tuotteet\/perustuksen-tiivistys\/kyllastys-ja-injektointiaineet\/bornit-noax\/\" \/>\n<meta property=\"og:locale\" content=\"fi_FI\" \/>\n<meta property=\"og:type\" content=\"article\" \/>\n<meta property=\"og:title\" content=\"BORNIT\u00ae - Noax - Bornit Baltic O\u00dc\" \/>\n<meta property=\"og:description\" content=\"BORNIT\u00ae - Noax - tellimine Bornit Baltic kodulehel otse maaletoojalt. Vaata BORNIT\u00ae - Noax lisainfot ning k\u00fcsi personaalne pakkumine.\" \/>\n<meta property=\"og:url\" content=\"https:\/\/bornitbaltic.ee\/fi\/tuotteet\/perustuksen-tiivistys\/kyllastys-ja-injektointiaineet\/bornit-noax\/\" \/>\n<meta property=\"og:site_name\" content=\"BornitBaltic\" \/>\n<meta property=\"article:publisher\" content=\"http:\/\/www.facebook.com\/bornitbaltic\/\" \/>\n<meta property=\"article:modified_time\" content=\"2019-01-14T07:55:34+00:00\" \/>\n<meta property=\"og:image\" content=\"https:\/\/bornitbaltic.ee\/wp-content\/uploads\/2017\/01\/noax_10liter.png\" \/>\n\t<meta property=\"og:image:width\" content=\"210\" \/>\n\t<meta property=\"og:image:height\" content=\"228\" \/>\n\t<meta property=\"og:image:type\" content=\"image\/png\" \/>\n<meta name=\"twitter:card\" content=\"summary_large_image\" \/>\n<script type=\"application\/ld+json\" class=\"yoast-schema-graph\">{\"@context\":\"https:\/\/schema.org\",\"@graph\":[{\"@type\":\"WebPage\",\"@id\":\"https:\/\/bornitbaltic.ee\/fi\/tuotteet\/perustuksen-tiivistys\/kyllastys-ja-injektointiaineet\/bornit-noax\/\",\"url\":\"https:\/\/bornitbaltic.ee\/fi\/tuotteet\/perustuksen-tiivistys\/kyllastys-ja-injektointiaineet\/bornit-noax\/\",\"name\":\"BORNIT\u00ae - Noax - Bornit Baltic O\u00dc\",\"isPartOf\":{\"@id\":\"https:\/\/bornitbaltic.ee\/#website\"},\"primaryImageOfPage\":{\"@id\":\"https:\/\/bornitbaltic.ee\/fi\/tuotteet\/perustuksen-tiivistys\/kyllastys-ja-injektointiaineet\/bornit-noax\/#primaryimage\"},\"image\":{\"@id\":\"https:\/\/bornitbaltic.ee\/fi\/tuotteet\/perustuksen-tiivistys\/kyllastys-ja-injektointiaineet\/bornit-noax\/#primaryimage\"},\"thumbnailUrl\":\"https:\/\/bornitbaltic.ee\/wp-content\/uploads\/2017\/01\/noax_10liter.png\",\"datePublished\":\"2017-01-05T17:51:24+00:00\",\"dateModified\":\"2019-01-14T07:55:34+00:00\",\"description\":\"BORNIT\u00ae - Noax - tellimine Bornit Baltic kodulehel otse maaletoojalt. Vaata BORNIT\u00ae - Noax lisainfot ning k\u00fcsi personaalne pakkumine.\",\"breadcrumb\":{\"@id\":\"https:\/\/bornitbaltic.ee\/fi\/tuotteet\/perustuksen-tiivistys\/kyllastys-ja-injektointiaineet\/bornit-noax\/#breadcrumb\"},\"inLanguage\":\"fi\",\"potentialAction\":[{\"@type\":\"ReadAction\",\"target\":[\"https:\/\/bornitbaltic.ee\/fi\/tuotteet\/perustuksen-tiivistys\/kyllastys-ja-injektointiaineet\/bornit-noax\/\"]}]},{\"@type\":\"ImageObject\",\"inLanguage\":\"fi\",\"@id\":\"https:\/\/bornitbaltic.ee\/fi\/tuotteet\/perustuksen-tiivistys\/kyllastys-ja-injektointiaineet\/bornit-noax\/#primaryimage\",\"url\":\"https:\/\/bornitbaltic.ee\/wp-content\/uploads\/2017\/01\/noax_10liter.png\",\"contentUrl\":\"https:\/\/bornitbaltic.ee\/wp-content\/uploads\/2017\/01\/noax_10liter.png\",\"width\":210,\"height\":228,\"caption\":\"Noax\"},{\"@type\":\"BreadcrumbList\",\"@id\":\"https:\/\/bornitbaltic.ee\/fi\/tuotteet\/perustuksen-tiivistys\/kyllastys-ja-injektointiaineet\/bornit-noax\/#breadcrumb\",\"itemListElement\":[{\"@type\":\"ListItem\",\"position\":1,\"name\":\"Home\",\"item\":\"https:\/\/bornitbaltic.ee\/fi\/\"},{\"@type\":\"ListItem\",\"position\":2,\"name\":\"Tuotteet\",\"item\":\"https:\/\/bornitbaltic.ee\/fi\/tuotteiden\/\"},{\"@type\":\"ListItem\",\"position\":3,\"name\":\"BORNIT\u00ae &#8211; Noax\"}]},{\"@type\":\"WebSite\",\"@id\":\"https:\/\/bornitbaltic.ee\/#website\",\"url\":\"https:\/\/bornitbaltic.ee\/\",\"name\":\"BornitBaltic\",\"description\":\"BORNIT\u00ae ainuesindaja Baltikumis ja Soomes\",\"potentialAction\":[{\"@type\":\"SearchAction\",\"target\":{\"@type\":\"EntryPoint\",\"urlTemplate\":\"https:\/\/bornitbaltic.ee\/?s={search_term_string}\"},\"query-input\":{\"@type\":\"PropertyValueSpecification\",\"valueRequired\":true,\"valueName\":\"search_term_string\"}}],\"inLanguage\":\"fi\"}]}<\/script>\n<!-- \/ Yoast SEO plugin. -->","yoast_head_json":{"title":"BORNIT\u00ae - Noax - Bornit Baltic O\u00dc","description":"BORNIT\u00ae - Noax - tellimine Bornit Baltic kodulehel otse maaletoojalt. Vaata BORNIT\u00ae - Noax lisainfot ning k\u00fcsi personaalne pakkumine.","robots":{"index":"index","follow":"follow","max-snippet":"max-snippet:-1","max-image-preview":"max-image-preview:large","max-video-preview":"max-video-preview:-1"},"canonical":"https:\/\/bornitbaltic.ee\/fi\/tuotteet\/perustuksen-tiivistys\/kyllastys-ja-injektointiaineet\/bornit-noax\/","og_locale":"fi_FI","og_type":"article","og_title":"BORNIT\u00ae - Noax - Bornit Baltic O\u00dc","og_description":"BORNIT\u00ae - Noax - tellimine Bornit Baltic kodulehel otse maaletoojalt. Vaata BORNIT\u00ae - Noax lisainfot ning k\u00fcsi personaalne pakkumine.","og_url":"https:\/\/bornitbaltic.ee\/fi\/tuotteet\/perustuksen-tiivistys\/kyllastys-ja-injektointiaineet\/bornit-noax\/","og_site_name":"BornitBaltic","article_publisher":"http:\/\/www.facebook.com\/bornitbaltic\/","article_modified_time":"2019-01-14T07:55:34+00:00","og_image":[{"width":210,"height":228,"url":"https:\/\/bornitbaltic.ee\/wp-content\/uploads\/2017\/01\/noax_10liter.png","type":"image\/png"}],"twitter_card":"summary_large_image","schema":{"@context":"https:\/\/schema.org","@graph":[{"@type":"WebPage","@id":"https:\/\/bornitbaltic.ee\/fi\/tuotteet\/perustuksen-tiivistys\/kyllastys-ja-injektointiaineet\/bornit-noax\/","url":"https:\/\/bornitbaltic.ee\/fi\/tuotteet\/perustuksen-tiivistys\/kyllastys-ja-injektointiaineet\/bornit-noax\/","name":"BORNIT\u00ae - Noax - Bornit Baltic O\u00dc","isPartOf":{"@id":"https:\/\/bornitbaltic.ee\/#website"},"primaryImageOfPage":{"@id":"https:\/\/bornitbaltic.ee\/fi\/tuotteet\/perustuksen-tiivistys\/kyllastys-ja-injektointiaineet\/bornit-noax\/#primaryimage"},"image":{"@id":"https:\/\/bornitbaltic.ee\/fi\/tuotteet\/perustuksen-tiivistys\/kyllastys-ja-injektointiaineet\/bornit-noax\/#primaryimage"},"thumbnailUrl":"https:\/\/bornitbaltic.ee\/wp-content\/uploads\/2017\/01\/noax_10liter.png","datePublished":"2017-01-05T17:51:24+00:00","dateModified":"2019-01-14T07:55:34+00:00","description":"BORNIT\u00ae - Noax - tellimine Bornit Baltic kodulehel otse maaletoojalt. Vaata BORNIT\u00ae - Noax lisainfot ning k\u00fcsi personaalne pakkumine.","breadcrumb":{"@id":"https:\/\/bornitbaltic.ee\/fi\/tuotteet\/perustuksen-tiivistys\/kyllastys-ja-injektointiaineet\/bornit-noax\/#breadcrumb"},"inLanguage":"fi","potentialAction":[{"@type":"ReadAction","target":["https:\/\/bornitbaltic.ee\/fi\/tuotteet\/perustuksen-tiivistys\/kyllastys-ja-injektointiaineet\/bornit-noax\/"]}]},{"@type":"ImageObject","inLanguage":"fi","@id":"https:\/\/bornitbaltic.ee\/fi\/tuotteet\/perustuksen-tiivistys\/kyllastys-ja-injektointiaineet\/bornit-noax\/#primaryimage","url":"https:\/\/bornitbaltic.ee\/wp-content\/uploads\/2017\/01\/noax_10liter.png","contentUrl":"https:\/\/bornitbaltic.ee\/wp-content\/uploads\/2017\/01\/noax_10liter.png","width":210,"height":228,"caption":"Noax"},{"@type":"BreadcrumbList","@id":"https:\/\/bornitbaltic.ee\/fi\/tuotteet\/perustuksen-tiivistys\/kyllastys-ja-injektointiaineet\/bornit-noax\/#breadcrumb","itemListElement":[{"@type":"ListItem","position":1,"name":"Home","item":"https:\/\/bornitbaltic.ee\/fi\/"},{"@type":"ListItem","position":2,"name":"Tuotteet","item":"https:\/\/bornitbaltic.ee\/fi\/tuotteiden\/"},{"@type":"ListItem","position":3,"name":"BORNIT\u00ae &#8211; Noax"}]},{"@type":"WebSite","@id":"https:\/\/bornitbaltic.ee\/#website","url":"https:\/\/bornitbaltic.ee\/","name":"BornitBaltic","description":"BORNIT\u00ae ainuesindaja Baltikumis ja Soomes","potentialAction":[{"@type":"SearchAction","target":{"@type":"EntryPoint","urlTemplate":"https:\/\/bornitbaltic.ee\/?s={search_term_string}"},"query-input":{"@type":"PropertyValueSpecification","valueRequired":true,"valueName":"search_term_string"}}],"inLanguage":"fi"}]}},"_links":{"self":[{"href":"https:\/\/bornitbaltic.ee\/fi\/wp-json\/wp\/v2\/product\/21742","targetHints":{"allow":["GET"]}}],"collection":[{"href":"https:\/\/bornitbaltic.ee\/fi\/wp-json\/wp\/v2\/product"}],"about":[{"href":"https:\/\/bornitbaltic.ee\/fi\/wp-json\/wp\/v2\/types\/product"}],"wp:featuredmedia":[{"embeddable":true,"href":"https:\/\/bornitbaltic.ee\/fi\/wp-json\/wp\/v2\/media\/21364"}],"wp:attachment":[{"href":"https:\/\/bornitbaltic.ee\/fi\/wp-json\/wp\/v2\/media?parent=21742"}],"wp:term":[{"taxonomy":"product_brand","embeddable":true,"href":"https:\/\/bornitbaltic.ee\/fi\/wp-json\/wp\/v2\/product_brand?post=21742"},{"taxonomy":"product_cat","embeddable":true,"href":"https:\/\/bornitbaltic.ee\/fi\/wp-json\/wp\/v2\/product_cat?post=21742"},{"taxonomy":"product_tag","embeddable":true,"href":"https:\/\/bornitbaltic.ee\/fi\/wp-json\/wp\/v2\/product_tag?post=21742"}],"curies":[{"name":"wp","href":"https:\/\/api.w.org\/{rel}","templated":true}]}}