{"id":21747,"date":"2017-01-05T18:19:31","date_gmt":"2017-01-05T18:19:31","guid":{"rendered":"http:\/\/wpeesti.ee\/veebitestid\/bornitbaltic\/tooted\/maaratlemata\/bornit-fugenflex-band-tihenduslint\/"},"modified":"2017-01-18T11:41:21","modified_gmt":"2017-01-18T11:41:21","slug":"bornit-fugenflex-band","status":"publish","type":"product","link":"https:\/\/bornitbaltic.ee\/fi\/tuotteet\/perustuksen-tiivistys\/tarvikkeet\/bornit-fugenflex-band\/","title":{"rendered":"BORNIT\u00ae &#8211; Fugenflex-Band"},"content":{"rendered":"<h2>BORNIT\u00ae &#8211; Fugenflex-Band<\/h2>\n<p><strong>Joustava tiivistenauha <\/strong>korkealaatuista<strong> kumip\u00e4\u00e4llysteist\u00e4 polyesterikudosta.<br \/>\nTy\u00f6- ja liikuntasaumojen, <\/strong>liitoskohtien, rajapintojen, nurkkien jne.<strong> tiivistys. <\/strong><\/p>\n<p>Voidaan k\u00e4ytt\u00e4\u00e4 yhdess\u00e4 tiivistysj\u00e4rjestelmien BORNIT\u00ae-Fundamentdicht 1K, -2K, BORNIT\u00ae-Fundamentflex 2K ja BORNIT\u00ae-Profidicht 1K Fix kanssa.<\/p>\n<p>Muut mitat tilauksesta!<\/p>\n<table border=\"0\" width=\"250\" cellspacing=\"5\" cellpadding=\"0\">\n<tbody>\n<tr>\n<td colspan=\"2\" height=\"30\"><strong>Mitat<\/strong>:<\/td>\n<\/tr>\n<tr>\n<td align=\"left\" valign=\"middle\" width=\"100\" height=\"25\">Pakkaus<\/td>\n<td align=\"left\" valign=\"middle\" width=\"150\" height=\"25\">10 m<br \/>\n50 m<\/td>\n<\/tr>\n<tr>\n<td align=\"left\" valign=\"middle\" height=\"25\">V\u00e4ri<\/td>\n<td align=\"left\" valign=\"middle\" width=\"150\" height=\"25\">valkoinen-harmaa-valkoinen<\/td>\n<\/tr>\n<tr>\n<td align=\"left\" valign=\"middle\" height=\"25\">Kulutus<\/td>\n<td align=\"left\" valign=\"middle\" width=\"150\" height=\"25\">Kokonaisleveys: 150 mm<br \/>\nKumitettu leveys: 100 mm<\/p>\n<p>Kokonaisleveys: 200 mm<br \/>\nKumitettu leveys: 150 mm<\/td>\n<\/tr>\n<\/tbody>\n<\/table>\n","protected":false},"excerpt":{"rendered":"<p><strong>Joustava tiivistenauha <\/strong>korkealaatuista<strong> kumip\u00e4\u00e4llysteist\u00e4 polyesterikudosta.<br \/>\nTy\u00f6- ja liikuntasaumojen, <\/strong>liitoskohtien, rajapintojen, nurkkien jne.<strong> tiivistys. <\/strong><\/p>\n<p>Voidaan k\u00e4ytt\u00e4\u00e4 yhdess\u00e4 tiivistysj\u00e4rjestelmien BORNIT\u00ae-Fundamentdicht 1K, -2K, BORNIT\u00ae-Fundamentflex 2K ja BORNIT\u00ae-Profidicht 1K Fix kanssa.<\/p>\n<p>Muut mitat tilauksesta!<\/p>\n","protected":false},"featured_media":25215,"template":"","meta":{"_acf_changed":false},"product_brand":[],"product_cat":[94,105],"product_tag":[],"class_list":{"0":"post-21747","1":"product","2":"type-product","3":"status-publish","4":"has-post-thumbnail","6":"brand-bornit","7":"product_cat-perustuksen-tiivistys","8":"product_cat-tarvikkeet","10":"first","11":"instock","12":"taxable","13":"shipping-taxable","14":"product-type-simple"},"acf":[],"yoast_head":"<!-- This site is optimized with the Yoast SEO plugin v26.1.1 - https:\/\/yoast.com\/wordpress\/plugins\/seo\/ -->\n<title>BORNIT\u00ae - Fugenflex-Band - Bornit Baltic O\u00dc<\/title>\n<meta name=\"description\" content=\"BORNIT\u00ae - Fugenflex-Band - tellimine Bornit Baltic kodulehel otse maaletoojalt. Vaata BORNIT\u00ae - Fugenflex-Band lisainfot ning k\u00fcsi personaalne pakkumine.\" \/>\n<meta name=\"robots\" content=\"index, follow, max-snippet:-1, max-image-preview:large, max-video-preview:-1\" \/>\n<link rel=\"canonical\" href=\"https:\/\/bornitbaltic.ee\/fi\/tuotteet\/perustuksen-tiivistys\/tarvikkeet\/bornit-fugenflex-band\/\" \/>\n<meta property=\"og:locale\" content=\"fi_FI\" \/>\n<meta property=\"og:type\" content=\"article\" \/>\n<meta property=\"og:title\" content=\"BORNIT\u00ae - Fugenflex-Band - Bornit Baltic O\u00dc\" \/>\n<meta property=\"og:description\" content=\"BORNIT\u00ae - Fugenflex-Band - tellimine Bornit Baltic kodulehel otse maaletoojalt. Vaata BORNIT\u00ae - Fugenflex-Band lisainfot ning k\u00fcsi personaalne pakkumine.\" \/>\n<meta property=\"og:url\" content=\"https:\/\/bornitbaltic.ee\/fi\/tuotteet\/perustuksen-tiivistys\/tarvikkeet\/bornit-fugenflex-band\/\" \/>\n<meta property=\"og:site_name\" content=\"BornitBaltic\" \/>\n<meta property=\"article:publisher\" content=\"http:\/\/www.facebook.com\/bornitbaltic\/\" \/>\n<meta property=\"article:modified_time\" content=\"2017-01-18T11:41:21+00:00\" \/>\n<meta property=\"og:image\" content=\"https:\/\/bornitbaltic.ee\/wp-content\/uploads\/2017\/01\/FF.png\" \/>\n\t<meta property=\"og:image:width\" content=\"310\" \/>\n\t<meta property=\"og:image:height\" content=\"350\" \/>\n\t<meta property=\"og:image:type\" content=\"image\/png\" \/>\n<meta name=\"twitter:card\" content=\"summary_large_image\" \/>\n<script type=\"application\/ld+json\" class=\"yoast-schema-graph\">{\"@context\":\"https:\/\/schema.org\",\"@graph\":[{\"@type\":\"WebPage\",\"@id\":\"https:\/\/bornitbaltic.ee\/fi\/tuotteet\/perustuksen-tiivistys\/tarvikkeet\/bornit-fugenflex-band\/\",\"url\":\"https:\/\/bornitbaltic.ee\/fi\/tuotteet\/perustuksen-tiivistys\/tarvikkeet\/bornit-fugenflex-band\/\",\"name\":\"BORNIT\u00ae - Fugenflex-Band - Bornit Baltic O\u00dc\",\"isPartOf\":{\"@id\":\"https:\/\/bornitbaltic.ee\/#website\"},\"primaryImageOfPage\":{\"@id\":\"https:\/\/bornitbaltic.ee\/fi\/tuotteet\/perustuksen-tiivistys\/tarvikkeet\/bornit-fugenflex-band\/#primaryimage\"},\"image\":{\"@id\":\"https:\/\/bornitbaltic.ee\/fi\/tuotteet\/perustuksen-tiivistys\/tarvikkeet\/bornit-fugenflex-band\/#primaryimage\"},\"thumbnailUrl\":\"https:\/\/bornitbaltic.ee\/wp-content\/uploads\/2017\/01\/FF.png\",\"datePublished\":\"2017-01-05T18:19:31+00:00\",\"dateModified\":\"2017-01-18T11:41:21+00:00\",\"description\":\"BORNIT\u00ae - Fugenflex-Band - tellimine Bornit Baltic kodulehel otse maaletoojalt. Vaata BORNIT\u00ae - Fugenflex-Band lisainfot ning k\u00fcsi personaalne pakkumine.\",\"breadcrumb\":{\"@id\":\"https:\/\/bornitbaltic.ee\/fi\/tuotteet\/perustuksen-tiivistys\/tarvikkeet\/bornit-fugenflex-band\/#breadcrumb\"},\"inLanguage\":\"fi\",\"potentialAction\":[{\"@type\":\"ReadAction\",\"target\":[\"https:\/\/bornitbaltic.ee\/fi\/tuotteet\/perustuksen-tiivistys\/tarvikkeet\/bornit-fugenflex-band\/\"]}]},{\"@type\":\"ImageObject\",\"inLanguage\":\"fi\",\"@id\":\"https:\/\/bornitbaltic.ee\/fi\/tuotteet\/perustuksen-tiivistys\/tarvikkeet\/bornit-fugenflex-band\/#primaryimage\",\"url\":\"https:\/\/bornitbaltic.ee\/wp-content\/uploads\/2017\/01\/FF.png\",\"contentUrl\":\"https:\/\/bornitbaltic.ee\/wp-content\/uploads\/2017\/01\/FF.png\",\"width\":310,\"height\":350},{\"@type\":\"BreadcrumbList\",\"@id\":\"https:\/\/bornitbaltic.ee\/fi\/tuotteet\/perustuksen-tiivistys\/tarvikkeet\/bornit-fugenflex-band\/#breadcrumb\",\"itemListElement\":[{\"@type\":\"ListItem\",\"position\":1,\"name\":\"Home\",\"item\":\"https:\/\/bornitbaltic.ee\/fi\/\"},{\"@type\":\"ListItem\",\"position\":2,\"name\":\"Tuotteet\",\"item\":\"https:\/\/bornitbaltic.ee\/fi\/tuotteiden\/\"},{\"@type\":\"ListItem\",\"position\":3,\"name\":\"BORNIT\u00ae &#8211; Fugenflex-Band\"}]},{\"@type\":\"WebSite\",\"@id\":\"https:\/\/bornitbaltic.ee\/#website\",\"url\":\"https:\/\/bornitbaltic.ee\/\",\"name\":\"BornitBaltic\",\"description\":\"BORNIT\u00ae ainuesindaja Baltikumis ja Soomes\",\"potentialAction\":[{\"@type\":\"SearchAction\",\"target\":{\"@type\":\"EntryPoint\",\"urlTemplate\":\"https:\/\/bornitbaltic.ee\/?s={search_term_string}\"},\"query-input\":{\"@type\":\"PropertyValueSpecification\",\"valueRequired\":true,\"valueName\":\"search_term_string\"}}],\"inLanguage\":\"fi\"}]}<\/script>\n<!-- \/ Yoast SEO plugin. -->","yoast_head_json":{"title":"BORNIT\u00ae - Fugenflex-Band - Bornit Baltic O\u00dc","description":"BORNIT\u00ae - Fugenflex-Band - tellimine Bornit Baltic kodulehel otse maaletoojalt. Vaata BORNIT\u00ae - Fugenflex-Band lisainfot ning k\u00fcsi personaalne pakkumine.","robots":{"index":"index","follow":"follow","max-snippet":"max-snippet:-1","max-image-preview":"max-image-preview:large","max-video-preview":"max-video-preview:-1"},"canonical":"https:\/\/bornitbaltic.ee\/fi\/tuotteet\/perustuksen-tiivistys\/tarvikkeet\/bornit-fugenflex-band\/","og_locale":"fi_FI","og_type":"article","og_title":"BORNIT\u00ae - Fugenflex-Band - Bornit Baltic O\u00dc","og_description":"BORNIT\u00ae - Fugenflex-Band - tellimine Bornit Baltic kodulehel otse maaletoojalt. Vaata BORNIT\u00ae - Fugenflex-Band lisainfot ning k\u00fcsi personaalne pakkumine.","og_url":"https:\/\/bornitbaltic.ee\/fi\/tuotteet\/perustuksen-tiivistys\/tarvikkeet\/bornit-fugenflex-band\/","og_site_name":"BornitBaltic","article_publisher":"http:\/\/www.facebook.com\/bornitbaltic\/","article_modified_time":"2017-01-18T11:41:21+00:00","og_image":[{"width":310,"height":350,"url":"https:\/\/bornitbaltic.ee\/wp-content\/uploads\/2017\/01\/FF.png","type":"image\/png"}],"twitter_card":"summary_large_image","schema":{"@context":"https:\/\/schema.org","@graph":[{"@type":"WebPage","@id":"https:\/\/bornitbaltic.ee\/fi\/tuotteet\/perustuksen-tiivistys\/tarvikkeet\/bornit-fugenflex-band\/","url":"https:\/\/bornitbaltic.ee\/fi\/tuotteet\/perustuksen-tiivistys\/tarvikkeet\/bornit-fugenflex-band\/","name":"BORNIT\u00ae - Fugenflex-Band - Bornit Baltic O\u00dc","isPartOf":{"@id":"https:\/\/bornitbaltic.ee\/#website"},"primaryImageOfPage":{"@id":"https:\/\/bornitbaltic.ee\/fi\/tuotteet\/perustuksen-tiivistys\/tarvikkeet\/bornit-fugenflex-band\/#primaryimage"},"image":{"@id":"https:\/\/bornitbaltic.ee\/fi\/tuotteet\/perustuksen-tiivistys\/tarvikkeet\/bornit-fugenflex-band\/#primaryimage"},"thumbnailUrl":"https:\/\/bornitbaltic.ee\/wp-content\/uploads\/2017\/01\/FF.png","datePublished":"2017-01-05T18:19:31+00:00","dateModified":"2017-01-18T11:41:21+00:00","description":"BORNIT\u00ae - Fugenflex-Band - tellimine Bornit Baltic kodulehel otse maaletoojalt. Vaata BORNIT\u00ae - Fugenflex-Band lisainfot ning k\u00fcsi personaalne pakkumine.","breadcrumb":{"@id":"https:\/\/bornitbaltic.ee\/fi\/tuotteet\/perustuksen-tiivistys\/tarvikkeet\/bornit-fugenflex-band\/#breadcrumb"},"inLanguage":"fi","potentialAction":[{"@type":"ReadAction","target":["https:\/\/bornitbaltic.ee\/fi\/tuotteet\/perustuksen-tiivistys\/tarvikkeet\/bornit-fugenflex-band\/"]}]},{"@type":"ImageObject","inLanguage":"fi","@id":"https:\/\/bornitbaltic.ee\/fi\/tuotteet\/perustuksen-tiivistys\/tarvikkeet\/bornit-fugenflex-band\/#primaryimage","url":"https:\/\/bornitbaltic.ee\/wp-content\/uploads\/2017\/01\/FF.png","contentUrl":"https:\/\/bornitbaltic.ee\/wp-content\/uploads\/2017\/01\/FF.png","width":310,"height":350},{"@type":"BreadcrumbList","@id":"https:\/\/bornitbaltic.ee\/fi\/tuotteet\/perustuksen-tiivistys\/tarvikkeet\/bornit-fugenflex-band\/#breadcrumb","itemListElement":[{"@type":"ListItem","position":1,"name":"Home","item":"https:\/\/bornitbaltic.ee\/fi\/"},{"@type":"ListItem","position":2,"name":"Tuotteet","item":"https:\/\/bornitbaltic.ee\/fi\/tuotteiden\/"},{"@type":"ListItem","position":3,"name":"BORNIT\u00ae &#8211; Fugenflex-Band"}]},{"@type":"WebSite","@id":"https:\/\/bornitbaltic.ee\/#website","url":"https:\/\/bornitbaltic.ee\/","name":"BornitBaltic","description":"BORNIT\u00ae ainuesindaja Baltikumis ja Soomes","potentialAction":[{"@type":"SearchAction","target":{"@type":"EntryPoint","urlTemplate":"https:\/\/bornitbaltic.ee\/?s={search_term_string}"},"query-input":{"@type":"PropertyValueSpecification","valueRequired":true,"valueName":"search_term_string"}}],"inLanguage":"fi"}]}},"_links":{"self":[{"href":"https:\/\/bornitbaltic.ee\/fi\/wp-json\/wp\/v2\/product\/21747","targetHints":{"allow":["GET"]}}],"collection":[{"href":"https:\/\/bornitbaltic.ee\/fi\/wp-json\/wp\/v2\/product"}],"about":[{"href":"https:\/\/bornitbaltic.ee\/fi\/wp-json\/wp\/v2\/types\/product"}],"wp:featuredmedia":[{"embeddable":true,"href":"https:\/\/bornitbaltic.ee\/fi\/wp-json\/wp\/v2\/media\/25215"}],"wp:attachment":[{"href":"https:\/\/bornitbaltic.ee\/fi\/wp-json\/wp\/v2\/media?parent=21747"}],"wp:term":[{"taxonomy":"product_brand","embeddable":true,"href":"https:\/\/bornitbaltic.ee\/fi\/wp-json\/wp\/v2\/product_brand?post=21747"},{"taxonomy":"product_cat","embeddable":true,"href":"https:\/\/bornitbaltic.ee\/fi\/wp-json\/wp\/v2\/product_cat?post=21747"},{"taxonomy":"product_tag","embeddable":true,"href":"https:\/\/bornitbaltic.ee\/fi\/wp-json\/wp\/v2\/product_tag?post=21747"}],"curies":[{"name":"wp","href":"https:\/\/api.w.org\/{rel}","templated":true}]}}