{"id":21748,"date":"2017-01-05T18:22:50","date_gmt":"2017-01-05T18:22:50","guid":{"rendered":"http:\/\/wpeesti.ee\/veebitestid\/bornitbaltic\/tooted\/maaratlemata\/bornit-easypipe\/"},"modified":"2017-01-18T11:45:11","modified_gmt":"2017-01-18T11:45:11","slug":"bornit-easypipe","status":"publish","type":"product","link":"https:\/\/bornitbaltic.ee\/fi\/tuotteet\/perustuksen-tiivistys\/tarvikkeet\/bornit-easypipe\/","title":{"rendered":"BORNIT\u00ae &#8211; EasyPipe"},"content":{"rendered":"<h2>BORNIT\u00ae &#8211; EasyPipe<\/h2>\n<p><strong>Putkil\u00e4pivientien varmaan tiivist\u00e4miseen perustuksen suoto- ja painevesialueella. <\/strong><br \/>\nT\u00e4ydellinen sarja koostuu kahdesta j\u00e4yk\u00e4st\u00e4 BORNIT\u00ae-EasyPipe -puolikourusta ja 1 patruunasta BORNIT\u00ae-EasyPipe-liimaa (riitt\u00e4\u00e4 putkiholkin liimaamiseen).<br \/>\nSopii k\u00e4ytett\u00e4v\u00e4ksi yhdess\u00e4 tiivistysj\u00e4rjestelmien BORNIT\u00ae-Fundamentdicht 1K, -2K, BORNIT\u00ae-Fundamentflex 2K, BORNIT\u00ae-Profidicht 1K Fix ja BORNIT\u00ae-Profidicht Hybrid 2K kanssa.<\/p>\n<p><strong>BORNIT\u00ae-EasyPipe-liima <\/strong>on saatavissa my\u00f6s erikseen.<\/p>\n<table border=\"0\" width=\"250\" cellspacing=\"5\" cellpadding=\"0\">\n<tbody>\n<tr>\n<td colspan=\"2\" height=\"30\"><strong>Mitat<\/strong>:<\/td>\n<\/tr>\n<tr>\n<td align=\"left\" valign=\"middle\" width=\"100\" height=\"25\">Pakkaus<\/td>\n<td align=\"left\" valign=\"middle\" width=\"150\" height=\"25\">Putken halkaisija:<br \/>\n8\u201325 mm\/\u00a0 yksitt\u00e4in<br \/>\n26\u201344 mm \/ yksitt\u00e4in<br \/>\n45\u201363 mm \/ yksitt\u00e4in<br \/>\n64\u201386 mm \/ yksitt\u00e4in<br \/>\n87\u2013110 mm \/ yksitt\u00e4in<br \/>\n111\u2013125 mm \/ yksitt\u00e4in<br \/>\n135\u2013160 mm \/ yksitt\u00e4in<\/p>\n<p>310 ml patruuna \/ yksitt\u00e4in<\/td>\n<\/tr>\n<tr>\n<td align=\"left\" valign=\"middle\" height=\"25\">V\u00e4ri<\/td>\n<td align=\"left\" valign=\"middle\" width=\"150\" height=\"25\">musta \/ liima: harmaa<\/td>\n<\/tr>\n<tr>\n<td align=\"left\" valign=\"middle\" height=\"25\">Kulutus<\/td>\n<td align=\"left\" valign=\"middle\" width=\"150\" height=\"25\"><\/td>\n<\/tr>\n<\/tbody>\n<\/table>\n","protected":false},"excerpt":{"rendered":"<p><strong>Putkil\u00e4pivientien varmaan tiivist\u00e4miseen perustuksen suoto- ja painevesialueella. <\/strong><br \/>\nT\u00e4ydellinen sarja koostuu kahdesta j\u00e4yk\u00e4st\u00e4 BORNIT\u00ae-EasyPipe -puolikourusta ja 1 patruunasta BORNIT\u00ae-EasyPipe-liimaa (riitt\u00e4\u00e4 putkiholkin liimaamiseen).<br \/>\nSopii k\u00e4ytett\u00e4v\u00e4ksi yhdess\u00e4 tiivistysj\u00e4rjestelmien BORNIT\u00ae-Fundamentdicht 1K, -2K, BORNIT\u00ae-Fundamentflex 2K, BORNIT\u00ae-Profidicht 1K Fix ja BORNIT\u00ae-Profidicht Hybrid 2K kanssa.<\/p>\n<p><strong>BORNIT\u00ae-EasyPipe-liima <\/strong>on saatavissa my\u00f6s erikseen.<\/p>\n","protected":false},"featured_media":21397,"template":"","meta":{"_acf_changed":false},"product_brand":[],"product_cat":[94,105],"product_tag":[],"class_list":{"0":"post-21748","1":"product","2":"type-product","3":"status-publish","4":"has-post-thumbnail","6":"brand-bornit","7":"product_cat-perustuksen-tiivistys","8":"product_cat-tarvikkeet","10":"first","11":"instock","12":"taxable","13":"shipping-taxable","14":"product-type-simple"},"acf":[],"yoast_head":"<!-- This site is optimized with the Yoast SEO plugin v26.1.1 - https:\/\/yoast.com\/wordpress\/plugins\/seo\/ -->\n<title>BORNIT\u00ae - EasyPipe - Bornit Baltic O\u00dc<\/title>\n<meta name=\"description\" content=\"BORNIT\u00ae - EasyPipe - tellimine Bornit Baltic kodulehel otse maaletoojalt. Vaata BORNIT\u00ae - EasyPipe lisainfot ning k\u00fcsi personaalne pakkumine.\" \/>\n<meta name=\"robots\" content=\"index, follow, max-snippet:-1, max-image-preview:large, max-video-preview:-1\" \/>\n<link rel=\"canonical\" href=\"https:\/\/bornitbaltic.ee\/fi\/tuotteet\/perustuksen-tiivistys\/tarvikkeet\/bornit-easypipe\/\" \/>\n<meta property=\"og:locale\" content=\"fi_FI\" \/>\n<meta property=\"og:type\" content=\"article\" \/>\n<meta property=\"og:title\" content=\"BORNIT\u00ae - EasyPipe - Bornit Baltic O\u00dc\" \/>\n<meta property=\"og:description\" content=\"BORNIT\u00ae - EasyPipe - tellimine Bornit Baltic kodulehel otse maaletoojalt. Vaata BORNIT\u00ae - EasyPipe lisainfot ning k\u00fcsi personaalne pakkumine.\" \/>\n<meta property=\"og:url\" content=\"https:\/\/bornitbaltic.ee\/fi\/tuotteet\/perustuksen-tiivistys\/tarvikkeet\/bornit-easypipe\/\" \/>\n<meta property=\"og:site_name\" content=\"BornitBaltic\" \/>\n<meta property=\"article:publisher\" content=\"http:\/\/www.facebook.com\/bornitbaltic\/\" \/>\n<meta property=\"article:modified_time\" content=\"2017-01-18T11:45:11+00:00\" \/>\n<meta property=\"og:image\" content=\"https:\/\/bornitbaltic.ee\/wp-content\/uploads\/2017\/01\/easypipe_abb_0.png\" \/>\n\t<meta property=\"og:image:width\" content=\"379\" \/>\n\t<meta property=\"og:image:height\" content=\"322\" \/>\n\t<meta property=\"og:image:type\" content=\"image\/png\" \/>\n<meta name=\"twitter:card\" content=\"summary_large_image\" \/>\n<script type=\"application\/ld+json\" class=\"yoast-schema-graph\">{\"@context\":\"https:\/\/schema.org\",\"@graph\":[{\"@type\":\"WebPage\",\"@id\":\"https:\/\/bornitbaltic.ee\/fi\/tuotteet\/perustuksen-tiivistys\/tarvikkeet\/bornit-easypipe\/\",\"url\":\"https:\/\/bornitbaltic.ee\/fi\/tuotteet\/perustuksen-tiivistys\/tarvikkeet\/bornit-easypipe\/\",\"name\":\"BORNIT\u00ae - EasyPipe - Bornit Baltic O\u00dc\",\"isPartOf\":{\"@id\":\"https:\/\/bornitbaltic.ee\/#website\"},\"primaryImageOfPage\":{\"@id\":\"https:\/\/bornitbaltic.ee\/fi\/tuotteet\/perustuksen-tiivistys\/tarvikkeet\/bornit-easypipe\/#primaryimage\"},\"image\":{\"@id\":\"https:\/\/bornitbaltic.ee\/fi\/tuotteet\/perustuksen-tiivistys\/tarvikkeet\/bornit-easypipe\/#primaryimage\"},\"thumbnailUrl\":\"https:\/\/bornitbaltic.ee\/wp-content\/uploads\/2017\/01\/easypipe_abb_0.png\",\"datePublished\":\"2017-01-05T18:22:50+00:00\",\"dateModified\":\"2017-01-18T11:45:11+00:00\",\"description\":\"BORNIT\u00ae - EasyPipe - tellimine Bornit Baltic kodulehel otse maaletoojalt. Vaata BORNIT\u00ae - EasyPipe lisainfot ning k\u00fcsi personaalne pakkumine.\",\"breadcrumb\":{\"@id\":\"https:\/\/bornitbaltic.ee\/fi\/tuotteet\/perustuksen-tiivistys\/tarvikkeet\/bornit-easypipe\/#breadcrumb\"},\"inLanguage\":\"fi\",\"potentialAction\":[{\"@type\":\"ReadAction\",\"target\":[\"https:\/\/bornitbaltic.ee\/fi\/tuotteet\/perustuksen-tiivistys\/tarvikkeet\/bornit-easypipe\/\"]}]},{\"@type\":\"ImageObject\",\"inLanguage\":\"fi\",\"@id\":\"https:\/\/bornitbaltic.ee\/fi\/tuotteet\/perustuksen-tiivistys\/tarvikkeet\/bornit-easypipe\/#primaryimage\",\"url\":\"https:\/\/bornitbaltic.ee\/wp-content\/uploads\/2017\/01\/easypipe_abb_0.png\",\"contentUrl\":\"https:\/\/bornitbaltic.ee\/wp-content\/uploads\/2017\/01\/easypipe_abb_0.png\",\"width\":379,\"height\":322,\"caption\":\"EasyPipe\"},{\"@type\":\"BreadcrumbList\",\"@id\":\"https:\/\/bornitbaltic.ee\/fi\/tuotteet\/perustuksen-tiivistys\/tarvikkeet\/bornit-easypipe\/#breadcrumb\",\"itemListElement\":[{\"@type\":\"ListItem\",\"position\":1,\"name\":\"Home\",\"item\":\"https:\/\/bornitbaltic.ee\/fi\/\"},{\"@type\":\"ListItem\",\"position\":2,\"name\":\"Tuotteet\",\"item\":\"https:\/\/bornitbaltic.ee\/fi\/tuotteiden\/\"},{\"@type\":\"ListItem\",\"position\":3,\"name\":\"BORNIT\u00ae &#8211; EasyPipe\"}]},{\"@type\":\"WebSite\",\"@id\":\"https:\/\/bornitbaltic.ee\/#website\",\"url\":\"https:\/\/bornitbaltic.ee\/\",\"name\":\"BornitBaltic\",\"description\":\"BORNIT\u00ae ainuesindaja Baltikumis ja Soomes\",\"potentialAction\":[{\"@type\":\"SearchAction\",\"target\":{\"@type\":\"EntryPoint\",\"urlTemplate\":\"https:\/\/bornitbaltic.ee\/?s={search_term_string}\"},\"query-input\":{\"@type\":\"PropertyValueSpecification\",\"valueRequired\":true,\"valueName\":\"search_term_string\"}}],\"inLanguage\":\"fi\"}]}<\/script>\n<!-- \/ Yoast SEO plugin. -->","yoast_head_json":{"title":"BORNIT\u00ae - EasyPipe - Bornit Baltic O\u00dc","description":"BORNIT\u00ae - EasyPipe - tellimine Bornit Baltic kodulehel otse maaletoojalt. Vaata BORNIT\u00ae - EasyPipe lisainfot ning k\u00fcsi personaalne pakkumine.","robots":{"index":"index","follow":"follow","max-snippet":"max-snippet:-1","max-image-preview":"max-image-preview:large","max-video-preview":"max-video-preview:-1"},"canonical":"https:\/\/bornitbaltic.ee\/fi\/tuotteet\/perustuksen-tiivistys\/tarvikkeet\/bornit-easypipe\/","og_locale":"fi_FI","og_type":"article","og_title":"BORNIT\u00ae - EasyPipe - Bornit Baltic O\u00dc","og_description":"BORNIT\u00ae - EasyPipe - tellimine Bornit Baltic kodulehel otse maaletoojalt. Vaata BORNIT\u00ae - EasyPipe lisainfot ning k\u00fcsi personaalne pakkumine.","og_url":"https:\/\/bornitbaltic.ee\/fi\/tuotteet\/perustuksen-tiivistys\/tarvikkeet\/bornit-easypipe\/","og_site_name":"BornitBaltic","article_publisher":"http:\/\/www.facebook.com\/bornitbaltic\/","article_modified_time":"2017-01-18T11:45:11+00:00","og_image":[{"width":379,"height":322,"url":"https:\/\/bornitbaltic.ee\/wp-content\/uploads\/2017\/01\/easypipe_abb_0.png","type":"image\/png"}],"twitter_card":"summary_large_image","schema":{"@context":"https:\/\/schema.org","@graph":[{"@type":"WebPage","@id":"https:\/\/bornitbaltic.ee\/fi\/tuotteet\/perustuksen-tiivistys\/tarvikkeet\/bornit-easypipe\/","url":"https:\/\/bornitbaltic.ee\/fi\/tuotteet\/perustuksen-tiivistys\/tarvikkeet\/bornit-easypipe\/","name":"BORNIT\u00ae - EasyPipe - Bornit Baltic O\u00dc","isPartOf":{"@id":"https:\/\/bornitbaltic.ee\/#website"},"primaryImageOfPage":{"@id":"https:\/\/bornitbaltic.ee\/fi\/tuotteet\/perustuksen-tiivistys\/tarvikkeet\/bornit-easypipe\/#primaryimage"},"image":{"@id":"https:\/\/bornitbaltic.ee\/fi\/tuotteet\/perustuksen-tiivistys\/tarvikkeet\/bornit-easypipe\/#primaryimage"},"thumbnailUrl":"https:\/\/bornitbaltic.ee\/wp-content\/uploads\/2017\/01\/easypipe_abb_0.png","datePublished":"2017-01-05T18:22:50+00:00","dateModified":"2017-01-18T11:45:11+00:00","description":"BORNIT\u00ae - EasyPipe - tellimine Bornit Baltic kodulehel otse maaletoojalt. Vaata BORNIT\u00ae - EasyPipe lisainfot ning k\u00fcsi personaalne pakkumine.","breadcrumb":{"@id":"https:\/\/bornitbaltic.ee\/fi\/tuotteet\/perustuksen-tiivistys\/tarvikkeet\/bornit-easypipe\/#breadcrumb"},"inLanguage":"fi","potentialAction":[{"@type":"ReadAction","target":["https:\/\/bornitbaltic.ee\/fi\/tuotteet\/perustuksen-tiivistys\/tarvikkeet\/bornit-easypipe\/"]}]},{"@type":"ImageObject","inLanguage":"fi","@id":"https:\/\/bornitbaltic.ee\/fi\/tuotteet\/perustuksen-tiivistys\/tarvikkeet\/bornit-easypipe\/#primaryimage","url":"https:\/\/bornitbaltic.ee\/wp-content\/uploads\/2017\/01\/easypipe_abb_0.png","contentUrl":"https:\/\/bornitbaltic.ee\/wp-content\/uploads\/2017\/01\/easypipe_abb_0.png","width":379,"height":322,"caption":"EasyPipe"},{"@type":"BreadcrumbList","@id":"https:\/\/bornitbaltic.ee\/fi\/tuotteet\/perustuksen-tiivistys\/tarvikkeet\/bornit-easypipe\/#breadcrumb","itemListElement":[{"@type":"ListItem","position":1,"name":"Home","item":"https:\/\/bornitbaltic.ee\/fi\/"},{"@type":"ListItem","position":2,"name":"Tuotteet","item":"https:\/\/bornitbaltic.ee\/fi\/tuotteiden\/"},{"@type":"ListItem","position":3,"name":"BORNIT\u00ae &#8211; EasyPipe"}]},{"@type":"WebSite","@id":"https:\/\/bornitbaltic.ee\/#website","url":"https:\/\/bornitbaltic.ee\/","name":"BornitBaltic","description":"BORNIT\u00ae ainuesindaja Baltikumis ja Soomes","potentialAction":[{"@type":"SearchAction","target":{"@type":"EntryPoint","urlTemplate":"https:\/\/bornitbaltic.ee\/?s={search_term_string}"},"query-input":{"@type":"PropertyValueSpecification","valueRequired":true,"valueName":"search_term_string"}}],"inLanguage":"fi"}]}},"_links":{"self":[{"href":"https:\/\/bornitbaltic.ee\/fi\/wp-json\/wp\/v2\/product\/21748","targetHints":{"allow":["GET"]}}],"collection":[{"href":"https:\/\/bornitbaltic.ee\/fi\/wp-json\/wp\/v2\/product"}],"about":[{"href":"https:\/\/bornitbaltic.ee\/fi\/wp-json\/wp\/v2\/types\/product"}],"wp:featuredmedia":[{"embeddable":true,"href":"https:\/\/bornitbaltic.ee\/fi\/wp-json\/wp\/v2\/media\/21397"}],"wp:attachment":[{"href":"https:\/\/bornitbaltic.ee\/fi\/wp-json\/wp\/v2\/media?parent=21748"}],"wp:term":[{"taxonomy":"product_brand","embeddable":true,"href":"https:\/\/bornitbaltic.ee\/fi\/wp-json\/wp\/v2\/product_brand?post=21748"},{"taxonomy":"product_cat","embeddable":true,"href":"https:\/\/bornitbaltic.ee\/fi\/wp-json\/wp\/v2\/product_cat?post=21748"},{"taxonomy":"product_tag","embeddable":true,"href":"https:\/\/bornitbaltic.ee\/fi\/wp-json\/wp\/v2\/product_tag?post=21748"}],"curies":[{"name":"wp","href":"https:\/\/api.w.org\/{rel}","templated":true}]}}