{"id":21780,"date":"2016-12-29T14:01:57","date_gmt":"2016-12-29T14:01:57","guid":{"rendered":"http:\/\/wpeesti.ee\/veebitestid\/bornitbaltic\/tooted\/maaratlemata\/bornit-bituumenipohised-katusekatte-ja-keevitusmeetodil-paigaldatavad-isoleerrullmaterjalid\/"},"modified":"2017-01-18T12:47:32","modified_gmt":"2017-01-18T12:47:32","slug":"bornit-bitumiset-katto-ja-hitsauskalvot","status":"publish","type":"product","link":"https:\/\/bornitbaltic.ee\/fi\/tuotteet\/kattosaneeraus\/katto-ja-hitsauskalvot\/bornit-bitumiset-katto-ja-hitsauskalvot\/","title":{"rendered":"BORNIT\u00ae &#8211; Bitumiset katto- ja hitsauskalvot"},"content":{"rendered":"<h2>BORNIT\u00ae &#8211; Bitumiset katto- ja hitsauskalvot<\/h2>\n<h4>RULLA<\/h4>\n<p>R 333-N kattohuovan raakapahvi, hiekoittamaton<br \/>\nR 333-S kattohuovan raakapahvi, hiekoitettu<br \/>\nR 500-N kattohuovan raakapahvi, hiekoittamaton<br \/>\nR 500-S kattohuovan raakapahvi, hiekoitettu<br \/>\nV13-8 hienohiekoitettu tai V 13-1 hienoliuskeinen<br \/>\nV 60 S4 lasikuituhuopa, 60 g\/m\u00b2 talkittu \/<br \/>\nV 60 S 4 SS liuskeinen<br \/>\nAL + V 60 S4 alumiini &#8211; ja lasikuituhuopa, 60 g\/m\u00b2 talkittu<br \/>\nG 200 S4 lasikuitukangaskerros, 200 g\/m\u00b2 talkittu \/<br \/>\nG 200 S 4 SS liuskeinen<br \/>\nG 200 DD lasikuitukangaskerros, 200 g\/m\u00b2 hienohiekoitettu<br \/>\nPYE PV 250 S5 polyesterifleecekerros, 250 g\/m\u00b2, talkittu \/ PYE PV 250 s 5 SS liuskeinen<br \/>\nPYE G 200 S4 lasikuitukangaskerros, 200 g\/m\u00b2, talkittu<\/p>\n<table border=\"0\" width=\"250\" cellspacing=\"5\" cellpadding=\"0\">\n<tbody>\n<tr>\n<td colspan=\"2\" height=\"30\"><strong>Mitat<\/strong>:<\/td>\n<\/tr>\n<tr>\n<td align=\"left\" valign=\"middle\" width=\"100\" height=\"25\">Rulla<\/td>\n<td align=\"left\" valign=\"middle\" width=\"150\" height=\"25\">5 m\u00b2 , 10 m\u00b2 , 20 m\u00b2<\/td>\n<\/tr>\n<tr>\n<td align=\"left\" valign=\"middle\" height=\"25\">Kulutus<\/td>\n<td align=\"left\" valign=\"middle\" width=\"150\" height=\"25\">Sein\u00e4n vesieristykset ja muut katto- ja hitsauskalvot pyynn\u00f6st\u00e4.<\/td>\n<\/tr>\n<\/tbody>\n<\/table>\n","protected":false},"excerpt":{"rendered":"<h4>RULLA<\/h4>\n<p>R 333-N kattohuovan raakapahvi, hiekoittamaton<br \/>\nR 333-S kattohuovan raakapahvi, hiekoitettu<br \/>\nR 500-N kattohuovan raakapahvi, hiekoittamaton<br \/>\nR 500-S kattohuovan raakapahvi, hiekoitettu<br \/>\nV13-8 hienohiekoitettu tai V 13-1 hienoliuskeinen<br \/>\nV 60 S4 lasikuituhuopa, 60 g\/m\u00b2 talkittu \/<br \/>\nV 60 S 4 SS liuskeinen<br \/>\nAL + V 60 S4 alumiini &#8211; ja lasikuituhuopa, 60 g\/m\u00b2 talkittu<br \/>\nG 200 S4 lasikuitukangaskerros, 200 g\/m\u00b2 talkittu \/<br \/>\nG 200 S 4 SS liuskeinen<br \/>\nG 200 DD lasikuitukangaskerros, 200 g\/m\u00b2 hienohiekoitettu<br \/>\nPYE PV 250 S5 polyesterifleecekerros, 250 g\/m\u00b2, talkittu \/ PYE PV 250 s 5 SS liuskeinen<br \/>\nPYE G 200 S4 lasikuitukangaskerros, 200 g\/m\u00b2, talkittu<\/p>\n","protected":false},"featured_media":21781,"template":"","meta":{"_acf_changed":false},"product_brand":[],"product_cat":[109,92],"product_tag":[],"class_list":{"0":"post-21780","1":"product","2":"type-product","3":"status-publish","4":"has-post-thumbnail","6":"brand-bornit","7":"product_cat-katto-ja-hitsauskalvot","8":"product_cat-kattosaneeraus","10":"first","11":"instock","12":"taxable","13":"shipping-taxable","14":"product-type-simple"},"acf":[],"yoast_head":"<!-- This site is optimized with the Yoast SEO plugin v26.1.1 - https:\/\/yoast.com\/wordpress\/plugins\/seo\/ -->\n<title>BORNIT\u00ae - Bitumiset katto- ja hitsauskalvot - Bornit Baltic O\u00dc<\/title>\n<meta name=\"description\" content=\"BORNIT\u00ae - Bitumiset katto- ja hitsauskalvot - tellimine Bornit Baltic kodulehel otse maaletoojalt. Vaata BORNIT\u00ae - Bitumiset katto- ja hitsauskalvot lisainfot ning k\u00fcsi personaalne pakkumine.\" \/>\n<meta name=\"robots\" content=\"index, follow, max-snippet:-1, max-image-preview:large, max-video-preview:-1\" \/>\n<link rel=\"canonical\" href=\"https:\/\/bornitbaltic.ee\/fi\/tuotteet\/kattosaneeraus\/katto-ja-hitsauskalvot\/bornit-bitumiset-katto-ja-hitsauskalvot\/\" \/>\n<meta property=\"og:locale\" content=\"fi_FI\" \/>\n<meta property=\"og:type\" content=\"article\" \/>\n<meta property=\"og:title\" content=\"BORNIT\u00ae - Bitumiset katto- ja hitsauskalvot - Bornit Baltic O\u00dc\" \/>\n<meta property=\"og:description\" content=\"BORNIT\u00ae - Bitumiset katto- ja hitsauskalvot - tellimine Bornit Baltic kodulehel otse maaletoojalt. Vaata BORNIT\u00ae - Bitumiset katto- ja hitsauskalvot lisainfot ning k\u00fcsi personaalne pakkumine.\" \/>\n<meta property=\"og:url\" content=\"https:\/\/bornitbaltic.ee\/fi\/tuotteet\/kattosaneeraus\/katto-ja-hitsauskalvot\/bornit-bitumiset-katto-ja-hitsauskalvot\/\" \/>\n<meta property=\"og:site_name\" content=\"BornitBaltic\" \/>\n<meta property=\"article:publisher\" content=\"http:\/\/www.facebook.com\/bornitbaltic\/\" \/>\n<meta property=\"article:modified_time\" content=\"2017-01-18T12:47:32+00:00\" \/>\n<meta property=\"og:image\" content=\"https:\/\/bornitbaltic.ee\/wp-content\/uploads\/2016\/12\/dach_u_schweissbahn-1.gif\" \/>\n\t<meta property=\"og:image:width\" content=\"150\" \/>\n\t<meta property=\"og:image:height\" content=\"1004\" \/>\n\t<meta property=\"og:image:type\" content=\"image\/gif\" \/>\n<meta name=\"twitter:card\" content=\"summary_large_image\" \/>\n<meta name=\"twitter:label1\" content=\"Arvioitu lukuaika\" \/>\n\t<meta name=\"twitter:data1\" content=\"1 minuutti\" \/>\n<script type=\"application\/ld+json\" class=\"yoast-schema-graph\">{\"@context\":\"https:\/\/schema.org\",\"@graph\":[{\"@type\":\"WebPage\",\"@id\":\"https:\/\/bornitbaltic.ee\/fi\/tuotteet\/kattosaneeraus\/katto-ja-hitsauskalvot\/bornit-bitumiset-katto-ja-hitsauskalvot\/\",\"url\":\"https:\/\/bornitbaltic.ee\/fi\/tuotteet\/kattosaneeraus\/katto-ja-hitsauskalvot\/bornit-bitumiset-katto-ja-hitsauskalvot\/\",\"name\":\"BORNIT\u00ae - Bitumiset katto- ja hitsauskalvot - Bornit Baltic O\u00dc\",\"isPartOf\":{\"@id\":\"https:\/\/bornitbaltic.ee\/#website\"},\"primaryImageOfPage\":{\"@id\":\"https:\/\/bornitbaltic.ee\/fi\/tuotteet\/kattosaneeraus\/katto-ja-hitsauskalvot\/bornit-bitumiset-katto-ja-hitsauskalvot\/#primaryimage\"},\"image\":{\"@id\":\"https:\/\/bornitbaltic.ee\/fi\/tuotteet\/kattosaneeraus\/katto-ja-hitsauskalvot\/bornit-bitumiset-katto-ja-hitsauskalvot\/#primaryimage\"},\"thumbnailUrl\":\"https:\/\/bornitbaltic.ee\/wp-content\/uploads\/2016\/12\/dach_u_schweissbahn-1.gif\",\"datePublished\":\"2016-12-29T14:01:57+00:00\",\"dateModified\":\"2017-01-18T12:47:32+00:00\",\"description\":\"BORNIT\u00ae - Bitumiset katto- ja hitsauskalvot - tellimine Bornit Baltic kodulehel otse maaletoojalt. Vaata BORNIT\u00ae - Bitumiset katto- ja hitsauskalvot lisainfot ning k\u00fcsi personaalne pakkumine.\",\"breadcrumb\":{\"@id\":\"https:\/\/bornitbaltic.ee\/fi\/tuotteet\/kattosaneeraus\/katto-ja-hitsauskalvot\/bornit-bitumiset-katto-ja-hitsauskalvot\/#breadcrumb\"},\"inLanguage\":\"fi\",\"potentialAction\":[{\"@type\":\"ReadAction\",\"target\":[\"https:\/\/bornitbaltic.ee\/fi\/tuotteet\/kattosaneeraus\/katto-ja-hitsauskalvot\/bornit-bitumiset-katto-ja-hitsauskalvot\/\"]}]},{\"@type\":\"ImageObject\",\"inLanguage\":\"fi\",\"@id\":\"https:\/\/bornitbaltic.ee\/fi\/tuotteet\/kattosaneeraus\/katto-ja-hitsauskalvot\/bornit-bitumiset-katto-ja-hitsauskalvot\/#primaryimage\",\"url\":\"https:\/\/bornitbaltic.ee\/wp-content\/uploads\/2016\/12\/dach_u_schweissbahn-1.gif\",\"contentUrl\":\"https:\/\/bornitbaltic.ee\/wp-content\/uploads\/2016\/12\/dach_u_schweissbahn-1.gif\",\"width\":150,\"height\":1004,\"caption\":\"Bitumiset katto- ja hitsauskalvot\"},{\"@type\":\"BreadcrumbList\",\"@id\":\"https:\/\/bornitbaltic.ee\/fi\/tuotteet\/kattosaneeraus\/katto-ja-hitsauskalvot\/bornit-bitumiset-katto-ja-hitsauskalvot\/#breadcrumb\",\"itemListElement\":[{\"@type\":\"ListItem\",\"position\":1,\"name\":\"Home\",\"item\":\"https:\/\/bornitbaltic.ee\/fi\/\"},{\"@type\":\"ListItem\",\"position\":2,\"name\":\"Tuotteet\",\"item\":\"https:\/\/bornitbaltic.ee\/fi\/tuotteiden\/\"},{\"@type\":\"ListItem\",\"position\":3,\"name\":\"BORNIT\u00ae &#8211; Bitumiset katto- ja hitsauskalvot\"}]},{\"@type\":\"WebSite\",\"@id\":\"https:\/\/bornitbaltic.ee\/#website\",\"url\":\"https:\/\/bornitbaltic.ee\/\",\"name\":\"BornitBaltic\",\"description\":\"BORNIT\u00ae ainuesindaja Baltikumis ja Soomes\",\"potentialAction\":[{\"@type\":\"SearchAction\",\"target\":{\"@type\":\"EntryPoint\",\"urlTemplate\":\"https:\/\/bornitbaltic.ee\/?s={search_term_string}\"},\"query-input\":{\"@type\":\"PropertyValueSpecification\",\"valueRequired\":true,\"valueName\":\"search_term_string\"}}],\"inLanguage\":\"fi\"}]}<\/script>\n<!-- \/ Yoast SEO plugin. -->","yoast_head_json":{"title":"BORNIT\u00ae - Bitumiset katto- ja hitsauskalvot - Bornit Baltic O\u00dc","description":"BORNIT\u00ae - Bitumiset katto- ja hitsauskalvot - tellimine Bornit Baltic kodulehel otse maaletoojalt. Vaata BORNIT\u00ae - Bitumiset katto- ja hitsauskalvot lisainfot ning k\u00fcsi personaalne pakkumine.","robots":{"index":"index","follow":"follow","max-snippet":"max-snippet:-1","max-image-preview":"max-image-preview:large","max-video-preview":"max-video-preview:-1"},"canonical":"https:\/\/bornitbaltic.ee\/fi\/tuotteet\/kattosaneeraus\/katto-ja-hitsauskalvot\/bornit-bitumiset-katto-ja-hitsauskalvot\/","og_locale":"fi_FI","og_type":"article","og_title":"BORNIT\u00ae - Bitumiset katto- ja hitsauskalvot - Bornit Baltic O\u00dc","og_description":"BORNIT\u00ae - Bitumiset katto- ja hitsauskalvot - tellimine Bornit Baltic kodulehel otse maaletoojalt. Vaata BORNIT\u00ae - Bitumiset katto- ja hitsauskalvot lisainfot ning k\u00fcsi personaalne pakkumine.","og_url":"https:\/\/bornitbaltic.ee\/fi\/tuotteet\/kattosaneeraus\/katto-ja-hitsauskalvot\/bornit-bitumiset-katto-ja-hitsauskalvot\/","og_site_name":"BornitBaltic","article_publisher":"http:\/\/www.facebook.com\/bornitbaltic\/","article_modified_time":"2017-01-18T12:47:32+00:00","og_image":[{"width":150,"height":1004,"url":"https:\/\/bornitbaltic.ee\/wp-content\/uploads\/2016\/12\/dach_u_schweissbahn-1.gif","type":"image\/gif"}],"twitter_card":"summary_large_image","twitter_misc":{"Arvioitu lukuaika":"1 minuutti"},"schema":{"@context":"https:\/\/schema.org","@graph":[{"@type":"WebPage","@id":"https:\/\/bornitbaltic.ee\/fi\/tuotteet\/kattosaneeraus\/katto-ja-hitsauskalvot\/bornit-bitumiset-katto-ja-hitsauskalvot\/","url":"https:\/\/bornitbaltic.ee\/fi\/tuotteet\/kattosaneeraus\/katto-ja-hitsauskalvot\/bornit-bitumiset-katto-ja-hitsauskalvot\/","name":"BORNIT\u00ae - Bitumiset katto- ja hitsauskalvot - Bornit Baltic O\u00dc","isPartOf":{"@id":"https:\/\/bornitbaltic.ee\/#website"},"primaryImageOfPage":{"@id":"https:\/\/bornitbaltic.ee\/fi\/tuotteet\/kattosaneeraus\/katto-ja-hitsauskalvot\/bornit-bitumiset-katto-ja-hitsauskalvot\/#primaryimage"},"image":{"@id":"https:\/\/bornitbaltic.ee\/fi\/tuotteet\/kattosaneeraus\/katto-ja-hitsauskalvot\/bornit-bitumiset-katto-ja-hitsauskalvot\/#primaryimage"},"thumbnailUrl":"https:\/\/bornitbaltic.ee\/wp-content\/uploads\/2016\/12\/dach_u_schweissbahn-1.gif","datePublished":"2016-12-29T14:01:57+00:00","dateModified":"2017-01-18T12:47:32+00:00","description":"BORNIT\u00ae - Bitumiset katto- ja hitsauskalvot - tellimine Bornit Baltic kodulehel otse maaletoojalt. Vaata BORNIT\u00ae - Bitumiset katto- ja hitsauskalvot lisainfot ning k\u00fcsi personaalne pakkumine.","breadcrumb":{"@id":"https:\/\/bornitbaltic.ee\/fi\/tuotteet\/kattosaneeraus\/katto-ja-hitsauskalvot\/bornit-bitumiset-katto-ja-hitsauskalvot\/#breadcrumb"},"inLanguage":"fi","potentialAction":[{"@type":"ReadAction","target":["https:\/\/bornitbaltic.ee\/fi\/tuotteet\/kattosaneeraus\/katto-ja-hitsauskalvot\/bornit-bitumiset-katto-ja-hitsauskalvot\/"]}]},{"@type":"ImageObject","inLanguage":"fi","@id":"https:\/\/bornitbaltic.ee\/fi\/tuotteet\/kattosaneeraus\/katto-ja-hitsauskalvot\/bornit-bitumiset-katto-ja-hitsauskalvot\/#primaryimage","url":"https:\/\/bornitbaltic.ee\/wp-content\/uploads\/2016\/12\/dach_u_schweissbahn-1.gif","contentUrl":"https:\/\/bornitbaltic.ee\/wp-content\/uploads\/2016\/12\/dach_u_schweissbahn-1.gif","width":150,"height":1004,"caption":"Bitumiset katto- ja hitsauskalvot"},{"@type":"BreadcrumbList","@id":"https:\/\/bornitbaltic.ee\/fi\/tuotteet\/kattosaneeraus\/katto-ja-hitsauskalvot\/bornit-bitumiset-katto-ja-hitsauskalvot\/#breadcrumb","itemListElement":[{"@type":"ListItem","position":1,"name":"Home","item":"https:\/\/bornitbaltic.ee\/fi\/"},{"@type":"ListItem","position":2,"name":"Tuotteet","item":"https:\/\/bornitbaltic.ee\/fi\/tuotteiden\/"},{"@type":"ListItem","position":3,"name":"BORNIT\u00ae &#8211; Bitumiset katto- ja hitsauskalvot"}]},{"@type":"WebSite","@id":"https:\/\/bornitbaltic.ee\/#website","url":"https:\/\/bornitbaltic.ee\/","name":"BornitBaltic","description":"BORNIT\u00ae ainuesindaja Baltikumis ja Soomes","potentialAction":[{"@type":"SearchAction","target":{"@type":"EntryPoint","urlTemplate":"https:\/\/bornitbaltic.ee\/?s={search_term_string}"},"query-input":{"@type":"PropertyValueSpecification","valueRequired":true,"valueName":"search_term_string"}}],"inLanguage":"fi"}]}},"_links":{"self":[{"href":"https:\/\/bornitbaltic.ee\/fi\/wp-json\/wp\/v2\/product\/21780","targetHints":{"allow":["GET"]}}],"collection":[{"href":"https:\/\/bornitbaltic.ee\/fi\/wp-json\/wp\/v2\/product"}],"about":[{"href":"https:\/\/bornitbaltic.ee\/fi\/wp-json\/wp\/v2\/types\/product"}],"wp:featuredmedia":[{"embeddable":true,"href":"https:\/\/bornitbaltic.ee\/fi\/wp-json\/wp\/v2\/media\/21781"}],"wp:attachment":[{"href":"https:\/\/bornitbaltic.ee\/fi\/wp-json\/wp\/v2\/media?parent=21780"}],"wp:term":[{"taxonomy":"product_brand","embeddable":true,"href":"https:\/\/bornitbaltic.ee\/fi\/wp-json\/wp\/v2\/product_brand?post=21780"},{"taxonomy":"product_cat","embeddable":true,"href":"https:\/\/bornitbaltic.ee\/fi\/wp-json\/wp\/v2\/product_cat?post=21780"},{"taxonomy":"product_tag","embeddable":true,"href":"https:\/\/bornitbaltic.ee\/fi\/wp-json\/wp\/v2\/product_tag?post=21780"}],"curies":[{"name":"wp","href":"https:\/\/api.w.org\/{rel}","templated":true}]}}