{"id":21784,"date":"2016-12-29T11:52:13","date_gmt":"2016-12-29T11:52:13","guid":{"rendered":"http:\/\/wpeesti.ee\/veebitestid\/bornitbaltic\/tooted\/maaratlemata\/bornit-multiclean\/"},"modified":"2019-01-14T09:57:03","modified_gmt":"2019-01-14T07:57:03","slug":"bornit-multiclean","status":"publish","type":"product","link":"https:\/\/bornitbaltic.ee\/fi\/tuotteet\/erikoistuotteet\/puhdistusaineet\/bornit-multiclean\/","title":{"rendered":"BORNIT\u00ae &#8211; MultiClean"},"content":{"rendered":"<h2>BORNIT\u00ae &#8211; MultiClean<\/h2>\n<p>Eritt\u00e4in tehokas, kasviper\u00e4inen suihkupuhdistusaine, joka poistaa nopeasti ja perusteellisesti terva-, bitumi- ja asfalttisaasteet, erilaiset liimat, tiivistysmassat, rasvat, vahat, l\u00e4mmitys\u00f6ljyn ja v\u00e4riep\u00e4puhtaudet. Ei sis\u00e4ll\u00e4 kloorattuja liuotinaineita.<\/p>\n<p>\u00c4l\u00e4 k\u00e4yt\u00e4 lakatuille pinnoille!<\/p>\n<table border=\"0\" width=\"250\" cellspacing=\"5\" cellpadding=\"0\">\n<tbody>\n<tr>\n<td colspan=\"2\" height=\"30\"><strong>Mitat<\/strong>:<\/td>\n<\/tr>\n<tr>\n<td align=\"left\" valign=\"middle\" width=\"100\" height=\"25\">Pakkaus<\/td>\n<td align=\"left\" valign=\"middle\" width=\"150\" height=\"25\">600 ml suihkepullo<\/td>\n<\/tr>\n<tr>\n<td align=\"left\" valign=\"middle\" height=\"25\">V\u00e4ri<\/td>\n<td align=\"left\" valign=\"middle\" width=\"150\" height=\"25\">l\u00e4pin\u00e4kyv\u00e4<\/td>\n<\/tr>\n<tr>\n<td align=\"left\" valign=\"middle\" height=\"25\">Kulutus<\/td>\n<td align=\"left\" valign=\"middle\" width=\"150\" height=\"25\">K\u00e4ytt\u00f6tapauksen mukaan<\/td>\n<\/tr>\n<\/tbody>\n<\/table>\n","protected":false},"excerpt":{"rendered":"<p>Eritt\u00e4in tehokas, kasviper\u00e4inen suihkupuhdistusaine, joka poistaa nopeasti ja perusteellisesti terva-, bitumi- ja asfalttisaasteet, erilaiset liimat, tiivistysmassat, rasvat, vahat, l\u00e4mmitys\u00f6ljyn ja v\u00e4riep\u00e4puhtaudet. Ei sis\u00e4ll\u00e4 kloorattuja liuotinaineita. \u00c4l\u00e4 k\u00e4yt\u00e4 lakatuille pinnoille!<\/p>\n<p><span style=\"color: #ff0000;\"><a style=\"color: #ff0000;\" href=\"https:\/\/bornitbaltic.ee\/wp-content\/uploads\/2016\/12\/262_Bornit-MultiClean_so.pdf\">Tekniset tiedot<\/a><\/span><\/p>\n","protected":false},"featured_media":24521,"template":"","meta":{"_acf_changed":false},"product_brand":[],"product_cat":[91,114,90],"product_tag":[],"class_list":{"0":"post-21784","1":"product","2":"type-product","3":"status-publish","4":"has-post-thumbnail","6":"brand-bornit","7":"product_cat-erikoistuotteet","8":"product_cat-puhdistusaineet","9":"product_cat-tyoston-apuaineet","11":"first","12":"instock","13":"taxable","14":"shipping-taxable","15":"product-type-simple"},"acf":[],"yoast_head":"<!-- This site is optimized with the Yoast SEO plugin v26.1.1 - https:\/\/yoast.com\/wordpress\/plugins\/seo\/ -->\n<title>BORNIT\u00ae - MultiClean - Bornit Baltic O\u00dc<\/title>\n<meta name=\"description\" content=\"BORNIT\u00ae - MultiClean - tellimine Bornit Baltic kodulehel otse maaletoojalt. Vaata BORNIT\u00ae - MultiClean lisainfot ning k\u00fcsi personaalne pakkumine.\" \/>\n<meta name=\"robots\" content=\"index, follow, max-snippet:-1, max-image-preview:large, max-video-preview:-1\" \/>\n<link rel=\"canonical\" href=\"https:\/\/bornitbaltic.ee\/fi\/tuotteet\/erikoistuotteet\/puhdistusaineet\/bornit-multiclean\/\" \/>\n<meta property=\"og:locale\" content=\"fi_FI\" \/>\n<meta property=\"og:type\" content=\"article\" \/>\n<meta property=\"og:title\" content=\"BORNIT\u00ae - MultiClean - Bornit Baltic O\u00dc\" \/>\n<meta property=\"og:description\" content=\"BORNIT\u00ae - MultiClean - tellimine Bornit Baltic kodulehel otse maaletoojalt. Vaata BORNIT\u00ae - MultiClean lisainfot ning k\u00fcsi personaalne pakkumine.\" \/>\n<meta property=\"og:url\" content=\"https:\/\/bornitbaltic.ee\/fi\/tuotteet\/erikoistuotteet\/puhdistusaineet\/bornit-multiclean\/\" \/>\n<meta property=\"og:site_name\" content=\"BornitBaltic\" \/>\n<meta property=\"article:publisher\" content=\"http:\/\/www.facebook.com\/bornitbaltic\/\" \/>\n<meta property=\"article:modified_time\" content=\"2019-01-14T07:57:03+00:00\" \/>\n<meta property=\"og:image\" content=\"https:\/\/bornitbaltic.ee\/wp-content\/uploads\/2016\/12\/Produktbild_1.png\" \/>\n\t<meta property=\"og:image:width\" content=\"95\" \/>\n\t<meta property=\"og:image:height\" content=\"350\" \/>\n\t<meta property=\"og:image:type\" content=\"image\/png\" \/>\n<meta name=\"twitter:card\" content=\"summary_large_image\" \/>\n<script type=\"application\/ld+json\" class=\"yoast-schema-graph\">{\"@context\":\"https:\/\/schema.org\",\"@graph\":[{\"@type\":\"WebPage\",\"@id\":\"https:\/\/bornitbaltic.ee\/fi\/tuotteet\/erikoistuotteet\/puhdistusaineet\/bornit-multiclean\/\",\"url\":\"https:\/\/bornitbaltic.ee\/fi\/tuotteet\/erikoistuotteet\/puhdistusaineet\/bornit-multiclean\/\",\"name\":\"BORNIT\u00ae - MultiClean - Bornit Baltic O\u00dc\",\"isPartOf\":{\"@id\":\"https:\/\/bornitbaltic.ee\/#website\"},\"primaryImageOfPage\":{\"@id\":\"https:\/\/bornitbaltic.ee\/fi\/tuotteet\/erikoistuotteet\/puhdistusaineet\/bornit-multiclean\/#primaryimage\"},\"image\":{\"@id\":\"https:\/\/bornitbaltic.ee\/fi\/tuotteet\/erikoistuotteet\/puhdistusaineet\/bornit-multiclean\/#primaryimage\"},\"thumbnailUrl\":\"https:\/\/bornitbaltic.ee\/wp-content\/uploads\/2016\/12\/Produktbild_1.png\",\"datePublished\":\"2016-12-29T11:52:13+00:00\",\"dateModified\":\"2019-01-14T07:57:03+00:00\",\"description\":\"BORNIT\u00ae - MultiClean - tellimine Bornit Baltic kodulehel otse maaletoojalt. Vaata BORNIT\u00ae - MultiClean lisainfot ning k\u00fcsi personaalne pakkumine.\",\"breadcrumb\":{\"@id\":\"https:\/\/bornitbaltic.ee\/fi\/tuotteet\/erikoistuotteet\/puhdistusaineet\/bornit-multiclean\/#breadcrumb\"},\"inLanguage\":\"fi\",\"potentialAction\":[{\"@type\":\"ReadAction\",\"target\":[\"https:\/\/bornitbaltic.ee\/fi\/tuotteet\/erikoistuotteet\/puhdistusaineet\/bornit-multiclean\/\"]}]},{\"@type\":\"ImageObject\",\"inLanguage\":\"fi\",\"@id\":\"https:\/\/bornitbaltic.ee\/fi\/tuotteet\/erikoistuotteet\/puhdistusaineet\/bornit-multiclean\/#primaryimage\",\"url\":\"https:\/\/bornitbaltic.ee\/wp-content\/uploads\/2016\/12\/Produktbild_1.png\",\"contentUrl\":\"https:\/\/bornitbaltic.ee\/wp-content\/uploads\/2016\/12\/Produktbild_1.png\",\"width\":95,\"height\":350},{\"@type\":\"BreadcrumbList\",\"@id\":\"https:\/\/bornitbaltic.ee\/fi\/tuotteet\/erikoistuotteet\/puhdistusaineet\/bornit-multiclean\/#breadcrumb\",\"itemListElement\":[{\"@type\":\"ListItem\",\"position\":1,\"name\":\"Home\",\"item\":\"https:\/\/bornitbaltic.ee\/fi\/\"},{\"@type\":\"ListItem\",\"position\":2,\"name\":\"Tuotteet\",\"item\":\"https:\/\/bornitbaltic.ee\/fi\/tuotteiden\/\"},{\"@type\":\"ListItem\",\"position\":3,\"name\":\"BORNIT\u00ae &#8211; MultiClean\"}]},{\"@type\":\"WebSite\",\"@id\":\"https:\/\/bornitbaltic.ee\/#website\",\"url\":\"https:\/\/bornitbaltic.ee\/\",\"name\":\"BornitBaltic\",\"description\":\"BORNIT\u00ae ainuesindaja Baltikumis ja Soomes\",\"potentialAction\":[{\"@type\":\"SearchAction\",\"target\":{\"@type\":\"EntryPoint\",\"urlTemplate\":\"https:\/\/bornitbaltic.ee\/?s={search_term_string}\"},\"query-input\":{\"@type\":\"PropertyValueSpecification\",\"valueRequired\":true,\"valueName\":\"search_term_string\"}}],\"inLanguage\":\"fi\"}]}<\/script>\n<!-- \/ Yoast SEO plugin. -->","yoast_head_json":{"title":"BORNIT\u00ae - MultiClean - Bornit Baltic O\u00dc","description":"BORNIT\u00ae - MultiClean - tellimine Bornit Baltic kodulehel otse maaletoojalt. Vaata BORNIT\u00ae - MultiClean lisainfot ning k\u00fcsi personaalne pakkumine.","robots":{"index":"index","follow":"follow","max-snippet":"max-snippet:-1","max-image-preview":"max-image-preview:large","max-video-preview":"max-video-preview:-1"},"canonical":"https:\/\/bornitbaltic.ee\/fi\/tuotteet\/erikoistuotteet\/puhdistusaineet\/bornit-multiclean\/","og_locale":"fi_FI","og_type":"article","og_title":"BORNIT\u00ae - MultiClean - Bornit Baltic O\u00dc","og_description":"BORNIT\u00ae - MultiClean - tellimine Bornit Baltic kodulehel otse maaletoojalt. Vaata BORNIT\u00ae - MultiClean lisainfot ning k\u00fcsi personaalne pakkumine.","og_url":"https:\/\/bornitbaltic.ee\/fi\/tuotteet\/erikoistuotteet\/puhdistusaineet\/bornit-multiclean\/","og_site_name":"BornitBaltic","article_publisher":"http:\/\/www.facebook.com\/bornitbaltic\/","article_modified_time":"2019-01-14T07:57:03+00:00","og_image":[{"width":95,"height":350,"url":"https:\/\/bornitbaltic.ee\/wp-content\/uploads\/2016\/12\/Produktbild_1.png","type":"image\/png"}],"twitter_card":"summary_large_image","schema":{"@context":"https:\/\/schema.org","@graph":[{"@type":"WebPage","@id":"https:\/\/bornitbaltic.ee\/fi\/tuotteet\/erikoistuotteet\/puhdistusaineet\/bornit-multiclean\/","url":"https:\/\/bornitbaltic.ee\/fi\/tuotteet\/erikoistuotteet\/puhdistusaineet\/bornit-multiclean\/","name":"BORNIT\u00ae - MultiClean - Bornit Baltic O\u00dc","isPartOf":{"@id":"https:\/\/bornitbaltic.ee\/#website"},"primaryImageOfPage":{"@id":"https:\/\/bornitbaltic.ee\/fi\/tuotteet\/erikoistuotteet\/puhdistusaineet\/bornit-multiclean\/#primaryimage"},"image":{"@id":"https:\/\/bornitbaltic.ee\/fi\/tuotteet\/erikoistuotteet\/puhdistusaineet\/bornit-multiclean\/#primaryimage"},"thumbnailUrl":"https:\/\/bornitbaltic.ee\/wp-content\/uploads\/2016\/12\/Produktbild_1.png","datePublished":"2016-12-29T11:52:13+00:00","dateModified":"2019-01-14T07:57:03+00:00","description":"BORNIT\u00ae - MultiClean - tellimine Bornit Baltic kodulehel otse maaletoojalt. Vaata BORNIT\u00ae - MultiClean lisainfot ning k\u00fcsi personaalne pakkumine.","breadcrumb":{"@id":"https:\/\/bornitbaltic.ee\/fi\/tuotteet\/erikoistuotteet\/puhdistusaineet\/bornit-multiclean\/#breadcrumb"},"inLanguage":"fi","potentialAction":[{"@type":"ReadAction","target":["https:\/\/bornitbaltic.ee\/fi\/tuotteet\/erikoistuotteet\/puhdistusaineet\/bornit-multiclean\/"]}]},{"@type":"ImageObject","inLanguage":"fi","@id":"https:\/\/bornitbaltic.ee\/fi\/tuotteet\/erikoistuotteet\/puhdistusaineet\/bornit-multiclean\/#primaryimage","url":"https:\/\/bornitbaltic.ee\/wp-content\/uploads\/2016\/12\/Produktbild_1.png","contentUrl":"https:\/\/bornitbaltic.ee\/wp-content\/uploads\/2016\/12\/Produktbild_1.png","width":95,"height":350},{"@type":"BreadcrumbList","@id":"https:\/\/bornitbaltic.ee\/fi\/tuotteet\/erikoistuotteet\/puhdistusaineet\/bornit-multiclean\/#breadcrumb","itemListElement":[{"@type":"ListItem","position":1,"name":"Home","item":"https:\/\/bornitbaltic.ee\/fi\/"},{"@type":"ListItem","position":2,"name":"Tuotteet","item":"https:\/\/bornitbaltic.ee\/fi\/tuotteiden\/"},{"@type":"ListItem","position":3,"name":"BORNIT\u00ae &#8211; MultiClean"}]},{"@type":"WebSite","@id":"https:\/\/bornitbaltic.ee\/#website","url":"https:\/\/bornitbaltic.ee\/","name":"BornitBaltic","description":"BORNIT\u00ae ainuesindaja Baltikumis ja Soomes","potentialAction":[{"@type":"SearchAction","target":{"@type":"EntryPoint","urlTemplate":"https:\/\/bornitbaltic.ee\/?s={search_term_string}"},"query-input":{"@type":"PropertyValueSpecification","valueRequired":true,"valueName":"search_term_string"}}],"inLanguage":"fi"}]}},"_links":{"self":[{"href":"https:\/\/bornitbaltic.ee\/fi\/wp-json\/wp\/v2\/product\/21784","targetHints":{"allow":["GET"]}}],"collection":[{"href":"https:\/\/bornitbaltic.ee\/fi\/wp-json\/wp\/v2\/product"}],"about":[{"href":"https:\/\/bornitbaltic.ee\/fi\/wp-json\/wp\/v2\/types\/product"}],"wp:featuredmedia":[{"embeddable":true,"href":"https:\/\/bornitbaltic.ee\/fi\/wp-json\/wp\/v2\/media\/24521"}],"wp:attachment":[{"href":"https:\/\/bornitbaltic.ee\/fi\/wp-json\/wp\/v2\/media?parent=21784"}],"wp:term":[{"taxonomy":"product_brand","embeddable":true,"href":"https:\/\/bornitbaltic.ee\/fi\/wp-json\/wp\/v2\/product_brand?post=21784"},{"taxonomy":"product_cat","embeddable":true,"href":"https:\/\/bornitbaltic.ee\/fi\/wp-json\/wp\/v2\/product_cat?post=21784"},{"taxonomy":"product_tag","embeddable":true,"href":"https:\/\/bornitbaltic.ee\/fi\/wp-json\/wp\/v2\/product_tag?post=21784"}],"curies":[{"name":"wp","href":"https:\/\/api.w.org\/{rel}","templated":true}]}}