{"id":21810,"date":"2017-01-18T13:39:11","date_gmt":"2017-01-18T13:39:11","guid":{"rendered":"http:\/\/wpeesti.ee\/veebitestid\/bornitbaltic\/?post_type=product&#038;p=21810\/"},"modified":"2017-01-18T13:39:11","modified_gmt":"2017-01-18T13:39:11","slug":"bornit-roll-eckgewebe","status":"publish","type":"product","link":"https:\/\/bornitbaltic.ee\/fi\/tuotteet\/perustuksen-tiivistys\/tarvikkeet\/bornit-roll-eckgewebe\/","title":{"rendered":"BORNIT\u00ae &#8211; Roll-Eckgewebe"},"content":{"rendered":"<h2>\u00a0BORNIT\u00ae &#8211; Roll-Eckgewebe<\/h2>\n<p>Rullattava kangassisus erityisesti <strong>nopeaan ulko- ja sis\u00e4nurkkien muodostamiseen<\/strong> rakennuksen tiivist\u00e4mist\u00e4 varten standardin DIN 18195, osat 5 ja 6, mukaan. Ei asennusta kangasta nurkkiin upotettaessa kuten on laita tavanomaisissa kangassisuksissa. T\u00e4m\u00e4n ansiosta <strong>v\u00e4hemm\u00e4n viimeistely\u00e4, tasainen materiaalin levitys <\/strong>ja t\u00e4ysi kuivuminen. Soveltuu yhdess\u00e4 BORNIT\u00ae-lasikuituverkon kanssa kaikkiin BORNIT\u00ae-bitumipohjaisiin paksukalvotiivisteisiin.<\/p>\n<table border=\"0\" width=\"250\" cellspacing=\"5\" cellpadding=\"0\">\n<tbody>\n<tr>\n<td colspan=\"2\" height=\"30\"><strong>Mitat<\/strong>:<\/td>\n<\/tr>\n<tr>\n<td align=\"left\" valign=\"middle\" width=\"100\" height=\"25\">Pakkaus<\/td>\n<td align=\"left\" valign=\"middle\" width=\"150\" height=\"25\">50 m rulla<br \/>\nKylkikulman pituus:<br \/>\n13 x 11 cm<\/p>\n<p>yksitt\u00e4in<\/td>\n<\/tr>\n<tr>\n<td align=\"left\" valign=\"middle\" height=\"25\">V\u00e4ri<\/td>\n<td align=\"left\" valign=\"middle\" width=\"150\" height=\"25\">valkoinen<\/td>\n<\/tr>\n<tr>\n<td align=\"left\" valign=\"middle\" height=\"25\">Kulutus<\/td>\n<td align=\"left\" valign=\"middle\" width=\"150\" height=\"25\"><\/td>\n<\/tr>\n<\/tbody>\n<\/table>\n","protected":false},"excerpt":{"rendered":"<p>Rullattava kangassisus erityisesti <strong>nopeaan ulko- ja sis\u00e4nurkkien muodostamiseen<\/strong> rakennuksen tiivist\u00e4mist\u00e4 varten standardin DIN 18195, osat 5 ja 6, mukaan. Ei asennusta kangasta nurkkiin upotettaessa kuten on laita tavanomaisissa kangassisuksissa. T\u00e4m\u00e4n ansiosta <strong>v\u00e4hemm\u00e4n viimeistely\u00e4, tasainen materiaalin levitys <\/strong>ja t\u00e4ysi kuivuminen. Soveltuu yhdess\u00e4 BORNIT\u00ae-lasikuituverkon kanssa kaikkiin BORNIT\u00ae-bitumipohjaisiin paksukalvotiivisteisiin.<\/p>\n","protected":false},"featured_media":21811,"template":"","meta":{"_acf_changed":false},"product_brand":[],"product_cat":[94,105],"product_tag":[],"class_list":{"0":"post-21810","1":"product","2":"type-product","3":"status-publish","4":"has-post-thumbnail","6":"brand-bornit","7":"product_cat-perustuksen-tiivistys","8":"product_cat-tarvikkeet","10":"first","11":"instock","12":"taxable","13":"shipping-taxable","14":"product-type-simple"},"acf":[],"yoast_head":"<!-- This site is optimized with the Yoast SEO plugin v26.1.1 - https:\/\/yoast.com\/wordpress\/plugins\/seo\/ -->\n<title>BORNIT\u00ae - Roll-Eckgewebe - Bornit Baltic O\u00dc<\/title>\n<meta name=\"description\" content=\"BORNIT\u00ae - Roll-Eckgewebe - tellimine Bornit Baltic kodulehel otse maaletoojalt. Vaata BORNIT\u00ae - Roll-Eckgewebe lisainfot ning k\u00fcsi personaalne pakkumine.\" \/>\n<meta name=\"robots\" content=\"index, follow, max-snippet:-1, max-image-preview:large, max-video-preview:-1\" \/>\n<link rel=\"canonical\" href=\"https:\/\/bornitbaltic.ee\/fi\/tuotteet\/perustuksen-tiivistys\/tarvikkeet\/bornit-roll-eckgewebe\/\" \/>\n<meta property=\"og:locale\" content=\"fi_FI\" \/>\n<meta property=\"og:type\" content=\"article\" \/>\n<meta property=\"og:title\" content=\"BORNIT\u00ae - Roll-Eckgewebe - Bornit Baltic O\u00dc\" \/>\n<meta property=\"og:description\" content=\"BORNIT\u00ae - Roll-Eckgewebe - tellimine Bornit Baltic kodulehel otse maaletoojalt. Vaata BORNIT\u00ae - Roll-Eckgewebe lisainfot ning k\u00fcsi personaalne pakkumine.\" \/>\n<meta property=\"og:url\" content=\"https:\/\/bornitbaltic.ee\/fi\/tuotteet\/perustuksen-tiivistys\/tarvikkeet\/bornit-roll-eckgewebe\/\" \/>\n<meta property=\"og:site_name\" content=\"BornitBaltic\" \/>\n<meta property=\"article:publisher\" content=\"http:\/\/www.facebook.com\/bornitbaltic\/\" \/>\n<meta property=\"og:image\" content=\"https:\/\/bornitbaltic.ee\/wp-content\/uploads\/2017\/01\/roll_eckgewebe_13x11_50m.png\" \/>\n\t<meta property=\"og:image:width\" content=\"210\" \/>\n\t<meta property=\"og:image:height\" content=\"227\" \/>\n\t<meta property=\"og:image:type\" content=\"image\/png\" \/>\n<meta name=\"twitter:card\" content=\"summary_large_image\" \/>\n<script type=\"application\/ld+json\" class=\"yoast-schema-graph\">{\"@context\":\"https:\/\/schema.org\",\"@graph\":[{\"@type\":\"WebPage\",\"@id\":\"https:\/\/bornitbaltic.ee\/fi\/tuotteet\/perustuksen-tiivistys\/tarvikkeet\/bornit-roll-eckgewebe\/\",\"url\":\"https:\/\/bornitbaltic.ee\/fi\/tuotteet\/perustuksen-tiivistys\/tarvikkeet\/bornit-roll-eckgewebe\/\",\"name\":\"BORNIT\u00ae - Roll-Eckgewebe - Bornit Baltic O\u00dc\",\"isPartOf\":{\"@id\":\"https:\/\/bornitbaltic.ee\/#website\"},\"primaryImageOfPage\":{\"@id\":\"https:\/\/bornitbaltic.ee\/fi\/tuotteet\/perustuksen-tiivistys\/tarvikkeet\/bornit-roll-eckgewebe\/#primaryimage\"},\"image\":{\"@id\":\"https:\/\/bornitbaltic.ee\/fi\/tuotteet\/perustuksen-tiivistys\/tarvikkeet\/bornit-roll-eckgewebe\/#primaryimage\"},\"thumbnailUrl\":\"https:\/\/bornitbaltic.ee\/wp-content\/uploads\/2017\/01\/roll_eckgewebe_13x11_50m.png\",\"datePublished\":\"2017-01-18T13:39:11+00:00\",\"description\":\"BORNIT\u00ae - Roll-Eckgewebe - tellimine Bornit Baltic kodulehel otse maaletoojalt. Vaata BORNIT\u00ae - Roll-Eckgewebe lisainfot ning k\u00fcsi personaalne pakkumine.\",\"breadcrumb\":{\"@id\":\"https:\/\/bornitbaltic.ee\/fi\/tuotteet\/perustuksen-tiivistys\/tarvikkeet\/bornit-roll-eckgewebe\/#breadcrumb\"},\"inLanguage\":\"fi\",\"potentialAction\":[{\"@type\":\"ReadAction\",\"target\":[\"https:\/\/bornitbaltic.ee\/fi\/tuotteet\/perustuksen-tiivistys\/tarvikkeet\/bornit-roll-eckgewebe\/\"]}]},{\"@type\":\"ImageObject\",\"inLanguage\":\"fi\",\"@id\":\"https:\/\/bornitbaltic.ee\/fi\/tuotteet\/perustuksen-tiivistys\/tarvikkeet\/bornit-roll-eckgewebe\/#primaryimage\",\"url\":\"https:\/\/bornitbaltic.ee\/wp-content\/uploads\/2017\/01\/roll_eckgewebe_13x11_50m.png\",\"contentUrl\":\"https:\/\/bornitbaltic.ee\/wp-content\/uploads\/2017\/01\/roll_eckgewebe_13x11_50m.png\",\"width\":210,\"height\":227,\"caption\":\"Roll-Eckgewebe\"},{\"@type\":\"BreadcrumbList\",\"@id\":\"https:\/\/bornitbaltic.ee\/fi\/tuotteet\/perustuksen-tiivistys\/tarvikkeet\/bornit-roll-eckgewebe\/#breadcrumb\",\"itemListElement\":[{\"@type\":\"ListItem\",\"position\":1,\"name\":\"Home\",\"item\":\"https:\/\/bornitbaltic.ee\/fi\/\"},{\"@type\":\"ListItem\",\"position\":2,\"name\":\"Tuotteet\",\"item\":\"https:\/\/bornitbaltic.ee\/fi\/tuotteiden\/\"},{\"@type\":\"ListItem\",\"position\":3,\"name\":\"BORNIT\u00ae &#8211; Roll-Eckgewebe\"}]},{\"@type\":\"WebSite\",\"@id\":\"https:\/\/bornitbaltic.ee\/#website\",\"url\":\"https:\/\/bornitbaltic.ee\/\",\"name\":\"BornitBaltic\",\"description\":\"BORNIT\u00ae ainuesindaja Baltikumis ja Soomes\",\"potentialAction\":[{\"@type\":\"SearchAction\",\"target\":{\"@type\":\"EntryPoint\",\"urlTemplate\":\"https:\/\/bornitbaltic.ee\/?s={search_term_string}\"},\"query-input\":{\"@type\":\"PropertyValueSpecification\",\"valueRequired\":true,\"valueName\":\"search_term_string\"}}],\"inLanguage\":\"fi\"}]}<\/script>\n<!-- \/ Yoast SEO plugin. -->","yoast_head_json":{"title":"BORNIT\u00ae - Roll-Eckgewebe - Bornit Baltic O\u00dc","description":"BORNIT\u00ae - Roll-Eckgewebe - tellimine Bornit Baltic kodulehel otse maaletoojalt. Vaata BORNIT\u00ae - Roll-Eckgewebe lisainfot ning k\u00fcsi personaalne pakkumine.","robots":{"index":"index","follow":"follow","max-snippet":"max-snippet:-1","max-image-preview":"max-image-preview:large","max-video-preview":"max-video-preview:-1"},"canonical":"https:\/\/bornitbaltic.ee\/fi\/tuotteet\/perustuksen-tiivistys\/tarvikkeet\/bornit-roll-eckgewebe\/","og_locale":"fi_FI","og_type":"article","og_title":"BORNIT\u00ae - Roll-Eckgewebe - Bornit Baltic O\u00dc","og_description":"BORNIT\u00ae - Roll-Eckgewebe - tellimine Bornit Baltic kodulehel otse maaletoojalt. Vaata BORNIT\u00ae - Roll-Eckgewebe lisainfot ning k\u00fcsi personaalne pakkumine.","og_url":"https:\/\/bornitbaltic.ee\/fi\/tuotteet\/perustuksen-tiivistys\/tarvikkeet\/bornit-roll-eckgewebe\/","og_site_name":"BornitBaltic","article_publisher":"http:\/\/www.facebook.com\/bornitbaltic\/","og_image":[{"width":210,"height":227,"url":"https:\/\/bornitbaltic.ee\/wp-content\/uploads\/2017\/01\/roll_eckgewebe_13x11_50m.png","type":"image\/png"}],"twitter_card":"summary_large_image","schema":{"@context":"https:\/\/schema.org","@graph":[{"@type":"WebPage","@id":"https:\/\/bornitbaltic.ee\/fi\/tuotteet\/perustuksen-tiivistys\/tarvikkeet\/bornit-roll-eckgewebe\/","url":"https:\/\/bornitbaltic.ee\/fi\/tuotteet\/perustuksen-tiivistys\/tarvikkeet\/bornit-roll-eckgewebe\/","name":"BORNIT\u00ae - Roll-Eckgewebe - Bornit Baltic O\u00dc","isPartOf":{"@id":"https:\/\/bornitbaltic.ee\/#website"},"primaryImageOfPage":{"@id":"https:\/\/bornitbaltic.ee\/fi\/tuotteet\/perustuksen-tiivistys\/tarvikkeet\/bornit-roll-eckgewebe\/#primaryimage"},"image":{"@id":"https:\/\/bornitbaltic.ee\/fi\/tuotteet\/perustuksen-tiivistys\/tarvikkeet\/bornit-roll-eckgewebe\/#primaryimage"},"thumbnailUrl":"https:\/\/bornitbaltic.ee\/wp-content\/uploads\/2017\/01\/roll_eckgewebe_13x11_50m.png","datePublished":"2017-01-18T13:39:11+00:00","description":"BORNIT\u00ae - Roll-Eckgewebe - tellimine Bornit Baltic kodulehel otse maaletoojalt. Vaata BORNIT\u00ae - Roll-Eckgewebe lisainfot ning k\u00fcsi personaalne pakkumine.","breadcrumb":{"@id":"https:\/\/bornitbaltic.ee\/fi\/tuotteet\/perustuksen-tiivistys\/tarvikkeet\/bornit-roll-eckgewebe\/#breadcrumb"},"inLanguage":"fi","potentialAction":[{"@type":"ReadAction","target":["https:\/\/bornitbaltic.ee\/fi\/tuotteet\/perustuksen-tiivistys\/tarvikkeet\/bornit-roll-eckgewebe\/"]}]},{"@type":"ImageObject","inLanguage":"fi","@id":"https:\/\/bornitbaltic.ee\/fi\/tuotteet\/perustuksen-tiivistys\/tarvikkeet\/bornit-roll-eckgewebe\/#primaryimage","url":"https:\/\/bornitbaltic.ee\/wp-content\/uploads\/2017\/01\/roll_eckgewebe_13x11_50m.png","contentUrl":"https:\/\/bornitbaltic.ee\/wp-content\/uploads\/2017\/01\/roll_eckgewebe_13x11_50m.png","width":210,"height":227,"caption":"Roll-Eckgewebe"},{"@type":"BreadcrumbList","@id":"https:\/\/bornitbaltic.ee\/fi\/tuotteet\/perustuksen-tiivistys\/tarvikkeet\/bornit-roll-eckgewebe\/#breadcrumb","itemListElement":[{"@type":"ListItem","position":1,"name":"Home","item":"https:\/\/bornitbaltic.ee\/fi\/"},{"@type":"ListItem","position":2,"name":"Tuotteet","item":"https:\/\/bornitbaltic.ee\/fi\/tuotteiden\/"},{"@type":"ListItem","position":3,"name":"BORNIT\u00ae &#8211; Roll-Eckgewebe"}]},{"@type":"WebSite","@id":"https:\/\/bornitbaltic.ee\/#website","url":"https:\/\/bornitbaltic.ee\/","name":"BornitBaltic","description":"BORNIT\u00ae ainuesindaja Baltikumis ja Soomes","potentialAction":[{"@type":"SearchAction","target":{"@type":"EntryPoint","urlTemplate":"https:\/\/bornitbaltic.ee\/?s={search_term_string}"},"query-input":{"@type":"PropertyValueSpecification","valueRequired":true,"valueName":"search_term_string"}}],"inLanguage":"fi"}]}},"_links":{"self":[{"href":"https:\/\/bornitbaltic.ee\/fi\/wp-json\/wp\/v2\/product\/21810","targetHints":{"allow":["GET"]}}],"collection":[{"href":"https:\/\/bornitbaltic.ee\/fi\/wp-json\/wp\/v2\/product"}],"about":[{"href":"https:\/\/bornitbaltic.ee\/fi\/wp-json\/wp\/v2\/types\/product"}],"wp:featuredmedia":[{"embeddable":true,"href":"https:\/\/bornitbaltic.ee\/fi\/wp-json\/wp\/v2\/media\/21811"}],"wp:attachment":[{"href":"https:\/\/bornitbaltic.ee\/fi\/wp-json\/wp\/v2\/media?parent=21810"}],"wp:term":[{"taxonomy":"product_brand","embeddable":true,"href":"https:\/\/bornitbaltic.ee\/fi\/wp-json\/wp\/v2\/product_brand?post=21810"},{"taxonomy":"product_cat","embeddable":true,"href":"https:\/\/bornitbaltic.ee\/fi\/wp-json\/wp\/v2\/product_cat?post=21810"},{"taxonomy":"product_tag","embeddable":true,"href":"https:\/\/bornitbaltic.ee\/fi\/wp-json\/wp\/v2\/product_tag?post=21810"}],"curies":[{"name":"wp","href":"https:\/\/api.w.org\/{rel}","templated":true}]}}