{"id":21815,"date":"2017-01-18T13:42:33","date_gmt":"2017-01-18T13:42:33","guid":{"rendered":"http:\/\/wpeesti.ee\/veebitestid\/bornitbaltic\/?post_type=product&#038;p=21815\/"},"modified":"2017-01-18T13:42:33","modified_gmt":"2017-01-18T13:42:33","slug":"bornit-injektointitahna-plus","status":"publish","type":"product","link":"https:\/\/bornitbaltic.ee\/fi\/tuotteet\/perustuksen-tiivistys\/kyllastys-ja-injektointiaineet\/bornit-injektointitahna-plus\/","title":{"rendered":"BORNIT\u00ae &#8211; Injektointitahna Plus"},"content":{"rendered":"<h2>BORNIT\u00ae &#8211; Injektointitahna Plus<\/h2>\n<p>Eritt\u00e4in tiivis, <strong>k\u00e4ytt\u00f6valmis, silikonipohjainen, vesipitoinen injektiotahna<\/strong>, joka tunkeutuu muurauksen pienimpiinkin kapillaareihin. Tuotetta ruiskutetaan valmiiseen muuraukseen suojaksi kapillaareissa pintaan nousevalta kosteudelta.<\/p>\n<p>Korkea vaikutusainepitoisuus, 95 % tunkeuma alustaas.<\/p>\n<p>Vaikutusainepitoisuus: 82 %.<\/p>\n<p><strong>Suojattava j\u00e4\u00e4tymiselt\u00e4!<\/strong><\/p>\n<table border=\"0\" width=\"250\" cellspacing=\"5\" cellpadding=\"0\">\n<tbody>\n<tr>\n<td colspan=\"2\" height=\"30\"><strong>Mitat<\/strong>:<\/td>\n<\/tr>\n<tr>\n<td align=\"left\" valign=\"middle\" width=\"100\" height=\"25\">Pakkaus<\/td>\n<td align=\"left\" valign=\"middle\" width=\"150\" height=\"25\">5 litraa<br \/>\n10 litraa<\/td>\n<\/tr>\n<tr>\n<td align=\"left\" valign=\"middle\" height=\"25\">V\u00e4ri<\/td>\n<td align=\"left\" valign=\"middle\" width=\"150\" height=\"25\">keltavalkoinen<\/td>\n<\/tr>\n<tr>\n<td align=\"left\" valign=\"middle\" height=\"25\">Kulutus<\/td>\n<td align=\"left\" valign=\"middle\" width=\"150\" height=\"25\">Sein\u00e4n paksuudesta riippuen n. 1,7 l\/jm poikkileikkauksen m<sup>2<\/sup><\/td>\n<\/tr>\n<\/tbody>\n<\/table>\n","protected":false},"excerpt":{"rendered":"<p>Eritt\u00e4in tiivis, <strong>k\u00e4ytt\u00f6valmis, silikonipohjainen, vesipitoinen injektiotahna<\/strong>, joka tunkeutuu muurauksen pienimpiinkin kapillaareihin. Tuotetta ruiskutetaan valmiiseen muuraukseen suojaksi kapillaareissa pintaan nousevalta kosteudelta.<\/p>\n<p>Korkea vaikutusainepitoisuus, 95 % tunkeuma alustaas.<\/p>\n<p>Vaikutusainepitoisuus: 82 %.<\/p>\n<p><strong>Suojattava j\u00e4\u00e4tymiselt\u00e4!<\/strong><\/p>\n","protected":false},"featured_media":0,"template":"","meta":{"_acf_changed":false},"product_brand":[],"product_cat":[104,94],"product_tag":[],"class_list":{"0":"post-21815","1":"product","2":"type-product","3":"status-publish","5":"brand-bornit","6":"product_cat-kyllastys-ja-injektointiaineet","7":"product_cat-perustuksen-tiivistys","9":"first","10":"instock","11":"taxable","12":"shipping-taxable","13":"product-type-simple"},"acf":[],"yoast_head":"<!-- This site is optimized with the Yoast SEO plugin v26.1.1 - https:\/\/yoast.com\/wordpress\/plugins\/seo\/ -->\n<title>BORNIT\u00ae - Injektointitahna Plus - Bornit Baltic O\u00dc<\/title>\n<meta name=\"description\" content=\"BORNIT\u00ae - Injektointitahna Plus - tellimine Bornit Baltic kodulehel otse maaletoojalt. Vaata BORNIT\u00ae - Injektointitahna Plus lisainfot ning k\u00fcsi personaalne pakkumine.\" \/>\n<meta name=\"robots\" content=\"index, follow, max-snippet:-1, max-image-preview:large, max-video-preview:-1\" \/>\n<link rel=\"canonical\" href=\"https:\/\/bornitbaltic.ee\/fi\/tuotteet\/perustuksen-tiivistys\/kyllastys-ja-injektointiaineet\/bornit-injektointitahna-plus\/\" \/>\n<meta property=\"og:locale\" content=\"fi_FI\" \/>\n<meta property=\"og:type\" content=\"article\" \/>\n<meta property=\"og:title\" content=\"BORNIT\u00ae - Injektointitahna Plus - Bornit Baltic O\u00dc\" \/>\n<meta property=\"og:description\" content=\"BORNIT\u00ae - Injektointitahna Plus - tellimine Bornit Baltic kodulehel otse maaletoojalt. Vaata BORNIT\u00ae - Injektointitahna Plus lisainfot ning k\u00fcsi personaalne pakkumine.\" \/>\n<meta property=\"og:url\" content=\"https:\/\/bornitbaltic.ee\/fi\/tuotteet\/perustuksen-tiivistys\/kyllastys-ja-injektointiaineet\/bornit-injektointitahna-plus\/\" \/>\n<meta property=\"og:site_name\" content=\"BornitBaltic\" \/>\n<meta property=\"article:publisher\" content=\"http:\/\/www.facebook.com\/bornitbaltic\/\" \/>\n<meta name=\"twitter:card\" content=\"summary_large_image\" \/>\n<script type=\"application\/ld+json\" class=\"yoast-schema-graph\">{\"@context\":\"https:\/\/schema.org\",\"@graph\":[{\"@type\":\"WebPage\",\"@id\":\"https:\/\/bornitbaltic.ee\/fi\/tuotteet\/perustuksen-tiivistys\/kyllastys-ja-injektointiaineet\/bornit-injektointitahna-plus\/\",\"url\":\"https:\/\/bornitbaltic.ee\/fi\/tuotteet\/perustuksen-tiivistys\/kyllastys-ja-injektointiaineet\/bornit-injektointitahna-plus\/\",\"name\":\"BORNIT\u00ae - Injektointitahna Plus - Bornit Baltic O\u00dc\",\"isPartOf\":{\"@id\":\"https:\/\/bornitbaltic.ee\/#website\"},\"datePublished\":\"2017-01-18T13:42:33+00:00\",\"description\":\"BORNIT\u00ae - Injektointitahna Plus - tellimine Bornit Baltic kodulehel otse maaletoojalt. Vaata BORNIT\u00ae - Injektointitahna Plus lisainfot ning k\u00fcsi personaalne pakkumine.\",\"breadcrumb\":{\"@id\":\"https:\/\/bornitbaltic.ee\/fi\/tuotteet\/perustuksen-tiivistys\/kyllastys-ja-injektointiaineet\/bornit-injektointitahna-plus\/#breadcrumb\"},\"inLanguage\":\"fi\",\"potentialAction\":[{\"@type\":\"ReadAction\",\"target\":[\"https:\/\/bornitbaltic.ee\/fi\/tuotteet\/perustuksen-tiivistys\/kyllastys-ja-injektointiaineet\/bornit-injektointitahna-plus\/\"]}]},{\"@type\":\"BreadcrumbList\",\"@id\":\"https:\/\/bornitbaltic.ee\/fi\/tuotteet\/perustuksen-tiivistys\/kyllastys-ja-injektointiaineet\/bornit-injektointitahna-plus\/#breadcrumb\",\"itemListElement\":[{\"@type\":\"ListItem\",\"position\":1,\"name\":\"Home\",\"item\":\"https:\/\/bornitbaltic.ee\/fi\/\"},{\"@type\":\"ListItem\",\"position\":2,\"name\":\"Tuotteet\",\"item\":\"https:\/\/bornitbaltic.ee\/fi\/tuotteiden\/\"},{\"@type\":\"ListItem\",\"position\":3,\"name\":\"BORNIT\u00ae &#8211; Injektointitahna Plus\"}]},{\"@type\":\"WebSite\",\"@id\":\"https:\/\/bornitbaltic.ee\/#website\",\"url\":\"https:\/\/bornitbaltic.ee\/\",\"name\":\"BornitBaltic\",\"description\":\"BORNIT\u00ae ainuesindaja Baltikumis ja Soomes\",\"potentialAction\":[{\"@type\":\"SearchAction\",\"target\":{\"@type\":\"EntryPoint\",\"urlTemplate\":\"https:\/\/bornitbaltic.ee\/?s={search_term_string}\"},\"query-input\":{\"@type\":\"PropertyValueSpecification\",\"valueRequired\":true,\"valueName\":\"search_term_string\"}}],\"inLanguage\":\"fi\"}]}<\/script>\n<!-- \/ Yoast SEO plugin. -->","yoast_head_json":{"title":"BORNIT\u00ae - Injektointitahna Plus - Bornit Baltic O\u00dc","description":"BORNIT\u00ae - Injektointitahna Plus - tellimine Bornit Baltic kodulehel otse maaletoojalt. Vaata BORNIT\u00ae - Injektointitahna Plus lisainfot ning k\u00fcsi personaalne pakkumine.","robots":{"index":"index","follow":"follow","max-snippet":"max-snippet:-1","max-image-preview":"max-image-preview:large","max-video-preview":"max-video-preview:-1"},"canonical":"https:\/\/bornitbaltic.ee\/fi\/tuotteet\/perustuksen-tiivistys\/kyllastys-ja-injektointiaineet\/bornit-injektointitahna-plus\/","og_locale":"fi_FI","og_type":"article","og_title":"BORNIT\u00ae - Injektointitahna Plus - Bornit Baltic O\u00dc","og_description":"BORNIT\u00ae - Injektointitahna Plus - tellimine Bornit Baltic kodulehel otse maaletoojalt. Vaata BORNIT\u00ae - Injektointitahna Plus lisainfot ning k\u00fcsi personaalne pakkumine.","og_url":"https:\/\/bornitbaltic.ee\/fi\/tuotteet\/perustuksen-tiivistys\/kyllastys-ja-injektointiaineet\/bornit-injektointitahna-plus\/","og_site_name":"BornitBaltic","article_publisher":"http:\/\/www.facebook.com\/bornitbaltic\/","twitter_card":"summary_large_image","schema":{"@context":"https:\/\/schema.org","@graph":[{"@type":"WebPage","@id":"https:\/\/bornitbaltic.ee\/fi\/tuotteet\/perustuksen-tiivistys\/kyllastys-ja-injektointiaineet\/bornit-injektointitahna-plus\/","url":"https:\/\/bornitbaltic.ee\/fi\/tuotteet\/perustuksen-tiivistys\/kyllastys-ja-injektointiaineet\/bornit-injektointitahna-plus\/","name":"BORNIT\u00ae - Injektointitahna Plus - Bornit Baltic O\u00dc","isPartOf":{"@id":"https:\/\/bornitbaltic.ee\/#website"},"datePublished":"2017-01-18T13:42:33+00:00","description":"BORNIT\u00ae - Injektointitahna Plus - tellimine Bornit Baltic kodulehel otse maaletoojalt. Vaata BORNIT\u00ae - Injektointitahna Plus lisainfot ning k\u00fcsi personaalne pakkumine.","breadcrumb":{"@id":"https:\/\/bornitbaltic.ee\/fi\/tuotteet\/perustuksen-tiivistys\/kyllastys-ja-injektointiaineet\/bornit-injektointitahna-plus\/#breadcrumb"},"inLanguage":"fi","potentialAction":[{"@type":"ReadAction","target":["https:\/\/bornitbaltic.ee\/fi\/tuotteet\/perustuksen-tiivistys\/kyllastys-ja-injektointiaineet\/bornit-injektointitahna-plus\/"]}]},{"@type":"BreadcrumbList","@id":"https:\/\/bornitbaltic.ee\/fi\/tuotteet\/perustuksen-tiivistys\/kyllastys-ja-injektointiaineet\/bornit-injektointitahna-plus\/#breadcrumb","itemListElement":[{"@type":"ListItem","position":1,"name":"Home","item":"https:\/\/bornitbaltic.ee\/fi\/"},{"@type":"ListItem","position":2,"name":"Tuotteet","item":"https:\/\/bornitbaltic.ee\/fi\/tuotteiden\/"},{"@type":"ListItem","position":3,"name":"BORNIT\u00ae &#8211; Injektointitahna Plus"}]},{"@type":"WebSite","@id":"https:\/\/bornitbaltic.ee\/#website","url":"https:\/\/bornitbaltic.ee\/","name":"BornitBaltic","description":"BORNIT\u00ae ainuesindaja Baltikumis ja Soomes","potentialAction":[{"@type":"SearchAction","target":{"@type":"EntryPoint","urlTemplate":"https:\/\/bornitbaltic.ee\/?s={search_term_string}"},"query-input":{"@type":"PropertyValueSpecification","valueRequired":true,"valueName":"search_term_string"}}],"inLanguage":"fi"}]}},"_links":{"self":[{"href":"https:\/\/bornitbaltic.ee\/fi\/wp-json\/wp\/v2\/product\/21815","targetHints":{"allow":["GET"]}}],"collection":[{"href":"https:\/\/bornitbaltic.ee\/fi\/wp-json\/wp\/v2\/product"}],"about":[{"href":"https:\/\/bornitbaltic.ee\/fi\/wp-json\/wp\/v2\/types\/product"}],"wp:attachment":[{"href":"https:\/\/bornitbaltic.ee\/fi\/wp-json\/wp\/v2\/media?parent=21815"}],"wp:term":[{"taxonomy":"product_brand","embeddable":true,"href":"https:\/\/bornitbaltic.ee\/fi\/wp-json\/wp\/v2\/product_brand?post=21815"},{"taxonomy":"product_cat","embeddable":true,"href":"https:\/\/bornitbaltic.ee\/fi\/wp-json\/wp\/v2\/product_cat?post=21815"},{"taxonomy":"product_tag","embeddable":true,"href":"https:\/\/bornitbaltic.ee\/fi\/wp-json\/wp\/v2\/product_tag?post=21815"}],"curies":[{"name":"wp","href":"https:\/\/api.w.org\/{rel}","templated":true}]}}