{"id":22016,"date":"2017-01-07T16:01:09","date_gmt":"2017-01-07T16:01:09","guid":{"rendered":"http:\/\/wpeesti.ee\/veebitestid\/bornitbaltic\/tooted\/maaratlemata\/bornit-sprayfix\/"},"modified":"2017-01-19T15:36:28","modified_gmt":"2017-01-19T15:36:28","slug":"bornit-sprayfix","status":"publish","type":"product","link":"https:\/\/bornitbaltic.ee\/fi\/tuotteet\/tyoston-apuaineet\/bornit-sprayfix\/","title":{"rendered":"BORNIT\u00ae &#8211; Sprayfix"},"content":{"rendered":"<h2>BORNIT\u00ae &#8211; Sprayfix<\/h2>\n<p>360 asteen kallistusventtiileill\u00e4 varustettujen suihkepullojen ty\u00f6st\u00f6laite, esim. BORNIT\u00ae-Bitugrund Fix, BORNIT\u00ae-Easy Primer FB sek\u00e4 BORNIT\u00ae-Bitumen-Spray ja kaupasta saatavat merkint\u00e4v\u00e4rit. Suihkutussuunta s\u00e4\u00e4dett\u00e4viss\u00e4 yksil\u00f6llisesti. Ihanteellinen pitkien, levym\u00e4isten pintojen pohjustukseen, esim. asennettaessa BORNIT\u00ae-saumanauhaa.<\/p>\n<p><strong>Bitumispray <\/strong>(suihkepulloille, joiden sis\u00e4lt\u00f6 on n. 600 ml)<\/p>\n<p><strong>Easy-Fix <\/strong>(suihkepulloille, joiden sis\u00e4lt\u00f6 on n. 400 ml)<\/p>\n<p><u>V\u00e4ri<\/u>: punainen<\/p>\n","protected":false},"excerpt":{"rendered":"<p>360 asteen kallistusventtiileill\u00e4 varustettujen suihkepullojen ty\u00f6st\u00f6laite, esim. BORNIT\u00ae-Bitugrund Fix, BORNIT\u00ae-Easy Primer FB sek\u00e4 BORNIT\u00ae-Bitumen-Spray ja kaupasta saatavat merkint\u00e4v\u00e4rit. Suihkutussuunta s\u00e4\u00e4dett\u00e4viss\u00e4 yksil\u00f6llisesti. Ihanteellinen pitkien, levym\u00e4isten pintojen pohjustukseen, esim. asennettaessa BORNIT\u00ae-saumanauhaa.<\/p>\n<p><strong>Bitumispray <\/strong>(suihkepulloille, joiden sis\u00e4lt\u00f6 on n. 600 ml)<\/p>\n<p><strong>Easy-Fix <\/strong>(suihkepulloille, joiden sis\u00e4lt\u00f6 on n. 400 ml)<\/p>\n<p><u>V\u00e4ri<\/u>: punainen<\/p>\n","protected":false},"featured_media":21598,"template":"","meta":{"_acf_changed":false},"product_brand":[],"product_cat":[90],"product_tag":[],"class_list":{"0":"post-22016","1":"product","2":"type-product","3":"status-publish","4":"has-post-thumbnail","6":"brand-bornit","7":"product_cat-tyoston-apuaineet","9":"first","10":"instock","11":"taxable","12":"shipping-taxable","13":"product-type-simple"},"acf":[],"yoast_head":"<!-- This site is optimized with the Yoast SEO plugin v26.1.1 - https:\/\/yoast.com\/wordpress\/plugins\/seo\/ -->\n<title>BORNIT\u00ae - Sprayfix - Bornit Baltic O\u00dc<\/title>\n<meta name=\"description\" content=\"BORNIT\u00ae - Sprayfix - tellimine Bornit Baltic kodulehel otse maaletoojalt. Vaata BORNIT\u00ae - Sprayfix lisainfot ning k\u00fcsi personaalne pakkumine.\" \/>\n<meta name=\"robots\" content=\"index, follow, max-snippet:-1, max-image-preview:large, max-video-preview:-1\" \/>\n<link rel=\"canonical\" href=\"https:\/\/bornitbaltic.ee\/fi\/tuotteet\/tyoston-apuaineet\/bornit-sprayfix\/\" \/>\n<meta property=\"og:locale\" content=\"fi_FI\" \/>\n<meta property=\"og:type\" content=\"article\" \/>\n<meta property=\"og:title\" content=\"BORNIT\u00ae - Sprayfix - Bornit Baltic O\u00dc\" \/>\n<meta property=\"og:description\" content=\"BORNIT\u00ae - Sprayfix - tellimine Bornit Baltic kodulehel otse maaletoojalt. Vaata BORNIT\u00ae - Sprayfix lisainfot ning k\u00fcsi personaalne pakkumine.\" \/>\n<meta property=\"og:url\" content=\"https:\/\/bornitbaltic.ee\/fi\/tuotteet\/tyoston-apuaineet\/bornit-sprayfix\/\" \/>\n<meta property=\"og:site_name\" content=\"BornitBaltic\" \/>\n<meta property=\"article:publisher\" content=\"http:\/\/www.facebook.com\/bornitbaltic\/\" \/>\n<meta property=\"article:modified_time\" content=\"2017-01-19T15:36:28+00:00\" \/>\n<meta property=\"og:image\" content=\"https:\/\/bornitbaltic.ee\/wp-content\/uploads\/2017\/01\/sprayfix.png\" \/>\n\t<meta property=\"og:image:width\" content=\"210\" \/>\n\t<meta property=\"og:image:height\" content=\"307\" \/>\n\t<meta property=\"og:image:type\" content=\"image\/png\" \/>\n<meta name=\"twitter:card\" content=\"summary_large_image\" \/>\n<script type=\"application\/ld+json\" class=\"yoast-schema-graph\">{\"@context\":\"https:\/\/schema.org\",\"@graph\":[{\"@type\":\"WebPage\",\"@id\":\"https:\/\/bornitbaltic.ee\/fi\/tuotteet\/tyoston-apuaineet\/bornit-sprayfix\/\",\"url\":\"https:\/\/bornitbaltic.ee\/fi\/tuotteet\/tyoston-apuaineet\/bornit-sprayfix\/\",\"name\":\"BORNIT\u00ae - Sprayfix - Bornit Baltic O\u00dc\",\"isPartOf\":{\"@id\":\"https:\/\/bornitbaltic.ee\/#website\"},\"primaryImageOfPage\":{\"@id\":\"https:\/\/bornitbaltic.ee\/fi\/tuotteet\/tyoston-apuaineet\/bornit-sprayfix\/#primaryimage\"},\"image\":{\"@id\":\"https:\/\/bornitbaltic.ee\/fi\/tuotteet\/tyoston-apuaineet\/bornit-sprayfix\/#primaryimage\"},\"thumbnailUrl\":\"https:\/\/bornitbaltic.ee\/wp-content\/uploads\/2017\/01\/sprayfix.png\",\"datePublished\":\"2017-01-07T16:01:09+00:00\",\"dateModified\":\"2017-01-19T15:36:28+00:00\",\"description\":\"BORNIT\u00ae - Sprayfix - tellimine Bornit Baltic kodulehel otse maaletoojalt. Vaata BORNIT\u00ae - Sprayfix lisainfot ning k\u00fcsi personaalne pakkumine.\",\"breadcrumb\":{\"@id\":\"https:\/\/bornitbaltic.ee\/fi\/tuotteet\/tyoston-apuaineet\/bornit-sprayfix\/#breadcrumb\"},\"inLanguage\":\"fi\",\"potentialAction\":[{\"@type\":\"ReadAction\",\"target\":[\"https:\/\/bornitbaltic.ee\/fi\/tuotteet\/tyoston-apuaineet\/bornit-sprayfix\/\"]}]},{\"@type\":\"ImageObject\",\"inLanguage\":\"fi\",\"@id\":\"https:\/\/bornitbaltic.ee\/fi\/tuotteet\/tyoston-apuaineet\/bornit-sprayfix\/#primaryimage\",\"url\":\"https:\/\/bornitbaltic.ee\/wp-content\/uploads\/2017\/01\/sprayfix.png\",\"contentUrl\":\"https:\/\/bornitbaltic.ee\/wp-content\/uploads\/2017\/01\/sprayfix.png\",\"width\":210,\"height\":307,\"caption\":\"Sprayfix\"},{\"@type\":\"BreadcrumbList\",\"@id\":\"https:\/\/bornitbaltic.ee\/fi\/tuotteet\/tyoston-apuaineet\/bornit-sprayfix\/#breadcrumb\",\"itemListElement\":[{\"@type\":\"ListItem\",\"position\":1,\"name\":\"Home\",\"item\":\"https:\/\/bornitbaltic.ee\/fi\/\"},{\"@type\":\"ListItem\",\"position\":2,\"name\":\"Tuotteet\",\"item\":\"https:\/\/bornitbaltic.ee\/fi\/tuotteiden\/\"},{\"@type\":\"ListItem\",\"position\":3,\"name\":\"BORNIT\u00ae &#8211; Sprayfix\"}]},{\"@type\":\"WebSite\",\"@id\":\"https:\/\/bornitbaltic.ee\/#website\",\"url\":\"https:\/\/bornitbaltic.ee\/\",\"name\":\"BornitBaltic\",\"description\":\"BORNIT\u00ae ainuesindaja Baltikumis ja Soomes\",\"potentialAction\":[{\"@type\":\"SearchAction\",\"target\":{\"@type\":\"EntryPoint\",\"urlTemplate\":\"https:\/\/bornitbaltic.ee\/?s={search_term_string}\"},\"query-input\":{\"@type\":\"PropertyValueSpecification\",\"valueRequired\":true,\"valueName\":\"search_term_string\"}}],\"inLanguage\":\"fi\"}]}<\/script>\n<!-- \/ Yoast SEO plugin. -->","yoast_head_json":{"title":"BORNIT\u00ae - Sprayfix - Bornit Baltic O\u00dc","description":"BORNIT\u00ae - Sprayfix - tellimine Bornit Baltic kodulehel otse maaletoojalt. Vaata BORNIT\u00ae - Sprayfix lisainfot ning k\u00fcsi personaalne pakkumine.","robots":{"index":"index","follow":"follow","max-snippet":"max-snippet:-1","max-image-preview":"max-image-preview:large","max-video-preview":"max-video-preview:-1"},"canonical":"https:\/\/bornitbaltic.ee\/fi\/tuotteet\/tyoston-apuaineet\/bornit-sprayfix\/","og_locale":"fi_FI","og_type":"article","og_title":"BORNIT\u00ae - Sprayfix - Bornit Baltic O\u00dc","og_description":"BORNIT\u00ae - Sprayfix - tellimine Bornit Baltic kodulehel otse maaletoojalt. Vaata BORNIT\u00ae - Sprayfix lisainfot ning k\u00fcsi personaalne pakkumine.","og_url":"https:\/\/bornitbaltic.ee\/fi\/tuotteet\/tyoston-apuaineet\/bornit-sprayfix\/","og_site_name":"BornitBaltic","article_publisher":"http:\/\/www.facebook.com\/bornitbaltic\/","article_modified_time":"2017-01-19T15:36:28+00:00","og_image":[{"width":210,"height":307,"url":"https:\/\/bornitbaltic.ee\/wp-content\/uploads\/2017\/01\/sprayfix.png","type":"image\/png"}],"twitter_card":"summary_large_image","schema":{"@context":"https:\/\/schema.org","@graph":[{"@type":"WebPage","@id":"https:\/\/bornitbaltic.ee\/fi\/tuotteet\/tyoston-apuaineet\/bornit-sprayfix\/","url":"https:\/\/bornitbaltic.ee\/fi\/tuotteet\/tyoston-apuaineet\/bornit-sprayfix\/","name":"BORNIT\u00ae - Sprayfix - Bornit Baltic O\u00dc","isPartOf":{"@id":"https:\/\/bornitbaltic.ee\/#website"},"primaryImageOfPage":{"@id":"https:\/\/bornitbaltic.ee\/fi\/tuotteet\/tyoston-apuaineet\/bornit-sprayfix\/#primaryimage"},"image":{"@id":"https:\/\/bornitbaltic.ee\/fi\/tuotteet\/tyoston-apuaineet\/bornit-sprayfix\/#primaryimage"},"thumbnailUrl":"https:\/\/bornitbaltic.ee\/wp-content\/uploads\/2017\/01\/sprayfix.png","datePublished":"2017-01-07T16:01:09+00:00","dateModified":"2017-01-19T15:36:28+00:00","description":"BORNIT\u00ae - Sprayfix - tellimine Bornit Baltic kodulehel otse maaletoojalt. Vaata BORNIT\u00ae - Sprayfix lisainfot ning k\u00fcsi personaalne pakkumine.","breadcrumb":{"@id":"https:\/\/bornitbaltic.ee\/fi\/tuotteet\/tyoston-apuaineet\/bornit-sprayfix\/#breadcrumb"},"inLanguage":"fi","potentialAction":[{"@type":"ReadAction","target":["https:\/\/bornitbaltic.ee\/fi\/tuotteet\/tyoston-apuaineet\/bornit-sprayfix\/"]}]},{"@type":"ImageObject","inLanguage":"fi","@id":"https:\/\/bornitbaltic.ee\/fi\/tuotteet\/tyoston-apuaineet\/bornit-sprayfix\/#primaryimage","url":"https:\/\/bornitbaltic.ee\/wp-content\/uploads\/2017\/01\/sprayfix.png","contentUrl":"https:\/\/bornitbaltic.ee\/wp-content\/uploads\/2017\/01\/sprayfix.png","width":210,"height":307,"caption":"Sprayfix"},{"@type":"BreadcrumbList","@id":"https:\/\/bornitbaltic.ee\/fi\/tuotteet\/tyoston-apuaineet\/bornit-sprayfix\/#breadcrumb","itemListElement":[{"@type":"ListItem","position":1,"name":"Home","item":"https:\/\/bornitbaltic.ee\/fi\/"},{"@type":"ListItem","position":2,"name":"Tuotteet","item":"https:\/\/bornitbaltic.ee\/fi\/tuotteiden\/"},{"@type":"ListItem","position":3,"name":"BORNIT\u00ae &#8211; Sprayfix"}]},{"@type":"WebSite","@id":"https:\/\/bornitbaltic.ee\/#website","url":"https:\/\/bornitbaltic.ee\/","name":"BornitBaltic","description":"BORNIT\u00ae ainuesindaja Baltikumis ja Soomes","potentialAction":[{"@type":"SearchAction","target":{"@type":"EntryPoint","urlTemplate":"https:\/\/bornitbaltic.ee\/?s={search_term_string}"},"query-input":{"@type":"PropertyValueSpecification","valueRequired":true,"valueName":"search_term_string"}}],"inLanguage":"fi"}]}},"_links":{"self":[{"href":"https:\/\/bornitbaltic.ee\/fi\/wp-json\/wp\/v2\/product\/22016","targetHints":{"allow":["GET"]}}],"collection":[{"href":"https:\/\/bornitbaltic.ee\/fi\/wp-json\/wp\/v2\/product"}],"about":[{"href":"https:\/\/bornitbaltic.ee\/fi\/wp-json\/wp\/v2\/types\/product"}],"wp:featuredmedia":[{"embeddable":true,"href":"https:\/\/bornitbaltic.ee\/fi\/wp-json\/wp\/v2\/media\/21598"}],"wp:attachment":[{"href":"https:\/\/bornitbaltic.ee\/fi\/wp-json\/wp\/v2\/media?parent=22016"}],"wp:term":[{"taxonomy":"product_brand","embeddable":true,"href":"https:\/\/bornitbaltic.ee\/fi\/wp-json\/wp\/v2\/product_brand?post=22016"},{"taxonomy":"product_cat","embeddable":true,"href":"https:\/\/bornitbaltic.ee\/fi\/wp-json\/wp\/v2\/product_cat?post=22016"},{"taxonomy":"product_tag","embeddable":true,"href":"https:\/\/bornitbaltic.ee\/fi\/wp-json\/wp\/v2\/product_tag?post=22016"}],"curies":[{"name":"wp","href":"https:\/\/api.w.org\/{rel}","templated":true}]}}