{"id":22019,"date":"2017-01-07T16:03:53","date_gmt":"2017-01-07T16:03:53","guid":{"rendered":"http:\/\/wpeesti.ee\/veebitestid\/bornitbaltic\/tooted\/maaratlemata\/bornit-profi-kummist-kaabits\/"},"modified":"2017-01-19T15:43:06","modified_gmt":"2017-01-19T15:43:06","slug":"bornit-profi-kumityonnin","status":"publish","type":"product","link":"https:\/\/bornitbaltic.ee\/fi\/tuotteet\/tyoston-apuaineet\/bornit-profi-kumityonnin\/","title":{"rendered":"BORNIT\u00ae &#8211; Profi-kumity\u00f6nnin"},"content":{"rendered":"<h2>BORNIT\u00ae &#8211; Profi-kumity\u00f6nnin<\/h2>\n<p>Eritt\u00e4in kest\u00e4v\u00e4 kumity\u00f6nnin, <strong>soveltuu ihanteellisesti<\/strong> <strong>BORNIT\u00ae-valmislietteen ty\u00f6st\u00f6\u00f6n<\/strong>, liuottimenkest\u00e4v\u00e4.<\/p>\n<p>Leveys: 60 cm<\/p>\n<p><u>V\u00e4ri<\/u>: alumiiniv\u00e4ri<\/p>\n<p>Varakumi \u2013 leveys 60 cm<\/p>\n","protected":false},"excerpt":{"rendered":"<p>Eritt\u00e4in kest\u00e4v\u00e4 kumity\u00f6nnin, <strong>soveltuu ihanteellisesti<\/strong> <strong>BORNIT\u00ae-valmislietteen ty\u00f6st\u00f6\u00f6n<\/strong>, liuottimenkest\u00e4v\u00e4.<\/p>\n<p>Leveys: 60 cm<\/p>\n<p><u>V\u00e4ri<\/u>: alumiiniv\u00e4ri<\/p>\n<p>Varakumi \u2013 leveys 60 cm<\/p>\n","protected":false},"featured_media":21603,"template":"","meta":{"_acf_changed":false},"product_brand":[],"product_cat":[90],"product_tag":[],"class_list":{"0":"post-22019","1":"product","2":"type-product","3":"status-publish","4":"has-post-thumbnail","6":"brand-bornit","7":"product_cat-tyoston-apuaineet","9":"first","10":"instock","11":"taxable","12":"shipping-taxable","13":"product-type-simple"},"acf":[],"yoast_head":"<!-- This site is optimized with the Yoast SEO plugin v26.1.1 - https:\/\/yoast.com\/wordpress\/plugins\/seo\/ -->\n<title>BORNIT\u00ae - Profi-kumity\u00f6nnin - Bornit Baltic O\u00dc<\/title>\n<meta name=\"description\" content=\"BORNIT\u00ae - Profi-kumity\u00f6nnin - tellimine Bornit Baltic kodulehel otse maaletoojalt. Vaata BORNIT\u00ae - Profi-kumity\u00f6nnin lisainfot ning k\u00fcsi personaalne pakkumine.\" \/>\n<meta name=\"robots\" content=\"index, follow, max-snippet:-1, max-image-preview:large, max-video-preview:-1\" \/>\n<link rel=\"canonical\" href=\"https:\/\/bornitbaltic.ee\/fi\/tuotteet\/tyoston-apuaineet\/bornit-profi-kumityonnin\/\" \/>\n<meta property=\"og:locale\" content=\"fi_FI\" \/>\n<meta property=\"og:type\" content=\"article\" \/>\n<meta property=\"og:title\" content=\"BORNIT\u00ae - Profi-kumity\u00f6nnin - Bornit Baltic O\u00dc\" \/>\n<meta property=\"og:description\" content=\"BORNIT\u00ae - Profi-kumity\u00f6nnin - tellimine Bornit Baltic kodulehel otse maaletoojalt. Vaata BORNIT\u00ae - Profi-kumity\u00f6nnin lisainfot ning k\u00fcsi personaalne pakkumine.\" \/>\n<meta property=\"og:url\" content=\"https:\/\/bornitbaltic.ee\/fi\/tuotteet\/tyoston-apuaineet\/bornit-profi-kumityonnin\/\" \/>\n<meta property=\"og:site_name\" content=\"BornitBaltic\" \/>\n<meta property=\"article:publisher\" content=\"http:\/\/www.facebook.com\/bornitbaltic\/\" \/>\n<meta property=\"article:modified_time\" content=\"2017-01-19T15:43:06+00:00\" \/>\n<meta property=\"og:image\" content=\"https:\/\/bornitbaltic.ee\/wp-content\/uploads\/2017\/01\/profi-gummischieber.png\" \/>\n\t<meta property=\"og:image:width\" content=\"210\" \/>\n\t<meta property=\"og:image:height\" content=\"88\" \/>\n\t<meta property=\"og:image:type\" content=\"image\/png\" \/>\n<meta name=\"twitter:card\" content=\"summary_large_image\" \/>\n<script type=\"application\/ld+json\" class=\"yoast-schema-graph\">{\"@context\":\"https:\/\/schema.org\",\"@graph\":[{\"@type\":\"WebPage\",\"@id\":\"https:\/\/bornitbaltic.ee\/fi\/tuotteet\/tyoston-apuaineet\/bornit-profi-kumityonnin\/\",\"url\":\"https:\/\/bornitbaltic.ee\/fi\/tuotteet\/tyoston-apuaineet\/bornit-profi-kumityonnin\/\",\"name\":\"BORNIT\u00ae - Profi-kumity\u00f6nnin - Bornit Baltic O\u00dc\",\"isPartOf\":{\"@id\":\"https:\/\/bornitbaltic.ee\/#website\"},\"primaryImageOfPage\":{\"@id\":\"https:\/\/bornitbaltic.ee\/fi\/tuotteet\/tyoston-apuaineet\/bornit-profi-kumityonnin\/#primaryimage\"},\"image\":{\"@id\":\"https:\/\/bornitbaltic.ee\/fi\/tuotteet\/tyoston-apuaineet\/bornit-profi-kumityonnin\/#primaryimage\"},\"thumbnailUrl\":\"https:\/\/bornitbaltic.ee\/wp-content\/uploads\/2017\/01\/profi-gummischieber.png\",\"datePublished\":\"2017-01-07T16:03:53+00:00\",\"dateModified\":\"2017-01-19T15:43:06+00:00\",\"description\":\"BORNIT\u00ae - Profi-kumity\u00f6nnin - tellimine Bornit Baltic kodulehel otse maaletoojalt. Vaata BORNIT\u00ae - Profi-kumity\u00f6nnin lisainfot ning k\u00fcsi personaalne pakkumine.\",\"breadcrumb\":{\"@id\":\"https:\/\/bornitbaltic.ee\/fi\/tuotteet\/tyoston-apuaineet\/bornit-profi-kumityonnin\/#breadcrumb\"},\"inLanguage\":\"fi\",\"potentialAction\":[{\"@type\":\"ReadAction\",\"target\":[\"https:\/\/bornitbaltic.ee\/fi\/tuotteet\/tyoston-apuaineet\/bornit-profi-kumityonnin\/\"]}]},{\"@type\":\"ImageObject\",\"inLanguage\":\"fi\",\"@id\":\"https:\/\/bornitbaltic.ee\/fi\/tuotteet\/tyoston-apuaineet\/bornit-profi-kumityonnin\/#primaryimage\",\"url\":\"https:\/\/bornitbaltic.ee\/wp-content\/uploads\/2017\/01\/profi-gummischieber.png\",\"contentUrl\":\"https:\/\/bornitbaltic.ee\/wp-content\/uploads\/2017\/01\/profi-gummischieber.png\",\"width\":210,\"height\":88,\"caption\":\"Profi-kumity\u00f6nnin\"},{\"@type\":\"BreadcrumbList\",\"@id\":\"https:\/\/bornitbaltic.ee\/fi\/tuotteet\/tyoston-apuaineet\/bornit-profi-kumityonnin\/#breadcrumb\",\"itemListElement\":[{\"@type\":\"ListItem\",\"position\":1,\"name\":\"Home\",\"item\":\"https:\/\/bornitbaltic.ee\/fi\/\"},{\"@type\":\"ListItem\",\"position\":2,\"name\":\"Tuotteet\",\"item\":\"https:\/\/bornitbaltic.ee\/fi\/tuotteiden\/\"},{\"@type\":\"ListItem\",\"position\":3,\"name\":\"BORNIT\u00ae &#8211; Profi-kumity\u00f6nnin\"}]},{\"@type\":\"WebSite\",\"@id\":\"https:\/\/bornitbaltic.ee\/#website\",\"url\":\"https:\/\/bornitbaltic.ee\/\",\"name\":\"BornitBaltic\",\"description\":\"BORNIT\u00ae ainuesindaja Baltikumis ja Soomes\",\"potentialAction\":[{\"@type\":\"SearchAction\",\"target\":{\"@type\":\"EntryPoint\",\"urlTemplate\":\"https:\/\/bornitbaltic.ee\/?s={search_term_string}\"},\"query-input\":{\"@type\":\"PropertyValueSpecification\",\"valueRequired\":true,\"valueName\":\"search_term_string\"}}],\"inLanguage\":\"fi\"}]}<\/script>\n<!-- \/ Yoast SEO plugin. -->","yoast_head_json":{"title":"BORNIT\u00ae - Profi-kumity\u00f6nnin - Bornit Baltic O\u00dc","description":"BORNIT\u00ae - Profi-kumity\u00f6nnin - tellimine Bornit Baltic kodulehel otse maaletoojalt. Vaata BORNIT\u00ae - Profi-kumity\u00f6nnin lisainfot ning k\u00fcsi personaalne pakkumine.","robots":{"index":"index","follow":"follow","max-snippet":"max-snippet:-1","max-image-preview":"max-image-preview:large","max-video-preview":"max-video-preview:-1"},"canonical":"https:\/\/bornitbaltic.ee\/fi\/tuotteet\/tyoston-apuaineet\/bornit-profi-kumityonnin\/","og_locale":"fi_FI","og_type":"article","og_title":"BORNIT\u00ae - Profi-kumity\u00f6nnin - Bornit Baltic O\u00dc","og_description":"BORNIT\u00ae - Profi-kumity\u00f6nnin - tellimine Bornit Baltic kodulehel otse maaletoojalt. Vaata BORNIT\u00ae - Profi-kumity\u00f6nnin lisainfot ning k\u00fcsi personaalne pakkumine.","og_url":"https:\/\/bornitbaltic.ee\/fi\/tuotteet\/tyoston-apuaineet\/bornit-profi-kumityonnin\/","og_site_name":"BornitBaltic","article_publisher":"http:\/\/www.facebook.com\/bornitbaltic\/","article_modified_time":"2017-01-19T15:43:06+00:00","og_image":[{"width":210,"height":88,"url":"https:\/\/bornitbaltic.ee\/wp-content\/uploads\/2017\/01\/profi-gummischieber.png","type":"image\/png"}],"twitter_card":"summary_large_image","schema":{"@context":"https:\/\/schema.org","@graph":[{"@type":"WebPage","@id":"https:\/\/bornitbaltic.ee\/fi\/tuotteet\/tyoston-apuaineet\/bornit-profi-kumityonnin\/","url":"https:\/\/bornitbaltic.ee\/fi\/tuotteet\/tyoston-apuaineet\/bornit-profi-kumityonnin\/","name":"BORNIT\u00ae - Profi-kumity\u00f6nnin - Bornit Baltic O\u00dc","isPartOf":{"@id":"https:\/\/bornitbaltic.ee\/#website"},"primaryImageOfPage":{"@id":"https:\/\/bornitbaltic.ee\/fi\/tuotteet\/tyoston-apuaineet\/bornit-profi-kumityonnin\/#primaryimage"},"image":{"@id":"https:\/\/bornitbaltic.ee\/fi\/tuotteet\/tyoston-apuaineet\/bornit-profi-kumityonnin\/#primaryimage"},"thumbnailUrl":"https:\/\/bornitbaltic.ee\/wp-content\/uploads\/2017\/01\/profi-gummischieber.png","datePublished":"2017-01-07T16:03:53+00:00","dateModified":"2017-01-19T15:43:06+00:00","description":"BORNIT\u00ae - Profi-kumity\u00f6nnin - tellimine Bornit Baltic kodulehel otse maaletoojalt. Vaata BORNIT\u00ae - Profi-kumity\u00f6nnin lisainfot ning k\u00fcsi personaalne pakkumine.","breadcrumb":{"@id":"https:\/\/bornitbaltic.ee\/fi\/tuotteet\/tyoston-apuaineet\/bornit-profi-kumityonnin\/#breadcrumb"},"inLanguage":"fi","potentialAction":[{"@type":"ReadAction","target":["https:\/\/bornitbaltic.ee\/fi\/tuotteet\/tyoston-apuaineet\/bornit-profi-kumityonnin\/"]}]},{"@type":"ImageObject","inLanguage":"fi","@id":"https:\/\/bornitbaltic.ee\/fi\/tuotteet\/tyoston-apuaineet\/bornit-profi-kumityonnin\/#primaryimage","url":"https:\/\/bornitbaltic.ee\/wp-content\/uploads\/2017\/01\/profi-gummischieber.png","contentUrl":"https:\/\/bornitbaltic.ee\/wp-content\/uploads\/2017\/01\/profi-gummischieber.png","width":210,"height":88,"caption":"Profi-kumity\u00f6nnin"},{"@type":"BreadcrumbList","@id":"https:\/\/bornitbaltic.ee\/fi\/tuotteet\/tyoston-apuaineet\/bornit-profi-kumityonnin\/#breadcrumb","itemListElement":[{"@type":"ListItem","position":1,"name":"Home","item":"https:\/\/bornitbaltic.ee\/fi\/"},{"@type":"ListItem","position":2,"name":"Tuotteet","item":"https:\/\/bornitbaltic.ee\/fi\/tuotteiden\/"},{"@type":"ListItem","position":3,"name":"BORNIT\u00ae &#8211; Profi-kumity\u00f6nnin"}]},{"@type":"WebSite","@id":"https:\/\/bornitbaltic.ee\/#website","url":"https:\/\/bornitbaltic.ee\/","name":"BornitBaltic","description":"BORNIT\u00ae ainuesindaja Baltikumis ja Soomes","potentialAction":[{"@type":"SearchAction","target":{"@type":"EntryPoint","urlTemplate":"https:\/\/bornitbaltic.ee\/?s={search_term_string}"},"query-input":{"@type":"PropertyValueSpecification","valueRequired":true,"valueName":"search_term_string"}}],"inLanguage":"fi"}]}},"_links":{"self":[{"href":"https:\/\/bornitbaltic.ee\/fi\/wp-json\/wp\/v2\/product\/22019","targetHints":{"allow":["GET"]}}],"collection":[{"href":"https:\/\/bornitbaltic.ee\/fi\/wp-json\/wp\/v2\/product"}],"about":[{"href":"https:\/\/bornitbaltic.ee\/fi\/wp-json\/wp\/v2\/types\/product"}],"wp:featuredmedia":[{"embeddable":true,"href":"https:\/\/bornitbaltic.ee\/fi\/wp-json\/wp\/v2\/media\/21603"}],"wp:attachment":[{"href":"https:\/\/bornitbaltic.ee\/fi\/wp-json\/wp\/v2\/media?parent=22019"}],"wp:term":[{"taxonomy":"product_brand","embeddable":true,"href":"https:\/\/bornitbaltic.ee\/fi\/wp-json\/wp\/v2\/product_brand?post=22019"},{"taxonomy":"product_cat","embeddable":true,"href":"https:\/\/bornitbaltic.ee\/fi\/wp-json\/wp\/v2\/product_cat?post=22019"},{"taxonomy":"product_tag","embeddable":true,"href":"https:\/\/bornitbaltic.ee\/fi\/wp-json\/wp\/v2\/product_tag?post=22019"}],"curies":[{"name":"wp","href":"https:\/\/api.w.org\/{rel}","templated":true}]}}