{"id":22027,"date":"2017-01-09T16:15:43","date_gmt":"2017-01-09T16:15:43","guid":{"rendered":"http:\/\/wpeesti.ee\/veebitestid\/bornitbaltic\/tooted\/maaratlemata\/grun-vuugi-ja-praofrees\/"},"modified":"2017-01-19T16:03:46","modified_gmt":"2017-01-19T16:03:46","slug":"grun-halkeama-ja-saumajyrsin","status":"publish","type":"product","link":"https:\/\/bornitbaltic.ee\/fi\/tuotteet\/maaramata\/grun-halkeama-ja-saumajyrsin\/","title":{"rendered":"GR\u00dcN &#8211; Halkeama- ja saumajyrsin"},"content":{"rendered":"<h2>GR\u00dcN &#8211; Halkeama- ja saumajyrsin<\/h2>\n<p>BORNIT\u00ae -halkeama- ja saumajyrsimell\u00e4 voidaan halkeamat ja suorat saumat jyrsi\u00e4 auki nopeasti ja taloudellisesti. Kovametallisten jyrsinpy\u00f6rien pienen kierrosluvun ansiosta my\u00f6s irtonaiset osat irtoavat halkeaman kulusta. Lis\u00e4varusteena saatava kiekkojyrsin mahdollistaa ongelmattoman reunojen tai seinien jyrsinn\u00e4n.<\/p>\n","protected":false},"excerpt":{"rendered":"<p>BORNIT\u00ae -halkeama- ja saumajyrsimell\u00e4 voidaan halkeamat ja suorat saumat jyrsi\u00e4 auki nopeasti ja taloudellisesti. Kovametallisten jyrsinpy\u00f6rien pienen kierrosluvun ansiosta my\u00f6s irtonaiset osat irtoavat halkeaman kulusta. Lis\u00e4varusteena saatava kiekkojyrsin mahdollistaa ongelmattoman reunojen tai seinien jyrsinn\u00e4n.<\/p>\n","protected":false},"featured_media":21630,"template":"","meta":{"_acf_changed":false},"product_brand":[],"product_cat":[151],"product_tag":[],"class_list":{"0":"post-22027","1":"product","2":"type-product","3":"status-publish","4":"has-post-thumbnail","6":"brand-grun","7":"product_cat-maaramata","9":"first","10":"instock","11":"taxable","12":"shipping-taxable","13":"product-type-simple"},"acf":[],"yoast_head":"<!-- This site is optimized with the Yoast SEO plugin v26.1.1 - https:\/\/yoast.com\/wordpress\/plugins\/seo\/ -->\n<title>GR\u00dcN - Halkeama- ja saumajyrsin - Bornit Baltic O\u00dc<\/title>\n<meta name=\"description\" content=\"GR\u00dcN - Halkeama- ja saumajyrsin - tellimine Bornit Baltic kodulehel otse maaletoojalt. Vaata GR\u00dcN - Halkeama- ja saumajyrsin lisainfot ning k\u00fcsi personaalne pakkumine.\" \/>\n<meta name=\"robots\" content=\"index, follow, max-snippet:-1, max-image-preview:large, max-video-preview:-1\" \/>\n<link rel=\"canonical\" href=\"https:\/\/bornitbaltic.ee\/fi\/tuotteet\/uncategorized-fi\/grun-halkeama-ja-saumajyrsin\/\" \/>\n<meta property=\"og:locale\" content=\"fi_FI\" \/>\n<meta property=\"og:type\" content=\"article\" \/>\n<meta property=\"og:title\" content=\"GR\u00dcN - Halkeama- ja saumajyrsin - Bornit Baltic O\u00dc\" \/>\n<meta property=\"og:description\" content=\"GR\u00dcN - Halkeama- ja saumajyrsin - tellimine Bornit Baltic kodulehel otse maaletoojalt. Vaata GR\u00dcN - Halkeama- ja saumajyrsin lisainfot ning k\u00fcsi personaalne pakkumine.\" \/>\n<meta property=\"og:url\" content=\"https:\/\/bornitbaltic.ee\/fi\/tuotteet\/uncategorized-fi\/grun-halkeama-ja-saumajyrsin\/\" \/>\n<meta property=\"og:site_name\" content=\"BornitBaltic\" \/>\n<meta property=\"article:publisher\" content=\"http:\/\/www.facebook.com\/bornitbaltic\/\" \/>\n<meta property=\"article:modified_time\" content=\"2017-01-19T16:03:46+00:00\" \/>\n<meta property=\"og:image\" content=\"https:\/\/bornitbaltic.ee\/wp-content\/uploads\/2017\/01\/fugen_rissfraese1.png\" \/>\n\t<meta property=\"og:image:width\" content=\"210\" \/>\n\t<meta property=\"og:image:height\" content=\"169\" \/>\n\t<meta property=\"og:image:type\" content=\"image\/png\" \/>\n<meta name=\"twitter:card\" content=\"summary_large_image\" \/>\n<script type=\"application\/ld+json\" class=\"yoast-schema-graph\">{\"@context\":\"https:\/\/schema.org\",\"@graph\":[{\"@type\":\"WebPage\",\"@id\":\"https:\/\/bornitbaltic.ee\/fi\/tuotteet\/uncategorized-fi\/grun-halkeama-ja-saumajyrsin\/\",\"url\":\"https:\/\/bornitbaltic.ee\/fi\/tuotteet\/uncategorized-fi\/grun-halkeama-ja-saumajyrsin\/\",\"name\":\"GR\u00dcN - Halkeama- ja saumajyrsin - Bornit Baltic O\u00dc\",\"isPartOf\":{\"@id\":\"https:\/\/bornitbaltic.ee\/#website\"},\"primaryImageOfPage\":{\"@id\":\"https:\/\/bornitbaltic.ee\/fi\/tuotteet\/uncategorized-fi\/grun-halkeama-ja-saumajyrsin\/#primaryimage\"},\"image\":{\"@id\":\"https:\/\/bornitbaltic.ee\/fi\/tuotteet\/uncategorized-fi\/grun-halkeama-ja-saumajyrsin\/#primaryimage\"},\"thumbnailUrl\":\"https:\/\/bornitbaltic.ee\/wp-content\/uploads\/2017\/01\/fugen_rissfraese1.png\",\"datePublished\":\"2017-01-09T16:15:43+00:00\",\"dateModified\":\"2017-01-19T16:03:46+00:00\",\"description\":\"GR\u00dcN - Halkeama- ja saumajyrsin - tellimine Bornit Baltic kodulehel otse maaletoojalt. Vaata GR\u00dcN - Halkeama- ja saumajyrsin lisainfot ning k\u00fcsi personaalne pakkumine.\",\"breadcrumb\":{\"@id\":\"https:\/\/bornitbaltic.ee\/fi\/tuotteet\/uncategorized-fi\/grun-halkeama-ja-saumajyrsin\/#breadcrumb\"},\"inLanguage\":\"fi\",\"potentialAction\":[{\"@type\":\"ReadAction\",\"target\":[\"https:\/\/bornitbaltic.ee\/fi\/tuotteet\/uncategorized-fi\/grun-halkeama-ja-saumajyrsin\/\"]}]},{\"@type\":\"ImageObject\",\"inLanguage\":\"fi\",\"@id\":\"https:\/\/bornitbaltic.ee\/fi\/tuotteet\/uncategorized-fi\/grun-halkeama-ja-saumajyrsin\/#primaryimage\",\"url\":\"https:\/\/bornitbaltic.ee\/wp-content\/uploads\/2017\/01\/fugen_rissfraese1.png\",\"contentUrl\":\"https:\/\/bornitbaltic.ee\/wp-content\/uploads\/2017\/01\/fugen_rissfraese1.png\",\"width\":210,\"height\":169,\"caption\":\"Halkeama- ja saumajyrsin\"},{\"@type\":\"BreadcrumbList\",\"@id\":\"https:\/\/bornitbaltic.ee\/fi\/tuotteet\/uncategorized-fi\/grun-halkeama-ja-saumajyrsin\/#breadcrumb\",\"itemListElement\":[{\"@type\":\"ListItem\",\"position\":1,\"name\":\"Home\",\"item\":\"https:\/\/bornitbaltic.ee\/fi\/\"},{\"@type\":\"ListItem\",\"position\":2,\"name\":\"Tuotteet\",\"item\":\"https:\/\/bornitbaltic.ee\/fi\/tuotteiden\/\"},{\"@type\":\"ListItem\",\"position\":3,\"name\":\"GR\u00dcN &#8211; Halkeama- ja saumajyrsin\"}]},{\"@type\":\"WebSite\",\"@id\":\"https:\/\/bornitbaltic.ee\/#website\",\"url\":\"https:\/\/bornitbaltic.ee\/\",\"name\":\"BornitBaltic\",\"description\":\"BORNIT\u00ae ainuesindaja Baltikumis ja Soomes\",\"potentialAction\":[{\"@type\":\"SearchAction\",\"target\":{\"@type\":\"EntryPoint\",\"urlTemplate\":\"https:\/\/bornitbaltic.ee\/?s={search_term_string}\"},\"query-input\":{\"@type\":\"PropertyValueSpecification\",\"valueRequired\":true,\"valueName\":\"search_term_string\"}}],\"inLanguage\":\"fi\"}]}<\/script>\n<!-- \/ Yoast SEO plugin. -->","yoast_head_json":{"title":"GR\u00dcN - Halkeama- ja saumajyrsin - Bornit Baltic O\u00dc","description":"GR\u00dcN - Halkeama- ja saumajyrsin - tellimine Bornit Baltic kodulehel otse maaletoojalt. Vaata GR\u00dcN - Halkeama- ja saumajyrsin lisainfot ning k\u00fcsi personaalne pakkumine.","robots":{"index":"index","follow":"follow","max-snippet":"max-snippet:-1","max-image-preview":"max-image-preview:large","max-video-preview":"max-video-preview:-1"},"canonical":"https:\/\/bornitbaltic.ee\/fi\/tuotteet\/uncategorized-fi\/grun-halkeama-ja-saumajyrsin\/","og_locale":"fi_FI","og_type":"article","og_title":"GR\u00dcN - Halkeama- ja saumajyrsin - Bornit Baltic O\u00dc","og_description":"GR\u00dcN - Halkeama- ja saumajyrsin - tellimine Bornit Baltic kodulehel otse maaletoojalt. Vaata GR\u00dcN - Halkeama- ja saumajyrsin lisainfot ning k\u00fcsi personaalne pakkumine.","og_url":"https:\/\/bornitbaltic.ee\/fi\/tuotteet\/uncategorized-fi\/grun-halkeama-ja-saumajyrsin\/","og_site_name":"BornitBaltic","article_publisher":"http:\/\/www.facebook.com\/bornitbaltic\/","article_modified_time":"2017-01-19T16:03:46+00:00","og_image":[{"width":210,"height":169,"url":"https:\/\/bornitbaltic.ee\/wp-content\/uploads\/2017\/01\/fugen_rissfraese1.png","type":"image\/png"}],"twitter_card":"summary_large_image","schema":{"@context":"https:\/\/schema.org","@graph":[{"@type":"WebPage","@id":"https:\/\/bornitbaltic.ee\/fi\/tuotteet\/uncategorized-fi\/grun-halkeama-ja-saumajyrsin\/","url":"https:\/\/bornitbaltic.ee\/fi\/tuotteet\/uncategorized-fi\/grun-halkeama-ja-saumajyrsin\/","name":"GR\u00dcN - Halkeama- ja saumajyrsin - Bornit Baltic O\u00dc","isPartOf":{"@id":"https:\/\/bornitbaltic.ee\/#website"},"primaryImageOfPage":{"@id":"https:\/\/bornitbaltic.ee\/fi\/tuotteet\/uncategorized-fi\/grun-halkeama-ja-saumajyrsin\/#primaryimage"},"image":{"@id":"https:\/\/bornitbaltic.ee\/fi\/tuotteet\/uncategorized-fi\/grun-halkeama-ja-saumajyrsin\/#primaryimage"},"thumbnailUrl":"https:\/\/bornitbaltic.ee\/wp-content\/uploads\/2017\/01\/fugen_rissfraese1.png","datePublished":"2017-01-09T16:15:43+00:00","dateModified":"2017-01-19T16:03:46+00:00","description":"GR\u00dcN - Halkeama- ja saumajyrsin - tellimine Bornit Baltic kodulehel otse maaletoojalt. Vaata GR\u00dcN - Halkeama- ja saumajyrsin lisainfot ning k\u00fcsi personaalne pakkumine.","breadcrumb":{"@id":"https:\/\/bornitbaltic.ee\/fi\/tuotteet\/uncategorized-fi\/grun-halkeama-ja-saumajyrsin\/#breadcrumb"},"inLanguage":"fi","potentialAction":[{"@type":"ReadAction","target":["https:\/\/bornitbaltic.ee\/fi\/tuotteet\/uncategorized-fi\/grun-halkeama-ja-saumajyrsin\/"]}]},{"@type":"ImageObject","inLanguage":"fi","@id":"https:\/\/bornitbaltic.ee\/fi\/tuotteet\/uncategorized-fi\/grun-halkeama-ja-saumajyrsin\/#primaryimage","url":"https:\/\/bornitbaltic.ee\/wp-content\/uploads\/2017\/01\/fugen_rissfraese1.png","contentUrl":"https:\/\/bornitbaltic.ee\/wp-content\/uploads\/2017\/01\/fugen_rissfraese1.png","width":210,"height":169,"caption":"Halkeama- ja saumajyrsin"},{"@type":"BreadcrumbList","@id":"https:\/\/bornitbaltic.ee\/fi\/tuotteet\/uncategorized-fi\/grun-halkeama-ja-saumajyrsin\/#breadcrumb","itemListElement":[{"@type":"ListItem","position":1,"name":"Home","item":"https:\/\/bornitbaltic.ee\/fi\/"},{"@type":"ListItem","position":2,"name":"Tuotteet","item":"https:\/\/bornitbaltic.ee\/fi\/tuotteiden\/"},{"@type":"ListItem","position":3,"name":"GR\u00dcN &#8211; Halkeama- ja saumajyrsin"}]},{"@type":"WebSite","@id":"https:\/\/bornitbaltic.ee\/#website","url":"https:\/\/bornitbaltic.ee\/","name":"BornitBaltic","description":"BORNIT\u00ae ainuesindaja Baltikumis ja Soomes","potentialAction":[{"@type":"SearchAction","target":{"@type":"EntryPoint","urlTemplate":"https:\/\/bornitbaltic.ee\/?s={search_term_string}"},"query-input":{"@type":"PropertyValueSpecification","valueRequired":true,"valueName":"search_term_string"}}],"inLanguage":"fi"}]}},"_links":{"self":[{"href":"https:\/\/bornitbaltic.ee\/fi\/wp-json\/wp\/v2\/product\/22027","targetHints":{"allow":["GET"]}}],"collection":[{"href":"https:\/\/bornitbaltic.ee\/fi\/wp-json\/wp\/v2\/product"}],"about":[{"href":"https:\/\/bornitbaltic.ee\/fi\/wp-json\/wp\/v2\/types\/product"}],"wp:featuredmedia":[{"embeddable":true,"href":"https:\/\/bornitbaltic.ee\/fi\/wp-json\/wp\/v2\/media\/21630"}],"wp:attachment":[{"href":"https:\/\/bornitbaltic.ee\/fi\/wp-json\/wp\/v2\/media?parent=22027"}],"wp:term":[{"taxonomy":"product_brand","embeddable":true,"href":"https:\/\/bornitbaltic.ee\/fi\/wp-json\/wp\/v2\/product_brand?post=22027"},{"taxonomy":"product_cat","embeddable":true,"href":"https:\/\/bornitbaltic.ee\/fi\/wp-json\/wp\/v2\/product_cat?post=22027"},{"taxonomy":"product_tag","embeddable":true,"href":"https:\/\/bornitbaltic.ee\/fi\/wp-json\/wp\/v2\/product_tag?post=22027"}],"curies":[{"name":"wp","href":"https:\/\/api.w.org\/{rel}","templated":true}]}}