{"id":22029,"date":"2017-01-09T16:29:53","date_gmt":"2017-01-09T16:29:53","guid":{"rendered":"http:\/\/wpeesti.ee\/veebitestid\/bornitbaltic\/tooted\/maaratlemata\/graco-gh-5040-pritsimisseade\/"},"modified":"2017-01-19T16:08:58","modified_gmt":"2017-01-19T16:08:58","slug":"graco-gh-5040","status":"publish","type":"product","link":"https:\/\/bornitbaltic.ee\/fi\/tuotteet\/tyoston-apuaineet\/graco-gh-5040\/","title":{"rendered":"GRACO GH 5040"},"content":{"rendered":"<h2>GRACO GH 5040<\/h2>\n<p><strong>Bensiinik\u00e4ytt\u00f6inen hydraulinen suurpaineruiskulaite. <\/strong><\/p>\n<p>Erillist\u00e4 kompressoria ei tarvita. Suorituskykyinen Honda-moottori 9,7 kW (13 PS). Pitkien letkujen liit\u00e4nt\u00e4 mahdollinen, mik\u00e4 mahdollistaa joustavan ty\u00f6skentelyn rakennusmontussa, koska ruiskulaitetta ei tarvitse siirt\u00e4\u00e4. Ruiskutus mahdollinen my\u00f6s IBC-s\u00e4ili\u00f6lavoilta.<\/p>\n<p>&nbsp;<\/p>\n","protected":false},"excerpt":{"rendered":"<p><strong>Bensiinik\u00e4ytt\u00f6inen hydraulinen suurpaineruiskulaite. <\/strong><\/p>\n<p>Erillist\u00e4 kompressoria ei tarvita. Suorituskykyinen Honda-moottori 9,7 kW (13 PS). Pitkien letkujen liit\u00e4nt\u00e4 mahdollinen, mik\u00e4 mahdollistaa joustavan ty\u00f6skentelyn rakennusmontussa, koska ruiskulaitetta ei tarvitse siirt\u00e4\u00e4. Ruiskutus mahdollinen my\u00f6s IBC-s\u00e4ili\u00f6lavoilta.<\/p>\n","protected":false},"featured_media":21648,"template":"","meta":{"_acf_changed":false},"product_brand":[],"product_cat":[90],"product_tag":[],"class_list":{"0":"post-22029","1":"product","2":"type-product","3":"status-publish","4":"has-post-thumbnail","6":"brand-graco","7":"product_cat-tyoston-apuaineet","9":"first","10":"instock","11":"taxable","12":"shipping-taxable","13":"product-type-simple"},"acf":[],"yoast_head":"<!-- This site is optimized with the Yoast SEO plugin v26.1.1 - https:\/\/yoast.com\/wordpress\/plugins\/seo\/ -->\n<title>GRACO GH 5040 - Bornit Baltic O\u00dc<\/title>\n<meta name=\"description\" content=\"GRACO GH 5040 - tellimine Bornit Baltic kodulehel otse maaletoojalt. Vaata GRACO GH 5040 lisainfot ning k\u00fcsi personaalne pakkumine.\" \/>\n<meta name=\"robots\" content=\"index, follow, max-snippet:-1, max-image-preview:large, max-video-preview:-1\" \/>\n<link rel=\"canonical\" href=\"https:\/\/bornitbaltic.ee\/fi\/tuotteet\/tyoston-apuaineet\/graco-gh-5040\/\" \/>\n<meta property=\"og:locale\" content=\"fi_FI\" \/>\n<meta property=\"og:type\" content=\"article\" \/>\n<meta property=\"og:title\" content=\"GRACO GH 5040 - Bornit Baltic O\u00dc\" \/>\n<meta property=\"og:description\" content=\"GRACO GH 5040 - tellimine Bornit Baltic kodulehel otse maaletoojalt. Vaata GRACO GH 5040 lisainfot ning k\u00fcsi personaalne pakkumine.\" \/>\n<meta property=\"og:url\" content=\"https:\/\/bornitbaltic.ee\/fi\/tuotteet\/tyoston-apuaineet\/graco-gh-5040\/\" \/>\n<meta property=\"og:site_name\" content=\"BornitBaltic\" \/>\n<meta property=\"article:publisher\" content=\"http:\/\/www.facebook.com\/bornitbaltic\/\" \/>\n<meta property=\"article:modified_time\" content=\"2017-01-19T16:08:58+00:00\" \/>\n<meta property=\"og:image\" content=\"https:\/\/bornitbaltic.ee\/wp-content\/uploads\/2017\/01\/graco_gh_5040_es.png\" \/>\n\t<meta property=\"og:image:width\" content=\"210\" \/>\n\t<meta property=\"og:image:height\" content=\"251\" \/>\n\t<meta property=\"og:image:type\" content=\"image\/png\" \/>\n<meta name=\"twitter:card\" content=\"summary_large_image\" \/>\n<script type=\"application\/ld+json\" class=\"yoast-schema-graph\">{\"@context\":\"https:\/\/schema.org\",\"@graph\":[{\"@type\":\"WebPage\",\"@id\":\"https:\/\/bornitbaltic.ee\/fi\/tuotteet\/tyoston-apuaineet\/graco-gh-5040\/\",\"url\":\"https:\/\/bornitbaltic.ee\/fi\/tuotteet\/tyoston-apuaineet\/graco-gh-5040\/\",\"name\":\"GRACO GH 5040 - Bornit Baltic O\u00dc\",\"isPartOf\":{\"@id\":\"https:\/\/bornitbaltic.ee\/#website\"},\"primaryImageOfPage\":{\"@id\":\"https:\/\/bornitbaltic.ee\/fi\/tuotteet\/tyoston-apuaineet\/graco-gh-5040\/#primaryimage\"},\"image\":{\"@id\":\"https:\/\/bornitbaltic.ee\/fi\/tuotteet\/tyoston-apuaineet\/graco-gh-5040\/#primaryimage\"},\"thumbnailUrl\":\"https:\/\/bornitbaltic.ee\/wp-content\/uploads\/2017\/01\/graco_gh_5040_es.png\",\"datePublished\":\"2017-01-09T16:29:53+00:00\",\"dateModified\":\"2017-01-19T16:08:58+00:00\",\"description\":\"GRACO GH 5040 - tellimine Bornit Baltic kodulehel otse maaletoojalt. Vaata GRACO GH 5040 lisainfot ning k\u00fcsi personaalne pakkumine.\",\"breadcrumb\":{\"@id\":\"https:\/\/bornitbaltic.ee\/fi\/tuotteet\/tyoston-apuaineet\/graco-gh-5040\/#breadcrumb\"},\"inLanguage\":\"fi\",\"potentialAction\":[{\"@type\":\"ReadAction\",\"target\":[\"https:\/\/bornitbaltic.ee\/fi\/tuotteet\/tyoston-apuaineet\/graco-gh-5040\/\"]}]},{\"@type\":\"ImageObject\",\"inLanguage\":\"fi\",\"@id\":\"https:\/\/bornitbaltic.ee\/fi\/tuotteet\/tyoston-apuaineet\/graco-gh-5040\/#primaryimage\",\"url\":\"https:\/\/bornitbaltic.ee\/wp-content\/uploads\/2017\/01\/graco_gh_5040_es.png\",\"contentUrl\":\"https:\/\/bornitbaltic.ee\/wp-content\/uploads\/2017\/01\/graco_gh_5040_es.png\",\"width\":210,\"height\":251,\"caption\":\"GRACO GH 5040\"},{\"@type\":\"BreadcrumbList\",\"@id\":\"https:\/\/bornitbaltic.ee\/fi\/tuotteet\/tyoston-apuaineet\/graco-gh-5040\/#breadcrumb\",\"itemListElement\":[{\"@type\":\"ListItem\",\"position\":1,\"name\":\"Home\",\"item\":\"https:\/\/bornitbaltic.ee\/fi\/\"},{\"@type\":\"ListItem\",\"position\":2,\"name\":\"Tuotteet\",\"item\":\"https:\/\/bornitbaltic.ee\/fi\/tuotteiden\/\"},{\"@type\":\"ListItem\",\"position\":3,\"name\":\"GRACO GH 5040\"}]},{\"@type\":\"WebSite\",\"@id\":\"https:\/\/bornitbaltic.ee\/#website\",\"url\":\"https:\/\/bornitbaltic.ee\/\",\"name\":\"BornitBaltic\",\"description\":\"BORNIT\u00ae ainuesindaja Baltikumis ja Soomes\",\"potentialAction\":[{\"@type\":\"SearchAction\",\"target\":{\"@type\":\"EntryPoint\",\"urlTemplate\":\"https:\/\/bornitbaltic.ee\/?s={search_term_string}\"},\"query-input\":{\"@type\":\"PropertyValueSpecification\",\"valueRequired\":true,\"valueName\":\"search_term_string\"}}],\"inLanguage\":\"fi\"}]}<\/script>\n<!-- \/ Yoast SEO plugin. -->","yoast_head_json":{"title":"GRACO GH 5040 - Bornit Baltic O\u00dc","description":"GRACO GH 5040 - tellimine Bornit Baltic kodulehel otse maaletoojalt. Vaata GRACO GH 5040 lisainfot ning k\u00fcsi personaalne pakkumine.","robots":{"index":"index","follow":"follow","max-snippet":"max-snippet:-1","max-image-preview":"max-image-preview:large","max-video-preview":"max-video-preview:-1"},"canonical":"https:\/\/bornitbaltic.ee\/fi\/tuotteet\/tyoston-apuaineet\/graco-gh-5040\/","og_locale":"fi_FI","og_type":"article","og_title":"GRACO GH 5040 - Bornit Baltic O\u00dc","og_description":"GRACO GH 5040 - tellimine Bornit Baltic kodulehel otse maaletoojalt. Vaata GRACO GH 5040 lisainfot ning k\u00fcsi personaalne pakkumine.","og_url":"https:\/\/bornitbaltic.ee\/fi\/tuotteet\/tyoston-apuaineet\/graco-gh-5040\/","og_site_name":"BornitBaltic","article_publisher":"http:\/\/www.facebook.com\/bornitbaltic\/","article_modified_time":"2017-01-19T16:08:58+00:00","og_image":[{"width":210,"height":251,"url":"https:\/\/bornitbaltic.ee\/wp-content\/uploads\/2017\/01\/graco_gh_5040_es.png","type":"image\/png"}],"twitter_card":"summary_large_image","schema":{"@context":"https:\/\/schema.org","@graph":[{"@type":"WebPage","@id":"https:\/\/bornitbaltic.ee\/fi\/tuotteet\/tyoston-apuaineet\/graco-gh-5040\/","url":"https:\/\/bornitbaltic.ee\/fi\/tuotteet\/tyoston-apuaineet\/graco-gh-5040\/","name":"GRACO GH 5040 - Bornit Baltic O\u00dc","isPartOf":{"@id":"https:\/\/bornitbaltic.ee\/#website"},"primaryImageOfPage":{"@id":"https:\/\/bornitbaltic.ee\/fi\/tuotteet\/tyoston-apuaineet\/graco-gh-5040\/#primaryimage"},"image":{"@id":"https:\/\/bornitbaltic.ee\/fi\/tuotteet\/tyoston-apuaineet\/graco-gh-5040\/#primaryimage"},"thumbnailUrl":"https:\/\/bornitbaltic.ee\/wp-content\/uploads\/2017\/01\/graco_gh_5040_es.png","datePublished":"2017-01-09T16:29:53+00:00","dateModified":"2017-01-19T16:08:58+00:00","description":"GRACO GH 5040 - tellimine Bornit Baltic kodulehel otse maaletoojalt. Vaata GRACO GH 5040 lisainfot ning k\u00fcsi personaalne pakkumine.","breadcrumb":{"@id":"https:\/\/bornitbaltic.ee\/fi\/tuotteet\/tyoston-apuaineet\/graco-gh-5040\/#breadcrumb"},"inLanguage":"fi","potentialAction":[{"@type":"ReadAction","target":["https:\/\/bornitbaltic.ee\/fi\/tuotteet\/tyoston-apuaineet\/graco-gh-5040\/"]}]},{"@type":"ImageObject","inLanguage":"fi","@id":"https:\/\/bornitbaltic.ee\/fi\/tuotteet\/tyoston-apuaineet\/graco-gh-5040\/#primaryimage","url":"https:\/\/bornitbaltic.ee\/wp-content\/uploads\/2017\/01\/graco_gh_5040_es.png","contentUrl":"https:\/\/bornitbaltic.ee\/wp-content\/uploads\/2017\/01\/graco_gh_5040_es.png","width":210,"height":251,"caption":"GRACO GH 5040"},{"@type":"BreadcrumbList","@id":"https:\/\/bornitbaltic.ee\/fi\/tuotteet\/tyoston-apuaineet\/graco-gh-5040\/#breadcrumb","itemListElement":[{"@type":"ListItem","position":1,"name":"Home","item":"https:\/\/bornitbaltic.ee\/fi\/"},{"@type":"ListItem","position":2,"name":"Tuotteet","item":"https:\/\/bornitbaltic.ee\/fi\/tuotteiden\/"},{"@type":"ListItem","position":3,"name":"GRACO GH 5040"}]},{"@type":"WebSite","@id":"https:\/\/bornitbaltic.ee\/#website","url":"https:\/\/bornitbaltic.ee\/","name":"BornitBaltic","description":"BORNIT\u00ae ainuesindaja Baltikumis ja Soomes","potentialAction":[{"@type":"SearchAction","target":{"@type":"EntryPoint","urlTemplate":"https:\/\/bornitbaltic.ee\/?s={search_term_string}"},"query-input":{"@type":"PropertyValueSpecification","valueRequired":true,"valueName":"search_term_string"}}],"inLanguage":"fi"}]}},"_links":{"self":[{"href":"https:\/\/bornitbaltic.ee\/fi\/wp-json\/wp\/v2\/product\/22029","targetHints":{"allow":["GET"]}}],"collection":[{"href":"https:\/\/bornitbaltic.ee\/fi\/wp-json\/wp\/v2\/product"}],"about":[{"href":"https:\/\/bornitbaltic.ee\/fi\/wp-json\/wp\/v2\/types\/product"}],"wp:featuredmedia":[{"embeddable":true,"href":"https:\/\/bornitbaltic.ee\/fi\/wp-json\/wp\/v2\/media\/21648"}],"wp:attachment":[{"href":"https:\/\/bornitbaltic.ee\/fi\/wp-json\/wp\/v2\/media?parent=22029"}],"wp:term":[{"taxonomy":"product_brand","embeddable":true,"href":"https:\/\/bornitbaltic.ee\/fi\/wp-json\/wp\/v2\/product_brand?post=22029"},{"taxonomy":"product_cat","embeddable":true,"href":"https:\/\/bornitbaltic.ee\/fi\/wp-json\/wp\/v2\/product_cat?post=22029"},{"taxonomy":"product_tag","embeddable":true,"href":"https:\/\/bornitbaltic.ee\/fi\/wp-json\/wp\/v2\/product_tag?post=22029"}],"curies":[{"name":"wp","href":"https:\/\/api.w.org\/{rel}","templated":true}]}}