{"id":22032,"date":"2017-01-09T16:35:49","date_gmt":"2017-01-09T16:35:49","guid":{"rendered":"http:\/\/wpeesti.ee\/veebitestid\/bornitbaltic\/tooted\/maaratlemata\/wagner-heavy-coat-960-pritsimisseade\/"},"modified":"2017-01-19T16:14:01","modified_gmt":"2017-01-19T16:14:01","slug":"wagner-heavy-coat-960","status":"publish","type":"product","link":"https:\/\/bornitbaltic.ee\/fi\/tuotteet\/tyoston-apuaineet\/wagner-heavy-coat-960\/","title":{"rendered":"WAGNER Heavy Coat 960"},"content":{"rendered":"<h2>WAGNER Heavy Coat 960<\/h2>\n<p>Vahva suurtehopumppu \u2013 hydraulisen m\u00e4nt\u00e4pumpputekniikan ansiosta \u00e4\u00e4rimm\u00e4isen tehokas ja vankka vaativaan rakennusty\u00f6maak\u00e4ytt\u00f6\u00f6n. Saatavana joko s\u00e4hk\u00f6- tai bensiinik\u00e4ytt\u00f6isen\u00e4.<\/p>\n","protected":false},"excerpt":{"rendered":"<p>Vahva suurtehopumppu \u2013 hydraulisen m\u00e4nt\u00e4pumpputekniikan ansiosta \u00e4\u00e4rimm\u00e4isen tehokas ja vankka vaativaan rakennusty\u00f6maak\u00e4ytt\u00f6\u00f6n. Saatavana joko s\u00e4hk\u00f6- tai bensiinik\u00e4ytt\u00f6isen\u00e4.<\/p>\n","protected":false},"featured_media":21653,"template":"","meta":{"_acf_changed":false},"product_brand":[],"product_cat":[90],"product_tag":[],"class_list":{"0":"post-22032","1":"product","2":"type-product","3":"status-publish","4":"has-post-thumbnail","6":"brand-wagner","7":"product_cat-tyoston-apuaineet","9":"first","10":"instock","11":"taxable","12":"shipping-taxable","13":"product-type-simple"},"acf":[],"yoast_head":"<!-- This site is optimized with the Yoast SEO plugin v26.1.1 - https:\/\/yoast.com\/wordpress\/plugins\/seo\/ -->\n<title>WAGNER Heavy Coat 960 - Bornit Baltic O\u00dc<\/title>\n<meta name=\"description\" content=\"WAGNER Heavy Coat 960 - tellimine Bornit Baltic kodulehel otse maaletoojalt. Vaata WAGNER Heavy Coat 960 lisainfot ning k\u00fcsi personaalne pakkumine.\" \/>\n<meta name=\"robots\" content=\"index, follow, max-snippet:-1, max-image-preview:large, max-video-preview:-1\" \/>\n<link rel=\"canonical\" href=\"https:\/\/bornitbaltic.ee\/fi\/tuotteet\/tyoston-apuaineet\/wagner-heavy-coat-960\/\" \/>\n<meta property=\"og:locale\" content=\"fi_FI\" \/>\n<meta property=\"og:type\" content=\"article\" \/>\n<meta property=\"og:title\" content=\"WAGNER Heavy Coat 960 - Bornit Baltic O\u00dc\" \/>\n<meta property=\"og:description\" content=\"WAGNER Heavy Coat 960 - tellimine Bornit Baltic kodulehel otse maaletoojalt. Vaata WAGNER Heavy Coat 960 lisainfot ning k\u00fcsi personaalne pakkumine.\" \/>\n<meta property=\"og:url\" content=\"https:\/\/bornitbaltic.ee\/fi\/tuotteet\/tyoston-apuaineet\/wagner-heavy-coat-960\/\" \/>\n<meta property=\"og:site_name\" content=\"BornitBaltic\" \/>\n<meta property=\"article:publisher\" content=\"http:\/\/www.facebook.com\/bornitbaltic\/\" \/>\n<meta property=\"article:modified_time\" content=\"2017-01-19T16:14:01+00:00\" \/>\n<meta property=\"og:image\" content=\"https:\/\/bornitbaltic.ee\/wp-content\/uploads\/2017\/01\/wagner_heavy_coat_960.png\" \/>\n\t<meta property=\"og:image:width\" content=\"210\" \/>\n\t<meta property=\"og:image:height\" content=\"138\" \/>\n\t<meta property=\"og:image:type\" content=\"image\/png\" \/>\n<meta name=\"twitter:card\" content=\"summary_large_image\" \/>\n<script type=\"application\/ld+json\" class=\"yoast-schema-graph\">{\"@context\":\"https:\/\/schema.org\",\"@graph\":[{\"@type\":\"WebPage\",\"@id\":\"https:\/\/bornitbaltic.ee\/fi\/tuotteet\/tyoston-apuaineet\/wagner-heavy-coat-960\/\",\"url\":\"https:\/\/bornitbaltic.ee\/fi\/tuotteet\/tyoston-apuaineet\/wagner-heavy-coat-960\/\",\"name\":\"WAGNER Heavy Coat 960 - Bornit Baltic O\u00dc\",\"isPartOf\":{\"@id\":\"https:\/\/bornitbaltic.ee\/#website\"},\"primaryImageOfPage\":{\"@id\":\"https:\/\/bornitbaltic.ee\/fi\/tuotteet\/tyoston-apuaineet\/wagner-heavy-coat-960\/#primaryimage\"},\"image\":{\"@id\":\"https:\/\/bornitbaltic.ee\/fi\/tuotteet\/tyoston-apuaineet\/wagner-heavy-coat-960\/#primaryimage\"},\"thumbnailUrl\":\"https:\/\/bornitbaltic.ee\/wp-content\/uploads\/2017\/01\/wagner_heavy_coat_960.png\",\"datePublished\":\"2017-01-09T16:35:49+00:00\",\"dateModified\":\"2017-01-19T16:14:01+00:00\",\"description\":\"WAGNER Heavy Coat 960 - tellimine Bornit Baltic kodulehel otse maaletoojalt. Vaata WAGNER Heavy Coat 960 lisainfot ning k\u00fcsi personaalne pakkumine.\",\"breadcrumb\":{\"@id\":\"https:\/\/bornitbaltic.ee\/fi\/tuotteet\/tyoston-apuaineet\/wagner-heavy-coat-960\/#breadcrumb\"},\"inLanguage\":\"fi\",\"potentialAction\":[{\"@type\":\"ReadAction\",\"target\":[\"https:\/\/bornitbaltic.ee\/fi\/tuotteet\/tyoston-apuaineet\/wagner-heavy-coat-960\/\"]}]},{\"@type\":\"ImageObject\",\"inLanguage\":\"fi\",\"@id\":\"https:\/\/bornitbaltic.ee\/fi\/tuotteet\/tyoston-apuaineet\/wagner-heavy-coat-960\/#primaryimage\",\"url\":\"https:\/\/bornitbaltic.ee\/wp-content\/uploads\/2017\/01\/wagner_heavy_coat_960.png\",\"contentUrl\":\"https:\/\/bornitbaltic.ee\/wp-content\/uploads\/2017\/01\/wagner_heavy_coat_960.png\",\"width\":210,\"height\":138,\"caption\":\"WAGNER Heavy Coat 960\"},{\"@type\":\"BreadcrumbList\",\"@id\":\"https:\/\/bornitbaltic.ee\/fi\/tuotteet\/tyoston-apuaineet\/wagner-heavy-coat-960\/#breadcrumb\",\"itemListElement\":[{\"@type\":\"ListItem\",\"position\":1,\"name\":\"Home\",\"item\":\"https:\/\/bornitbaltic.ee\/fi\/\"},{\"@type\":\"ListItem\",\"position\":2,\"name\":\"Tuotteet\",\"item\":\"https:\/\/bornitbaltic.ee\/fi\/tuotteiden\/\"},{\"@type\":\"ListItem\",\"position\":3,\"name\":\"WAGNER Heavy Coat 960\"}]},{\"@type\":\"WebSite\",\"@id\":\"https:\/\/bornitbaltic.ee\/#website\",\"url\":\"https:\/\/bornitbaltic.ee\/\",\"name\":\"BornitBaltic\",\"description\":\"BORNIT\u00ae ainuesindaja Baltikumis ja Soomes\",\"potentialAction\":[{\"@type\":\"SearchAction\",\"target\":{\"@type\":\"EntryPoint\",\"urlTemplate\":\"https:\/\/bornitbaltic.ee\/?s={search_term_string}\"},\"query-input\":{\"@type\":\"PropertyValueSpecification\",\"valueRequired\":true,\"valueName\":\"search_term_string\"}}],\"inLanguage\":\"fi\"}]}<\/script>\n<!-- \/ Yoast SEO plugin. -->","yoast_head_json":{"title":"WAGNER Heavy Coat 960 - Bornit Baltic O\u00dc","description":"WAGNER Heavy Coat 960 - tellimine Bornit Baltic kodulehel otse maaletoojalt. Vaata WAGNER Heavy Coat 960 lisainfot ning k\u00fcsi personaalne pakkumine.","robots":{"index":"index","follow":"follow","max-snippet":"max-snippet:-1","max-image-preview":"max-image-preview:large","max-video-preview":"max-video-preview:-1"},"canonical":"https:\/\/bornitbaltic.ee\/fi\/tuotteet\/tyoston-apuaineet\/wagner-heavy-coat-960\/","og_locale":"fi_FI","og_type":"article","og_title":"WAGNER Heavy Coat 960 - Bornit Baltic O\u00dc","og_description":"WAGNER Heavy Coat 960 - tellimine Bornit Baltic kodulehel otse maaletoojalt. Vaata WAGNER Heavy Coat 960 lisainfot ning k\u00fcsi personaalne pakkumine.","og_url":"https:\/\/bornitbaltic.ee\/fi\/tuotteet\/tyoston-apuaineet\/wagner-heavy-coat-960\/","og_site_name":"BornitBaltic","article_publisher":"http:\/\/www.facebook.com\/bornitbaltic\/","article_modified_time":"2017-01-19T16:14:01+00:00","og_image":[{"width":210,"height":138,"url":"https:\/\/bornitbaltic.ee\/wp-content\/uploads\/2017\/01\/wagner_heavy_coat_960.png","type":"image\/png"}],"twitter_card":"summary_large_image","schema":{"@context":"https:\/\/schema.org","@graph":[{"@type":"WebPage","@id":"https:\/\/bornitbaltic.ee\/fi\/tuotteet\/tyoston-apuaineet\/wagner-heavy-coat-960\/","url":"https:\/\/bornitbaltic.ee\/fi\/tuotteet\/tyoston-apuaineet\/wagner-heavy-coat-960\/","name":"WAGNER Heavy Coat 960 - Bornit Baltic O\u00dc","isPartOf":{"@id":"https:\/\/bornitbaltic.ee\/#website"},"primaryImageOfPage":{"@id":"https:\/\/bornitbaltic.ee\/fi\/tuotteet\/tyoston-apuaineet\/wagner-heavy-coat-960\/#primaryimage"},"image":{"@id":"https:\/\/bornitbaltic.ee\/fi\/tuotteet\/tyoston-apuaineet\/wagner-heavy-coat-960\/#primaryimage"},"thumbnailUrl":"https:\/\/bornitbaltic.ee\/wp-content\/uploads\/2017\/01\/wagner_heavy_coat_960.png","datePublished":"2017-01-09T16:35:49+00:00","dateModified":"2017-01-19T16:14:01+00:00","description":"WAGNER Heavy Coat 960 - tellimine Bornit Baltic kodulehel otse maaletoojalt. Vaata WAGNER Heavy Coat 960 lisainfot ning k\u00fcsi personaalne pakkumine.","breadcrumb":{"@id":"https:\/\/bornitbaltic.ee\/fi\/tuotteet\/tyoston-apuaineet\/wagner-heavy-coat-960\/#breadcrumb"},"inLanguage":"fi","potentialAction":[{"@type":"ReadAction","target":["https:\/\/bornitbaltic.ee\/fi\/tuotteet\/tyoston-apuaineet\/wagner-heavy-coat-960\/"]}]},{"@type":"ImageObject","inLanguage":"fi","@id":"https:\/\/bornitbaltic.ee\/fi\/tuotteet\/tyoston-apuaineet\/wagner-heavy-coat-960\/#primaryimage","url":"https:\/\/bornitbaltic.ee\/wp-content\/uploads\/2017\/01\/wagner_heavy_coat_960.png","contentUrl":"https:\/\/bornitbaltic.ee\/wp-content\/uploads\/2017\/01\/wagner_heavy_coat_960.png","width":210,"height":138,"caption":"WAGNER Heavy Coat 960"},{"@type":"BreadcrumbList","@id":"https:\/\/bornitbaltic.ee\/fi\/tuotteet\/tyoston-apuaineet\/wagner-heavy-coat-960\/#breadcrumb","itemListElement":[{"@type":"ListItem","position":1,"name":"Home","item":"https:\/\/bornitbaltic.ee\/fi\/"},{"@type":"ListItem","position":2,"name":"Tuotteet","item":"https:\/\/bornitbaltic.ee\/fi\/tuotteiden\/"},{"@type":"ListItem","position":3,"name":"WAGNER Heavy Coat 960"}]},{"@type":"WebSite","@id":"https:\/\/bornitbaltic.ee\/#website","url":"https:\/\/bornitbaltic.ee\/","name":"BornitBaltic","description":"BORNIT\u00ae ainuesindaja Baltikumis ja Soomes","potentialAction":[{"@type":"SearchAction","target":{"@type":"EntryPoint","urlTemplate":"https:\/\/bornitbaltic.ee\/?s={search_term_string}"},"query-input":{"@type":"PropertyValueSpecification","valueRequired":true,"valueName":"search_term_string"}}],"inLanguage":"fi"}]}},"_links":{"self":[{"href":"https:\/\/bornitbaltic.ee\/fi\/wp-json\/wp\/v2\/product\/22032","targetHints":{"allow":["GET"]}}],"collection":[{"href":"https:\/\/bornitbaltic.ee\/fi\/wp-json\/wp\/v2\/product"}],"about":[{"href":"https:\/\/bornitbaltic.ee\/fi\/wp-json\/wp\/v2\/types\/product"}],"wp:featuredmedia":[{"embeddable":true,"href":"https:\/\/bornitbaltic.ee\/fi\/wp-json\/wp\/v2\/media\/21653"}],"wp:attachment":[{"href":"https:\/\/bornitbaltic.ee\/fi\/wp-json\/wp\/v2\/media?parent=22032"}],"wp:term":[{"taxonomy":"product_brand","embeddable":true,"href":"https:\/\/bornitbaltic.ee\/fi\/wp-json\/wp\/v2\/product_brand?post=22032"},{"taxonomy":"product_cat","embeddable":true,"href":"https:\/\/bornitbaltic.ee\/fi\/wp-json\/wp\/v2\/product_cat?post=22032"},{"taxonomy":"product_tag","embeddable":true,"href":"https:\/\/bornitbaltic.ee\/fi\/wp-json\/wp\/v2\/product_tag?post=22032"}],"curies":[{"name":"wp","href":"https:\/\/api.w.org\/{rel}","templated":true}]}}