{"id":22033,"date":"2017-01-19T16:17:10","date_gmt":"2017-01-19T16:17:10","guid":{"rendered":"http:\/\/wpeesti.ee\/veebitestid\/bornitbaltic\/?post_type=product&#038;p=22033\/"},"modified":"2017-01-19T16:17:10","modified_gmt":"2017-01-19T16:17:10","slug":"graco-dutymax-eh-300-graco-dutymax-gh-300","status":"publish","type":"product","link":"https:\/\/bornitbaltic.ee\/fi\/tuotteet\/tyoston-apuaineet\/graco-dutymax-eh-300-graco-dutymax-gh-300\/","title":{"rendered":"GRACO Dutymax EH 300 \/ GRACO Dutymax GH 300"},"content":{"rendered":"<h2>GRACO Dutymax EH 300 \/ GRACO Dutymax GH 300<\/h2>\n<p>S\u00e4hk\u00f6- tai bensiinik\u00e4ytt\u00f6inen hydraulinen korkeapaineruisku, tehokkaat moottorit (EH: 7,5 PS \/ GH: 9,0 PS); lis\u00e4kompressoria ei tarvita; laitteeseen voidaan liitt\u00e4\u00e4 pitk\u00e4t letkut, mahdollistaa joustavan ty\u00f6skentelyn rakennusmontussa ilman ruiskutuslaitteen siirtoja;<br \/>\nruiskuttamiseen voi k\u00e4ytt\u00e4\u00e4 my\u00f6s IBC-s\u00e4ili\u00f6lavaa.<\/p>\n","protected":false},"excerpt":{"rendered":"<p>S\u00e4hk\u00f6- tai bensiinik\u00e4ytt\u00f6inen hydraulinen korkeapaineruisku, tehokkaat moottorit (EH: 7,5 PS \/ GH: 9,0 PS); lis\u00e4kompressoria ei tarvita; laitteeseen voidaan liitt\u00e4\u00e4 pitk\u00e4t letkut, mahdollistaa joustavan ty\u00f6skentelyn rakennusmontussa ilman ruiskutuslaitteen siirtoja;<br \/>\nruiskuttamiseen voi k\u00e4ytt\u00e4\u00e4 my\u00f6s IBC-s\u00e4ili\u00f6lavaa.<\/p>\n","protected":false},"featured_media":22034,"template":"","meta":{"_acf_changed":false},"product_brand":[],"product_cat":[90],"product_tag":[],"class_list":{"0":"post-22033","1":"product","2":"type-product","3":"status-publish","4":"has-post-thumbnail","6":"brand-graco","7":"product_cat-tyoston-apuaineet","9":"first","10":"instock","11":"taxable","12":"shipping-taxable","13":"product-type-simple"},"acf":[],"yoast_head":"<!-- This site is optimized with the Yoast SEO plugin v26.1.1 - https:\/\/yoast.com\/wordpress\/plugins\/seo\/ -->\n<title>GRACO Dutymax EH 300 \/ GRACO Dutymax GH 300 - Bornit Baltic O\u00dc<\/title>\n<meta name=\"description\" content=\"GRACO Dutymax EH 300 \/ GRACO Dutymax GH 300 - tellimine Bornit Baltic kodulehel otse maaletoojalt. Vaata GRACO Dutymax EH 300 \/ GRACO Dutymax GH 300 lisainfot ning k\u00fcsi personaalne pakkumine.\" \/>\n<meta name=\"robots\" content=\"index, follow, max-snippet:-1, max-image-preview:large, max-video-preview:-1\" \/>\n<link rel=\"canonical\" href=\"https:\/\/bornitbaltic.ee\/fi\/tuotteet\/tyoston-apuaineet\/graco-dutymax-eh-300-graco-dutymax-gh-300\/\" \/>\n<meta property=\"og:locale\" content=\"fi_FI\" \/>\n<meta property=\"og:type\" content=\"article\" \/>\n<meta property=\"og:title\" content=\"GRACO Dutymax EH 300 \/ GRACO Dutymax GH 300 - Bornit Baltic O\u00dc\" \/>\n<meta property=\"og:description\" content=\"GRACO Dutymax EH 300 \/ GRACO Dutymax GH 300 - tellimine Bornit Baltic kodulehel otse maaletoojalt. Vaata GRACO Dutymax EH 300 \/ GRACO Dutymax GH 300 lisainfot ning k\u00fcsi personaalne pakkumine.\" \/>\n<meta property=\"og:url\" content=\"https:\/\/bornitbaltic.ee\/fi\/tuotteet\/tyoston-apuaineet\/graco-dutymax-eh-300-graco-dutymax-gh-300\/\" \/>\n<meta property=\"og:site_name\" content=\"BornitBaltic\" \/>\n<meta property=\"article:publisher\" content=\"http:\/\/www.facebook.com\/bornitbaltic\/\" \/>\n<meta property=\"og:image\" content=\"https:\/\/bornitbaltic.ee\/wp-content\/uploads\/2017\/01\/graco-dutymax.png\" \/>\n\t<meta property=\"og:image:width\" content=\"150\" \/>\n\t<meta property=\"og:image:height\" content=\"135\" \/>\n\t<meta property=\"og:image:type\" content=\"image\/png\" \/>\n<meta name=\"twitter:card\" content=\"summary_large_image\" \/>\n<script type=\"application\/ld+json\" class=\"yoast-schema-graph\">{\"@context\":\"https:\/\/schema.org\",\"@graph\":[{\"@type\":\"WebPage\",\"@id\":\"https:\/\/bornitbaltic.ee\/fi\/tuotteet\/tyoston-apuaineet\/graco-dutymax-eh-300-graco-dutymax-gh-300\/\",\"url\":\"https:\/\/bornitbaltic.ee\/fi\/tuotteet\/tyoston-apuaineet\/graco-dutymax-eh-300-graco-dutymax-gh-300\/\",\"name\":\"GRACO Dutymax EH 300 \/ GRACO Dutymax GH 300 - Bornit Baltic O\u00dc\",\"isPartOf\":{\"@id\":\"https:\/\/bornitbaltic.ee\/#website\"},\"primaryImageOfPage\":{\"@id\":\"https:\/\/bornitbaltic.ee\/fi\/tuotteet\/tyoston-apuaineet\/graco-dutymax-eh-300-graco-dutymax-gh-300\/#primaryimage\"},\"image\":{\"@id\":\"https:\/\/bornitbaltic.ee\/fi\/tuotteet\/tyoston-apuaineet\/graco-dutymax-eh-300-graco-dutymax-gh-300\/#primaryimage\"},\"thumbnailUrl\":\"https:\/\/bornitbaltic.ee\/wp-content\/uploads\/2017\/01\/graco-dutymax.png\",\"datePublished\":\"2017-01-19T16:17:10+00:00\",\"description\":\"GRACO Dutymax EH 300 \/ GRACO Dutymax GH 300 - tellimine Bornit Baltic kodulehel otse maaletoojalt. Vaata GRACO Dutymax EH 300 \/ GRACO Dutymax GH 300 lisainfot ning k\u00fcsi personaalne pakkumine.\",\"breadcrumb\":{\"@id\":\"https:\/\/bornitbaltic.ee\/fi\/tuotteet\/tyoston-apuaineet\/graco-dutymax-eh-300-graco-dutymax-gh-300\/#breadcrumb\"},\"inLanguage\":\"fi\",\"potentialAction\":[{\"@type\":\"ReadAction\",\"target\":[\"https:\/\/bornitbaltic.ee\/fi\/tuotteet\/tyoston-apuaineet\/graco-dutymax-eh-300-graco-dutymax-gh-300\/\"]}]},{\"@type\":\"ImageObject\",\"inLanguage\":\"fi\",\"@id\":\"https:\/\/bornitbaltic.ee\/fi\/tuotteet\/tyoston-apuaineet\/graco-dutymax-eh-300-graco-dutymax-gh-300\/#primaryimage\",\"url\":\"https:\/\/bornitbaltic.ee\/wp-content\/uploads\/2017\/01\/graco-dutymax.png\",\"contentUrl\":\"https:\/\/bornitbaltic.ee\/wp-content\/uploads\/2017\/01\/graco-dutymax.png\",\"width\":150,\"height\":135,\"caption\":\"GRACO Dutymax\"},{\"@type\":\"BreadcrumbList\",\"@id\":\"https:\/\/bornitbaltic.ee\/fi\/tuotteet\/tyoston-apuaineet\/graco-dutymax-eh-300-graco-dutymax-gh-300\/#breadcrumb\",\"itemListElement\":[{\"@type\":\"ListItem\",\"position\":1,\"name\":\"Home\",\"item\":\"https:\/\/bornitbaltic.ee\/fi\/\"},{\"@type\":\"ListItem\",\"position\":2,\"name\":\"Tuotteet\",\"item\":\"https:\/\/bornitbaltic.ee\/fi\/tuotteiden\/\"},{\"@type\":\"ListItem\",\"position\":3,\"name\":\"GRACO Dutymax EH 300 \/ GRACO Dutymax GH 300\"}]},{\"@type\":\"WebSite\",\"@id\":\"https:\/\/bornitbaltic.ee\/#website\",\"url\":\"https:\/\/bornitbaltic.ee\/\",\"name\":\"BornitBaltic\",\"description\":\"BORNIT\u00ae ainuesindaja Baltikumis ja Soomes\",\"potentialAction\":[{\"@type\":\"SearchAction\",\"target\":{\"@type\":\"EntryPoint\",\"urlTemplate\":\"https:\/\/bornitbaltic.ee\/?s={search_term_string}\"},\"query-input\":{\"@type\":\"PropertyValueSpecification\",\"valueRequired\":true,\"valueName\":\"search_term_string\"}}],\"inLanguage\":\"fi\"}]}<\/script>\n<!-- \/ Yoast SEO plugin. -->","yoast_head_json":{"title":"GRACO Dutymax EH 300 \/ GRACO Dutymax GH 300 - Bornit Baltic O\u00dc","description":"GRACO Dutymax EH 300 \/ GRACO Dutymax GH 300 - tellimine Bornit Baltic kodulehel otse maaletoojalt. Vaata GRACO Dutymax EH 300 \/ GRACO Dutymax GH 300 lisainfot ning k\u00fcsi personaalne pakkumine.","robots":{"index":"index","follow":"follow","max-snippet":"max-snippet:-1","max-image-preview":"max-image-preview:large","max-video-preview":"max-video-preview:-1"},"canonical":"https:\/\/bornitbaltic.ee\/fi\/tuotteet\/tyoston-apuaineet\/graco-dutymax-eh-300-graco-dutymax-gh-300\/","og_locale":"fi_FI","og_type":"article","og_title":"GRACO Dutymax EH 300 \/ GRACO Dutymax GH 300 - Bornit Baltic O\u00dc","og_description":"GRACO Dutymax EH 300 \/ GRACO Dutymax GH 300 - tellimine Bornit Baltic kodulehel otse maaletoojalt. Vaata GRACO Dutymax EH 300 \/ GRACO Dutymax GH 300 lisainfot ning k\u00fcsi personaalne pakkumine.","og_url":"https:\/\/bornitbaltic.ee\/fi\/tuotteet\/tyoston-apuaineet\/graco-dutymax-eh-300-graco-dutymax-gh-300\/","og_site_name":"BornitBaltic","article_publisher":"http:\/\/www.facebook.com\/bornitbaltic\/","og_image":[{"width":150,"height":135,"url":"https:\/\/bornitbaltic.ee\/wp-content\/uploads\/2017\/01\/graco-dutymax.png","type":"image\/png"}],"twitter_card":"summary_large_image","schema":{"@context":"https:\/\/schema.org","@graph":[{"@type":"WebPage","@id":"https:\/\/bornitbaltic.ee\/fi\/tuotteet\/tyoston-apuaineet\/graco-dutymax-eh-300-graco-dutymax-gh-300\/","url":"https:\/\/bornitbaltic.ee\/fi\/tuotteet\/tyoston-apuaineet\/graco-dutymax-eh-300-graco-dutymax-gh-300\/","name":"GRACO Dutymax EH 300 \/ GRACO Dutymax GH 300 - Bornit Baltic O\u00dc","isPartOf":{"@id":"https:\/\/bornitbaltic.ee\/#website"},"primaryImageOfPage":{"@id":"https:\/\/bornitbaltic.ee\/fi\/tuotteet\/tyoston-apuaineet\/graco-dutymax-eh-300-graco-dutymax-gh-300\/#primaryimage"},"image":{"@id":"https:\/\/bornitbaltic.ee\/fi\/tuotteet\/tyoston-apuaineet\/graco-dutymax-eh-300-graco-dutymax-gh-300\/#primaryimage"},"thumbnailUrl":"https:\/\/bornitbaltic.ee\/wp-content\/uploads\/2017\/01\/graco-dutymax.png","datePublished":"2017-01-19T16:17:10+00:00","description":"GRACO Dutymax EH 300 \/ GRACO Dutymax GH 300 - tellimine Bornit Baltic kodulehel otse maaletoojalt. Vaata GRACO Dutymax EH 300 \/ GRACO Dutymax GH 300 lisainfot ning k\u00fcsi personaalne pakkumine.","breadcrumb":{"@id":"https:\/\/bornitbaltic.ee\/fi\/tuotteet\/tyoston-apuaineet\/graco-dutymax-eh-300-graco-dutymax-gh-300\/#breadcrumb"},"inLanguage":"fi","potentialAction":[{"@type":"ReadAction","target":["https:\/\/bornitbaltic.ee\/fi\/tuotteet\/tyoston-apuaineet\/graco-dutymax-eh-300-graco-dutymax-gh-300\/"]}]},{"@type":"ImageObject","inLanguage":"fi","@id":"https:\/\/bornitbaltic.ee\/fi\/tuotteet\/tyoston-apuaineet\/graco-dutymax-eh-300-graco-dutymax-gh-300\/#primaryimage","url":"https:\/\/bornitbaltic.ee\/wp-content\/uploads\/2017\/01\/graco-dutymax.png","contentUrl":"https:\/\/bornitbaltic.ee\/wp-content\/uploads\/2017\/01\/graco-dutymax.png","width":150,"height":135,"caption":"GRACO Dutymax"},{"@type":"BreadcrumbList","@id":"https:\/\/bornitbaltic.ee\/fi\/tuotteet\/tyoston-apuaineet\/graco-dutymax-eh-300-graco-dutymax-gh-300\/#breadcrumb","itemListElement":[{"@type":"ListItem","position":1,"name":"Home","item":"https:\/\/bornitbaltic.ee\/fi\/"},{"@type":"ListItem","position":2,"name":"Tuotteet","item":"https:\/\/bornitbaltic.ee\/fi\/tuotteiden\/"},{"@type":"ListItem","position":3,"name":"GRACO Dutymax EH 300 \/ GRACO Dutymax GH 300"}]},{"@type":"WebSite","@id":"https:\/\/bornitbaltic.ee\/#website","url":"https:\/\/bornitbaltic.ee\/","name":"BornitBaltic","description":"BORNIT\u00ae ainuesindaja Baltikumis ja Soomes","potentialAction":[{"@type":"SearchAction","target":{"@type":"EntryPoint","urlTemplate":"https:\/\/bornitbaltic.ee\/?s={search_term_string}"},"query-input":{"@type":"PropertyValueSpecification","valueRequired":true,"valueName":"search_term_string"}}],"inLanguage":"fi"}]}},"_links":{"self":[{"href":"https:\/\/bornitbaltic.ee\/fi\/wp-json\/wp\/v2\/product\/22033","targetHints":{"allow":["GET"]}}],"collection":[{"href":"https:\/\/bornitbaltic.ee\/fi\/wp-json\/wp\/v2\/product"}],"about":[{"href":"https:\/\/bornitbaltic.ee\/fi\/wp-json\/wp\/v2\/types\/product"}],"wp:featuredmedia":[{"embeddable":true,"href":"https:\/\/bornitbaltic.ee\/fi\/wp-json\/wp\/v2\/media\/22034"}],"wp:attachment":[{"href":"https:\/\/bornitbaltic.ee\/fi\/wp-json\/wp\/v2\/media?parent=22033"}],"wp:term":[{"taxonomy":"product_brand","embeddable":true,"href":"https:\/\/bornitbaltic.ee\/fi\/wp-json\/wp\/v2\/product_brand?post=22033"},{"taxonomy":"product_cat","embeddable":true,"href":"https:\/\/bornitbaltic.ee\/fi\/wp-json\/wp\/v2\/product_cat?post=22033"},{"taxonomy":"product_tag","embeddable":true,"href":"https:\/\/bornitbaltic.ee\/fi\/wp-json\/wp\/v2\/product_tag?post=22033"}],"curies":[{"name":"wp","href":"https:\/\/api.w.org\/{rel}","templated":true}]}}