{"id":22039,"date":"2017-01-05T18:58:30","date_gmt":"2017-01-05T18:58:30","guid":{"rendered":"http:\/\/wpeesti.ee\/veebitestid\/bornitbaltic\/tooted\/maaratlemata\/bornit-guss-asphalt-parandussegu\/"},"modified":"2017-01-19T16:25:14","modified_gmt":"2017-01-19T16:25:14","slug":"bornit-valuasfaltti","status":"publish","type":"product","link":"https:\/\/bornitbaltic.ee\/fi\/tuotteet\/tienrakennustuotteet\/kuuma-ja-kylmavalumassat\/bornit-valuasfaltti\/","title":{"rendered":"BORNIT\u00ae &#8211; Valuasfaltti"},"content":{"rendered":"<h2>BORNIT\u00ae &#8211; Valuasfaltti<\/h2>\n<p><strong>Kuumana ty\u00f6stett\u00e4v\u00e4 korjausmassa <\/strong>kuoppien ja routavaurioiden paikkaamiseen sek\u00e4 kuilujen, viem\u00e4reiden jne. tasoittamiseen. Levitt\u00e4misen ja j\u00e4\u00e4htymisen j\u00e4lkeen heti ajokelpoinen ja luja.<\/p>\n<p>Raekoko 0\u20132 mm (BORNIT\u00ae-Guss-Asphalt 20) tai raekoko 0\u20135 mm (BORNIT\u00ae-Guss-Asphalt 50).<\/p>\n<table border=\"0\" width=\"250\" cellspacing=\"5\" cellpadding=\"0\">\n<tbody>\n<tr>\n<td colspan=\"2\" height=\"30\"><strong>Mitat<\/strong>:<\/td>\n<\/tr>\n<tr>\n<td align=\"left\" valign=\"middle\" width=\"100\" height=\"25\">Pakkaus<\/td>\n<td align=\"left\" valign=\"middle\" width=\"150\" height=\"25\">Valuasfaltti 20<br \/>\n25 kg<br \/>\nValuasfaltti 50<br \/>\n25 kg<\/td>\n<\/tr>\n<tr>\n<td align=\"left\" valign=\"middle\" height=\"25\">V\u00e4ri<\/td>\n<td align=\"left\" valign=\"middle\" width=\"150\" height=\"25\">musta<\/td>\n<\/tr>\n<tr>\n<td align=\"left\" valign=\"middle\" height=\"25\">Kulutus<\/td>\n<td align=\"left\" valign=\"middle\" width=\"150\" height=\"25\">n. 25 kg\/m\u00b2\/cm kerroksen paksuus<\/td>\n<\/tr>\n<\/tbody>\n<\/table>\n","protected":false},"excerpt":{"rendered":"<p><strong>Kuumana ty\u00f6stett\u00e4v\u00e4 korjausmassa <\/strong>kuoppien ja routavaurioiden paikkaamiseen sek\u00e4 kuilujen, viem\u00e4reiden jne. tasoittamiseen. Levitt\u00e4misen ja j\u00e4\u00e4htymisen j\u00e4lkeen heti ajokelpoinen ja luja.<\/p>\n<p>Raekoko 0\u20132 mm (BORNIT\u00ae-Guss-Asphalt 20) tai raekoko 0\u20135 mm (BORNIT\u00ae-Guss-Asphalt 50).<\/p>\n","protected":false},"featured_media":24538,"template":"","meta":{"_acf_changed":false},"product_brand":[],"product_cat":[96,93],"product_tag":[],"class_list":{"0":"post-22039","1":"product","2":"type-product","3":"status-publish","4":"has-post-thumbnail","6":"brand-bornit","7":"product_cat-kuuma-ja-kylmavalumassat","8":"product_cat-tienrakennustuotteet","10":"first","11":"instock","12":"taxable","13":"shipping-taxable","14":"product-type-simple"},"acf":[],"yoast_head":"<!-- This site is optimized with the Yoast SEO plugin v26.1.1 - https:\/\/yoast.com\/wordpress\/plugins\/seo\/ -->\n<title>BORNIT\u00ae - Valuasfaltti - Bornit Baltic O\u00dc<\/title>\n<meta name=\"description\" content=\"BORNIT\u00ae - Valuasfaltti - tellimine Bornit Baltic kodulehel otse maaletoojalt. Vaata BORNIT\u00ae - Valuasfaltti lisainfot ning k\u00fcsi personaalne pakkumine.\" \/>\n<meta name=\"robots\" content=\"index, follow, max-snippet:-1, max-image-preview:large, max-video-preview:-1\" \/>\n<link rel=\"canonical\" href=\"https:\/\/bornitbaltic.ee\/fi\/tuotteet\/tienrakennustuotteet\/kuuma-ja-kylmavalumassat\/bornit-valuasfaltti\/\" \/>\n<meta property=\"og:locale\" content=\"fi_FI\" \/>\n<meta property=\"og:type\" content=\"article\" \/>\n<meta property=\"og:title\" content=\"BORNIT\u00ae - Valuasfaltti - Bornit Baltic O\u00dc\" \/>\n<meta property=\"og:description\" content=\"BORNIT\u00ae - Valuasfaltti - tellimine Bornit Baltic kodulehel otse maaletoojalt. Vaata BORNIT\u00ae - Valuasfaltti lisainfot ning k\u00fcsi personaalne pakkumine.\" \/>\n<meta property=\"og:url\" content=\"https:\/\/bornitbaltic.ee\/fi\/tuotteet\/tienrakennustuotteet\/kuuma-ja-kylmavalumassat\/bornit-valuasfaltti\/\" \/>\n<meta property=\"og:site_name\" content=\"BornitBaltic\" \/>\n<meta property=\"article:publisher\" content=\"http:\/\/www.facebook.com\/bornitbaltic\/\" \/>\n<meta property=\"article:modified_time\" content=\"2017-01-19T16:25:14+00:00\" \/>\n<meta property=\"og:image\" content=\"https:\/\/bornitbaltic.ee\/wp-content\/uploads\/2017\/01\/Produktbild_1-1.png\" \/>\n\t<meta property=\"og:image:width\" content=\"654\" \/>\n\t<meta property=\"og:image:height\" content=\"350\" \/>\n\t<meta property=\"og:image:type\" content=\"image\/png\" \/>\n<meta name=\"twitter:card\" content=\"summary_large_image\" \/>\n<script type=\"application\/ld+json\" class=\"yoast-schema-graph\">{\"@context\":\"https:\/\/schema.org\",\"@graph\":[{\"@type\":\"WebPage\",\"@id\":\"https:\/\/bornitbaltic.ee\/fi\/tuotteet\/tienrakennustuotteet\/kuuma-ja-kylmavalumassat\/bornit-valuasfaltti\/\",\"url\":\"https:\/\/bornitbaltic.ee\/fi\/tuotteet\/tienrakennustuotteet\/kuuma-ja-kylmavalumassat\/bornit-valuasfaltti\/\",\"name\":\"BORNIT\u00ae - Valuasfaltti - Bornit Baltic O\u00dc\",\"isPartOf\":{\"@id\":\"https:\/\/bornitbaltic.ee\/#website\"},\"primaryImageOfPage\":{\"@id\":\"https:\/\/bornitbaltic.ee\/fi\/tuotteet\/tienrakennustuotteet\/kuuma-ja-kylmavalumassat\/bornit-valuasfaltti\/#primaryimage\"},\"image\":{\"@id\":\"https:\/\/bornitbaltic.ee\/fi\/tuotteet\/tienrakennustuotteet\/kuuma-ja-kylmavalumassat\/bornit-valuasfaltti\/#primaryimage\"},\"thumbnailUrl\":\"https:\/\/bornitbaltic.ee\/wp-content\/uploads\/2017\/01\/Produktbild_1-1.png\",\"datePublished\":\"2017-01-05T18:58:30+00:00\",\"dateModified\":\"2017-01-19T16:25:14+00:00\",\"description\":\"BORNIT\u00ae - Valuasfaltti - tellimine Bornit Baltic kodulehel otse maaletoojalt. Vaata BORNIT\u00ae - Valuasfaltti lisainfot ning k\u00fcsi personaalne pakkumine.\",\"breadcrumb\":{\"@id\":\"https:\/\/bornitbaltic.ee\/fi\/tuotteet\/tienrakennustuotteet\/kuuma-ja-kylmavalumassat\/bornit-valuasfaltti\/#breadcrumb\"},\"inLanguage\":\"fi\",\"potentialAction\":[{\"@type\":\"ReadAction\",\"target\":[\"https:\/\/bornitbaltic.ee\/fi\/tuotteet\/tienrakennustuotteet\/kuuma-ja-kylmavalumassat\/bornit-valuasfaltti\/\"]}]},{\"@type\":\"ImageObject\",\"inLanguage\":\"fi\",\"@id\":\"https:\/\/bornitbaltic.ee\/fi\/tuotteet\/tienrakennustuotteet\/kuuma-ja-kylmavalumassat\/bornit-valuasfaltti\/#primaryimage\",\"url\":\"https:\/\/bornitbaltic.ee\/wp-content\/uploads\/2017\/01\/Produktbild_1-1.png\",\"contentUrl\":\"https:\/\/bornitbaltic.ee\/wp-content\/uploads\/2017\/01\/Produktbild_1-1.png\",\"width\":654,\"height\":350},{\"@type\":\"BreadcrumbList\",\"@id\":\"https:\/\/bornitbaltic.ee\/fi\/tuotteet\/tienrakennustuotteet\/kuuma-ja-kylmavalumassat\/bornit-valuasfaltti\/#breadcrumb\",\"itemListElement\":[{\"@type\":\"ListItem\",\"position\":1,\"name\":\"Home\",\"item\":\"https:\/\/bornitbaltic.ee\/fi\/\"},{\"@type\":\"ListItem\",\"position\":2,\"name\":\"Tuotteet\",\"item\":\"https:\/\/bornitbaltic.ee\/fi\/tuotteiden\/\"},{\"@type\":\"ListItem\",\"position\":3,\"name\":\"BORNIT\u00ae &#8211; Valuasfaltti\"}]},{\"@type\":\"WebSite\",\"@id\":\"https:\/\/bornitbaltic.ee\/#website\",\"url\":\"https:\/\/bornitbaltic.ee\/\",\"name\":\"BornitBaltic\",\"description\":\"BORNIT\u00ae ainuesindaja Baltikumis ja Soomes\",\"potentialAction\":[{\"@type\":\"SearchAction\",\"target\":{\"@type\":\"EntryPoint\",\"urlTemplate\":\"https:\/\/bornitbaltic.ee\/?s={search_term_string}\"},\"query-input\":{\"@type\":\"PropertyValueSpecification\",\"valueRequired\":true,\"valueName\":\"search_term_string\"}}],\"inLanguage\":\"fi\"}]}<\/script>\n<!-- \/ Yoast SEO plugin. -->","yoast_head_json":{"title":"BORNIT\u00ae - Valuasfaltti - Bornit Baltic O\u00dc","description":"BORNIT\u00ae - Valuasfaltti - tellimine Bornit Baltic kodulehel otse maaletoojalt. Vaata BORNIT\u00ae - Valuasfaltti lisainfot ning k\u00fcsi personaalne pakkumine.","robots":{"index":"index","follow":"follow","max-snippet":"max-snippet:-1","max-image-preview":"max-image-preview:large","max-video-preview":"max-video-preview:-1"},"canonical":"https:\/\/bornitbaltic.ee\/fi\/tuotteet\/tienrakennustuotteet\/kuuma-ja-kylmavalumassat\/bornit-valuasfaltti\/","og_locale":"fi_FI","og_type":"article","og_title":"BORNIT\u00ae - Valuasfaltti - Bornit Baltic O\u00dc","og_description":"BORNIT\u00ae - Valuasfaltti - tellimine Bornit Baltic kodulehel otse maaletoojalt. Vaata BORNIT\u00ae - Valuasfaltti lisainfot ning k\u00fcsi personaalne pakkumine.","og_url":"https:\/\/bornitbaltic.ee\/fi\/tuotteet\/tienrakennustuotteet\/kuuma-ja-kylmavalumassat\/bornit-valuasfaltti\/","og_site_name":"BornitBaltic","article_publisher":"http:\/\/www.facebook.com\/bornitbaltic\/","article_modified_time":"2017-01-19T16:25:14+00:00","og_image":[{"width":654,"height":350,"url":"https:\/\/bornitbaltic.ee\/wp-content\/uploads\/2017\/01\/Produktbild_1-1.png","type":"image\/png"}],"twitter_card":"summary_large_image","schema":{"@context":"https:\/\/schema.org","@graph":[{"@type":"WebPage","@id":"https:\/\/bornitbaltic.ee\/fi\/tuotteet\/tienrakennustuotteet\/kuuma-ja-kylmavalumassat\/bornit-valuasfaltti\/","url":"https:\/\/bornitbaltic.ee\/fi\/tuotteet\/tienrakennustuotteet\/kuuma-ja-kylmavalumassat\/bornit-valuasfaltti\/","name":"BORNIT\u00ae - Valuasfaltti - Bornit Baltic O\u00dc","isPartOf":{"@id":"https:\/\/bornitbaltic.ee\/#website"},"primaryImageOfPage":{"@id":"https:\/\/bornitbaltic.ee\/fi\/tuotteet\/tienrakennustuotteet\/kuuma-ja-kylmavalumassat\/bornit-valuasfaltti\/#primaryimage"},"image":{"@id":"https:\/\/bornitbaltic.ee\/fi\/tuotteet\/tienrakennustuotteet\/kuuma-ja-kylmavalumassat\/bornit-valuasfaltti\/#primaryimage"},"thumbnailUrl":"https:\/\/bornitbaltic.ee\/wp-content\/uploads\/2017\/01\/Produktbild_1-1.png","datePublished":"2017-01-05T18:58:30+00:00","dateModified":"2017-01-19T16:25:14+00:00","description":"BORNIT\u00ae - Valuasfaltti - tellimine Bornit Baltic kodulehel otse maaletoojalt. Vaata BORNIT\u00ae - Valuasfaltti lisainfot ning k\u00fcsi personaalne pakkumine.","breadcrumb":{"@id":"https:\/\/bornitbaltic.ee\/fi\/tuotteet\/tienrakennustuotteet\/kuuma-ja-kylmavalumassat\/bornit-valuasfaltti\/#breadcrumb"},"inLanguage":"fi","potentialAction":[{"@type":"ReadAction","target":["https:\/\/bornitbaltic.ee\/fi\/tuotteet\/tienrakennustuotteet\/kuuma-ja-kylmavalumassat\/bornit-valuasfaltti\/"]}]},{"@type":"ImageObject","inLanguage":"fi","@id":"https:\/\/bornitbaltic.ee\/fi\/tuotteet\/tienrakennustuotteet\/kuuma-ja-kylmavalumassat\/bornit-valuasfaltti\/#primaryimage","url":"https:\/\/bornitbaltic.ee\/wp-content\/uploads\/2017\/01\/Produktbild_1-1.png","contentUrl":"https:\/\/bornitbaltic.ee\/wp-content\/uploads\/2017\/01\/Produktbild_1-1.png","width":654,"height":350},{"@type":"BreadcrumbList","@id":"https:\/\/bornitbaltic.ee\/fi\/tuotteet\/tienrakennustuotteet\/kuuma-ja-kylmavalumassat\/bornit-valuasfaltti\/#breadcrumb","itemListElement":[{"@type":"ListItem","position":1,"name":"Home","item":"https:\/\/bornitbaltic.ee\/fi\/"},{"@type":"ListItem","position":2,"name":"Tuotteet","item":"https:\/\/bornitbaltic.ee\/fi\/tuotteiden\/"},{"@type":"ListItem","position":3,"name":"BORNIT\u00ae &#8211; Valuasfaltti"}]},{"@type":"WebSite","@id":"https:\/\/bornitbaltic.ee\/#website","url":"https:\/\/bornitbaltic.ee\/","name":"BornitBaltic","description":"BORNIT\u00ae ainuesindaja Baltikumis ja Soomes","potentialAction":[{"@type":"SearchAction","target":{"@type":"EntryPoint","urlTemplate":"https:\/\/bornitbaltic.ee\/?s={search_term_string}"},"query-input":{"@type":"PropertyValueSpecification","valueRequired":true,"valueName":"search_term_string"}}],"inLanguage":"fi"}]}},"_links":{"self":[{"href":"https:\/\/bornitbaltic.ee\/fi\/wp-json\/wp\/v2\/product\/22039","targetHints":{"allow":["GET"]}}],"collection":[{"href":"https:\/\/bornitbaltic.ee\/fi\/wp-json\/wp\/v2\/product"}],"about":[{"href":"https:\/\/bornitbaltic.ee\/fi\/wp-json\/wp\/v2\/types\/product"}],"wp:featuredmedia":[{"embeddable":true,"href":"https:\/\/bornitbaltic.ee\/fi\/wp-json\/wp\/v2\/media\/24538"}],"wp:attachment":[{"href":"https:\/\/bornitbaltic.ee\/fi\/wp-json\/wp\/v2\/media?parent=22039"}],"wp:term":[{"taxonomy":"product_brand","embeddable":true,"href":"https:\/\/bornitbaltic.ee\/fi\/wp-json\/wp\/v2\/product_brand?post=22039"},{"taxonomy":"product_cat","embeddable":true,"href":"https:\/\/bornitbaltic.ee\/fi\/wp-json\/wp\/v2\/product_cat?post=22039"},{"taxonomy":"product_tag","embeddable":true,"href":"https:\/\/bornitbaltic.ee\/fi\/wp-json\/wp\/v2\/product_tag?post=22039"}],"curies":[{"name":"wp","href":"https:\/\/api.w.org\/{rel}","templated":true}]}}